{"id":702860,"date":"2025-08-27T15:20:06","date_gmt":"2025-08-27T12:20:06","guid":{"rendered":"https:\/\/roveyayinevi.com.tr\/index.php\/urun\/genc-wertherin-acilari-5\/"},"modified":"2026-04-16T02:11:53","modified_gmt":"2026-04-15T23:11:53","slug":"genc-wertherin-acilari-5","status":"publish","type":"product","link":"https:\/\/roveyayinevi.com.tr\/index.php\/urun\/genc-wertherin-acilari-5\/","title":{"rendered":"Gen\u00e7 Werther\u2019in Ac\u0131lar\u0131"},"content":{"rendered":"<p>Gen\u00e7 hukuk\u00e7u Werther, ruhsal bir \u00e7\u00f6k\u00fcnt\u00fc ya\u015fad\u0131\u011f\u0131 \u015fehirden ka\u00e7arak do\u011fan\u0131n i\u00e7indeki bir kasabaya s\u0131\u011f\u0131n\u0131r. Burada soylu gen\u00e7 bir kad\u0131n olan Lotte\u2019ye \u00e2\u015f\u0131k olur. Ancak bu umutsuz bir a\u015fkt\u0131r, Lotte ba\u015fka bir adamla ni\u015fanl\u0131d\u0131r ve onunla evlenir. Werther, Lotte\u2019yle dost olmaya \u00e7al\u0131\u015fsa da bunu ba\u015faramaz. Bunda Lotte\u2019nin, Werther\u2019e kar\u015f\u0131 duydu\u011fu gizli hislerin de su\u00e7u vard\u0131r. Gen\u00e7 kad\u0131n bunu fark etti\u011finde Werther\u2019e bir daha g\u00f6r\u00fc\u015fmek istemedi\u011fini s\u00f6yler. B\u00f6ylece gen\u00e7 Werther\u2019i intihara s\u00fcr\u00fckleyecek s\u00fcre\u00e7 ba\u015flar.              T\u00fcm zamanlar\u0131n en b\u00fcy\u00fck a\u015fk klasiklerinden ve ba\u015fyap\u0131tlar\u0131ndan biri olana Gen\u00e7 Werther\u2019in Ac\u0131lar\u0131, 1774 y\u0131l\u0131nda ilk yay\u0131mland\u0131ktan hemen sonra b\u00fct\u00fcn Alman toplumunu, \u00f6zellikle gen\u00e7 insanlar\u0131 derinden etkilemi\u015f ve o y\u0131llarda Almanya\u2019da pek \u00e7ok intihar olay\u0131 ya\u015fanm\u0131\u015ft\u0131r.              Roman her ne kadar bir a\u015fk roman\u0131 olsa da i\u00e7inde ta\u015f\u0131d\u0131\u011f\u0131 toplumsal ele\u015ftiri de \u00f6nemlidir. Goethe, \u015fehir hayat\u0131n\u0131n y\u0131k\u0131mlar\u0131ndan resmi kurumlar\u0131n tutars\u0131zl\u0131klar\u0131na kadar pek \u00e7ok konuyu ele al\u0131r roman\u0131nda, do\u011faya ve \u00e7ocuklar\u0131n safl\u0131\u011f\u0131na vurgu yapar. Roman, bu a\u00e7\u0131lardan bak\u0131ld\u0131\u011f\u0131nda Romantik D\u00f6nem\u2019in b\u00fct\u00fcn \u00f6zelliklerini ta\u015f\u0131yor.              Gen\u00e7 Werther\u2019in Ac\u0131lar\u0131, 18. y\u00fczy\u0131lda, k\u00f6\u015feye s\u0131k\u0131\u015ft\u0131r\u0131lm\u0131\u015f gen\u00e7 bireyin manifestosu olarak da okunabilir. Ancak b\u00f6yle g\u00f6r\u00fcld\u00fc\u011f\u00fc takdirde bir t\u00fcr \u2018medya\u2019 skandal\u0131na d\u00f6n\u00fc\u015fm\u00fc\u015f bu hacmi k\u00fc\u00e7\u00fck b\u00fcy\u00fck eserin yaratt\u0131\u011f\u0131 etkiler anla\u015f\u0131labilir.<\/p>\n","protected":false},"excerpt":{"rendered":"<p>Gen\u00e7 hukuk\u00e7u Werther, ruhsal bir \u00e7\u00f6k\u00fcnt\u00fc ya\u015fad\u0131\u011f\u0131 \u015fehirden ka\u00e7arak do\u011fan\u0131n i\u00e7indeki bir kasabaya s\u0131\u011f\u0131n\u0131r. Burada soylu gen\u00e7 bir kad\u0131n olan Lotte\u2019ye \u00e2\u015f\u0131k olur. Ancak bu umutsuz<span class=\"excerpt-hellip\"> [\u2026]<\/span><\/p>\n","protected":false},"featured_media":0,"template":"","meta":{"_monsterinsights_skip_tracking":false,"_monsterinsights_sitenote_active":false,"_monsterinsights_sitenote_note":"","_monsterinsights_sitenote_category":0},"product_brand":[],"product_cat":[12782,12291],"product_tag":[],"class_list":{"0":"post-702860","1":"product","2":"type-product","3":"status-publish","5":"product_cat-alman-edebiyati","6":"product_cat-edebiyat","7":"pa_cilt-ciltsiz","8":"pa_tur-kitap","9":"pa_yayinevi-islik-yayinlari","10":"pa_yazar-johann-wolfgang-von-goethe","12":"first","13":"instock","14":"sale","15":"shipping-taxable","16":"purchasable","17":"product-type-simple"},"_links":{"self":[{"href":"https:\/\/roveyayinevi.com.tr\/index.php\/wp-json\/wp\/v2\/product\/702860","targetHints":{"allow":["GET"]}}],"collection":[{"href":"https:\/\/roveyayinevi.com.tr\/index.php\/wp-json\/wp\/v2\/product"}],"about":[{"href":"https:\/\/roveyayinevi.com.tr\/index.php\/wp-json\/wp\/v2\/types\/product"}],"wp:attachment":[{"href":"https:\/\/roveyayinevi.com.tr\/index.php\/wp-json\/wp\/v2\/media?parent=702860"}],"wp:term":[{"taxonomy":"product_brand","embeddable":true,"href":"https:\/\/roveyayinevi.com.tr\/index.php\/wp-json\/wp\/v2\/product_brand?post=702860"},{"taxonomy":"product_cat","embeddable":true,"href":"https:\/\/roveyayinevi.com.tr\/index.php\/wp-json\/wp\/v2\/product_cat?post=702860"},{"taxonomy":"product_tag","embeddable":true,"href":"https:\/\/roveyayinevi.com.tr\/index.php\/wp-json\/wp\/v2\/product_tag?post=702860"}],"curies":[{"name":"wp","href":"https:\/\/api.w.org\/{rel}","templated":true}]}}