{"id":702857,"date":"2025-08-27T15:20:05","date_gmt":"2025-08-27T12:20:05","guid":{"rendered":"https:\/\/roveyayinevi.com.tr\/index.php\/urun\/yuzyillarin-gercegi-ve-mirasi-1-cilt\/"},"modified":"2026-04-16T02:11:53","modified_gmt":"2026-04-15T23:11:53","slug":"yuzyillarin-gercegi-ve-mirasi-1-cilt","status":"publish","type":"product","link":"https:\/\/roveyayinevi.com.tr\/index.php\/urun\/yuzyillarin-gercegi-ve-mirasi-1-cilt\/","title":{"rendered":"Y\u00fczy\u0131llar\u0131n Ger\u00e7e\u011fi ve Miras\u0131 1. Cilt"},"content":{"rendered":"<p>\u0130lk\u00e7a\u011f insanl\u0131\u011f\u0131n s\u0131n\u0131fs\u0131z toplumdan s\u0131n\u0131fl\u0131 toplum d\u00f6nemine ge\u00e7tikten sonraki ilk ve en uzun \u00e7a\u011f\u0131. Binlerce y\u0131l\u0131 kaps\u0131yor. Asl\u0131nda dayan\u0131lmaz ac\u0131larla dolu bir \u00e7a\u011f; s\u0131n\u0131fl\u0131 toplumlar\u0131n en korkun\u00e7 bi\u00e7imi, k\u00f6lelik var \u00e7\u00fcnk\u00fc. Hen\u00fcz b\u00fct\u00fcn insanlar\u0131n insan olarak da tan\u0131nmad\u0131\u011f\u0131 y\u00fczy\u0131llar. Ama insano\u011flu, yaz\u0131 da i\u00e7inde olmak \u00fczere, edebiyattan sanata, bilimden felsefeye de\u011fin, akl\u0131n ve beynin ilk b\u00fcy\u00fck fetihlerini de bu \u00e7a\u011fda yapm\u0131\u015f: \u00d6nlerinde bug\u00fcn de hayranl\u0131k duyup sayg\u0131yla e\u011fildi\u011fimiz fetihler bunlar. \ufffcTan\u0131t\u0131m Metni<\/p>\n","protected":false},"excerpt":{"rendered":"<p>\u0130lk\u00e7a\u011f insanl\u0131\u011f\u0131n s\u0131n\u0131fs\u0131z toplumdan s\u0131n\u0131fl\u0131 toplum d\u00f6nemine ge\u00e7tikten sonraki ilk ve en uzun \u00e7a\u011f\u0131. Binlerce y\u0131l\u0131 kaps\u0131yor. Asl\u0131nda dayan\u0131lmaz ac\u0131larla dolu bir \u00e7a\u011f; s\u0131n\u0131fl\u0131 toplumlar\u0131n en<span class=\"excerpt-hellip\"> [\u2026]<\/span><\/p>\n","protected":false},"featured_media":0,"template":"","meta":{"_monsterinsights_skip_tracking":false,"_monsterinsights_sitenote_active":false,"_monsterinsights_sitenote_note":"","_monsterinsights_sitenote_category":0},"product_brand":[],"product_cat":[13590,12337],"product_tag":[],"class_list":{"0":"post-702857","1":"product","2":"type-product","3":"status-publish","5":"product_cat-arastirma-inceleme-politika-siyaset","6":"product_cat-politika-siyaset","7":"pa_cilt-ciltsiz","8":"pa_tur-kitap","9":"pa_yayinevi-is-bankasi-kultur-yayinlari","10":"pa_yazar-server-tanilli","12":"first","13":"instock","14":"sale","15":"shipping-taxable","16":"purchasable","17":"product-type-simple"},"_links":{"self":[{"href":"https:\/\/roveyayinevi.com.tr\/index.php\/wp-json\/wp\/v2\/product\/702857","targetHints":{"allow":["GET"]}}],"collection":[{"href":"https:\/\/roveyayinevi.com.tr\/index.php\/wp-json\/wp\/v2\/product"}],"about":[{"href":"https:\/\/roveyayinevi.com.tr\/index.php\/wp-json\/wp\/v2\/types\/product"}],"wp:attachment":[{"href":"https:\/\/roveyayinevi.com.tr\/index.php\/wp-json\/wp\/v2\/media?parent=702857"}],"wp:term":[{"taxonomy":"product_brand","embeddable":true,"href":"https:\/\/roveyayinevi.com.tr\/index.php\/wp-json\/wp\/v2\/product_brand?post=702857"},{"taxonomy":"product_cat","embeddable":true,"href":"https:\/\/roveyayinevi.com.tr\/index.php\/wp-json\/wp\/v2\/product_cat?post=702857"},{"taxonomy":"product_tag","embeddable":true,"href":"https:\/\/roveyayinevi.com.tr\/index.php\/wp-json\/wp\/v2\/product_tag?post=702857"}],"curies":[{"name":"wp","href":"https:\/\/api.w.org\/{rel}","templated":true}]}}