{"id":702856,"date":"2025-08-27T15:20:04","date_gmt":"2025-08-27T12:20:04","guid":{"rendered":"https:\/\/roveyayinevi.com.tr\/index.php\/urun\/noktalari-birlestiriyorum-mavi-kitap\/"},"modified":"2026-04-16T02:11:53","modified_gmt":"2026-04-15T23:11:53","slug":"noktalari-birlestiriyorum-mavi-kitap","status":"publish","type":"product","link":"https:\/\/roveyayinevi.com.tr\/index.php\/urun\/noktalari-birlestiriyorum-mavi-kitap\/","title":{"rendered":"Noktalar\u0131 Birle\u015ftiriyorum : Mavi Kitap"},"content":{"rendered":"<p>Alfabedeki harfleri biliyor musun? 1&#8217;den 100&#8217;e kadar sayabilir misin? Noktalan birle\u015ftirerek bu kitaptaki t\u00fcm resimleri tamamla. Labirentlerin \u00e7\u0131k\u0131\u015f\u0131n\u0131 bul! \u0130yi e\u011flenceler! <\/p>\n","protected":false},"excerpt":{"rendered":"<p>Alfabedeki harfleri biliyor musun? 1&#8217;den 100&#8217;e kadar sayabilir misin? Noktalan birle\u015ftirerek bu kitaptaki t\u00fcm resimleri tamamla. Labirentlerin \u00e7\u0131k\u0131\u015f\u0131n\u0131 bul! \u0130yi e\u011flenceler!<\/p>\n","protected":false},"featured_media":0,"template":"","meta":{"_monsterinsights_skip_tracking":false,"_monsterinsights_sitenote_active":false,"_monsterinsights_sitenote_note":"","_monsterinsights_sitenote_category":0},"product_brand":[],"product_cat":[12492,12274],"product_tag":[],"class_list":{"0":"post-702856","1":"product","2":"type-product","3":"status-publish","5":"product_cat-bilmece-bulmaca","6":"product_cat-cocuk-ve-genclik-kitaplari","7":"pa_tur-kitap","8":"pa_yayinevi-parilti-yayinlari","9":"pa_yazar-kolektif","11":"first","12":"instock","13":"sale","14":"shipping-taxable","15":"purchasable","16":"product-type-simple"},"_links":{"self":[{"href":"https:\/\/roveyayinevi.com.tr\/index.php\/wp-json\/wp\/v2\/product\/702856","targetHints":{"allow":["GET"]}}],"collection":[{"href":"https:\/\/roveyayinevi.com.tr\/index.php\/wp-json\/wp\/v2\/product"}],"about":[{"href":"https:\/\/roveyayinevi.com.tr\/index.php\/wp-json\/wp\/v2\/types\/product"}],"wp:attachment":[{"href":"https:\/\/roveyayinevi.com.tr\/index.php\/wp-json\/wp\/v2\/media?parent=702856"}],"wp:term":[{"taxonomy":"product_brand","embeddable":true,"href":"https:\/\/roveyayinevi.com.tr\/index.php\/wp-json\/wp\/v2\/product_brand?post=702856"},{"taxonomy":"product_cat","embeddable":true,"href":"https:\/\/roveyayinevi.com.tr\/index.php\/wp-json\/wp\/v2\/product_cat?post=702856"},{"taxonomy":"product_tag","embeddable":true,"href":"https:\/\/roveyayinevi.com.tr\/index.php\/wp-json\/wp\/v2\/product_tag?post=702856"}],"curies":[{"name":"wp","href":"https:\/\/api.w.org\/{rel}","templated":true}]}}