{"id":702851,"date":"2025-08-27T15:20:02","date_gmt":"2025-08-27T12:20:02","guid":{"rendered":"https:\/\/roveyayinevi.com.tr\/index.php\/urun\/hapishane-defterleri-3-cilt-ciltli\/"},"modified":"2026-01-23T02:15:55","modified_gmt":"2026-01-22T23:15:55","slug":"hapishane-defterleri-3-cilt-ciltli","status":"publish","type":"product","link":"https:\/\/roveyayinevi.com.tr\/index.php\/urun\/hapishane-defterleri-3-cilt-ciltli\/","title":{"rendered":"Hapishane Defterleri 3. Cilt &#8211; Ciltli"},"content":{"rendered":"<p>Gramsci\u2019nin d\u00fc\u015f\u00fcncesini ve Hapishane Defterleri\u2019nin karma\u015f\u0131k olu\u015fum s\u00fcre\u00e7lerini hi\u00e7 kimse Valentino Gerratana ve Antonio Santucci kadar iyi anlamam\u0131\u015ft\u0131r. Bu edisyonun ilk iki cildini haz\u0131rlarken onlar\u0131n uzmanl\u0131\u011f\u0131ndan ve \u00f6\u011f\u00fctlerinden fazlas\u0131yla faydaland\u0131m. Ne keder ki, her ikisi de erkenden g\u00f6\u00e7\u00fcp gittiler fakat bu cildin metin tenkidini in\u015fa ederken yine de Gramsci\u2019nin fikirlerini tart\u0131\u015fmak ve metnini anlamak i\u00e7in birlikte harcad\u0131\u011f\u0131m\u0131z saatler i\u00e7erisinde bana verdikleri bilgileri ve g\u00f6r\u00fc\u015fleri kulland\u0131m. -Joseph A. Buttigieg- Hapishane Defterleri, modern d\u00fc\u015f\u00fcncenin en temel metinlerinden biridir. Bu eserde siyaset, k\u00fclt\u00fcrel \u00e7al\u0131\u015fmalar, felsefe, tarih, diyalektik vard\u0131r. Joseph A. Buttigieg\u2019in \u00e7al\u0131\u015fmas\u0131 inan\u0131lmaz bir ba\u015far\u0131d\u0131r. -Fredric Jameson Gramsci, modern \u0130talyan entelekt\u00fcel tarihinin en \u00f6nemli ve uluslararas\u0131 alandaki en etkin ki\u015filiklerinden biridir. Hapishane Defterleri yirminci y\u00fczy\u0131l\u0131n en orijinal ve en anla\u015f\u0131l\u0131r Marksist d\u00fc\u015f\u00fcn\u00fc\u015f\u00fcn\u00fc i\u00e7ermektedir, \u00fcstelik bu defa ustal\u0131kl\u0131 bir edisyon ve terc\u00fcme e\u015fli\u011finde. -Eric Hobsbawm \ufffcTan\u0131t\u0131m Metni<\/p>\n","protected":false},"excerpt":{"rendered":"<p>Gramsci\u2019nin d\u00fc\u015f\u00fcncesini ve Hapishane Defterleri\u2019nin karma\u015f\u0131k olu\u015fum s\u00fcre\u00e7lerini hi\u00e7 kimse Valentino Gerratana ve Antonio Santucci kadar iyi anlamam\u0131\u015ft\u0131r. Bu edisyonun ilk iki cildini haz\u0131rlarken onlar\u0131n uzmanl\u0131\u011f\u0131ndan<span class=\"excerpt-hellip\"> [\u2026]<\/span><\/p>\n","protected":false},"featured_media":0,"template":"","meta":{"_monsterinsights_skip_tracking":false,"_monsterinsights_sitenote_active":false,"_monsterinsights_sitenote_note":"","_monsterinsights_sitenote_category":0},"product_brand":[],"product_cat":[12312,12304],"product_tag":[],"class_list":{"0":"post-702851","1":"product","2":"type-product","3":"status-publish","5":"product_cat-diger","6":"product_cat-tarih","7":"pa_cilt-ciltli","8":"pa_tur-kitap","9":"pa_yayinevi-kalkedon-yayincilik","10":"pa_yazar-antonio-gramsci","12":"first","13":"instock","14":"sale","15":"shipping-taxable","16":"purchasable","17":"product-type-simple"},"_links":{"self":[{"href":"https:\/\/roveyayinevi.com.tr\/index.php\/wp-json\/wp\/v2\/product\/702851","targetHints":{"allow":["GET"]}}],"collection":[{"href":"https:\/\/roveyayinevi.com.tr\/index.php\/wp-json\/wp\/v2\/product"}],"about":[{"href":"https:\/\/roveyayinevi.com.tr\/index.php\/wp-json\/wp\/v2\/types\/product"}],"wp:attachment":[{"href":"https:\/\/roveyayinevi.com.tr\/index.php\/wp-json\/wp\/v2\/media?parent=702851"}],"wp:term":[{"taxonomy":"product_brand","embeddable":true,"href":"https:\/\/roveyayinevi.com.tr\/index.php\/wp-json\/wp\/v2\/product_brand?post=702851"},{"taxonomy":"product_cat","embeddable":true,"href":"https:\/\/roveyayinevi.com.tr\/index.php\/wp-json\/wp\/v2\/product_cat?post=702851"},{"taxonomy":"product_tag","embeddable":true,"href":"https:\/\/roveyayinevi.com.tr\/index.php\/wp-json\/wp\/v2\/product_tag?post=702851"}],"curies":[{"name":"wp","href":"https:\/\/api.w.org\/{rel}","templated":true}]}}