{"id":702844,"date":"2025-08-27T15:19:59","date_gmt":"2025-08-27T12:19:59","guid":{"rendered":"https:\/\/roveyayinevi.com.tr\/index.php\/urun\/bir-kadinin-yasamindan-yirmi-dort-saat\/"},"modified":"2026-04-16T02:11:53","modified_gmt":"2026-04-15T23:11:53","slug":"bir-kadinin-yasamindan-yirmi-dort-saat","status":"publish","type":"product","link":"https:\/\/roveyayinevi.com.tr\/index.php\/urun\/bir-kadinin-yasamindan-yirmi-dort-saat\/","title":{"rendered":"Bir Kad\u0131n\u0131n Ya\u015fam\u0131ndan Yirmi D\u00f6rt Saat"},"content":{"rendered":"<p>Zweig bu novellas\u0131\u2019nda bir kad\u0131n\u0131n ya\u015fam\u0131n\u0131 b\u00fct\u00fcn\u00fcyle de\u011fi\u015ftiren yirmi d\u00f6rt saatlik deneyimini anlat\u0131rken, insanda i\u00e7kin saplant\u0131lar\u0131n ve dayan\u0131lmaz arzular\u0131n s\u0131n\u0131rlar\u0131nda gezinir. \u00d6zg\u00fcrce ve tutkuyla i\u00e7g\u00fcd\u00fclerinin pe\u015fine tak\u0131lan bir kad\u0131n\u0131n bu k\u0131sa ve yo\u011fun hikayesi, kad\u0131n kalbinin s\u0131rlar\u0131na ermi\u015f ustan\u0131n kaleminde ola\u011fan\u00fcst\u00fc bir anlat\u0131ya d\u00f6n\u00fc\u015f\u00fcr. Yap\u0131t\u0131 i\u00e7in mek\u00e2n olarak muhte\u015fem atmosferiyle Frans\u0131z Riviera\u2019s\u0131n\u0131 se\u00e7en Zweig, 1920\u2019li y\u0131llar\u0131n sonlar\u0131nda Avrupa\u2019n\u0131n \u201ckibar\u201d tabakas\u0131n\u0131n ikiy\u00fczl\u00fc ahlak anlay\u0131\u015f\u0131na y\u00f6nelik ele\u015ftirel tavr\u0131yla dikkat \u00e7eker. <\/p>\n","protected":false},"excerpt":{"rendered":"<p>Zweig bu novellas\u0131\u2019nda bir kad\u0131n\u0131n ya\u015fam\u0131n\u0131 b\u00fct\u00fcn\u00fcyle de\u011fi\u015ftiren yirmi d\u00f6rt saatlik deneyimini anlat\u0131rken, insanda i\u00e7kin saplant\u0131lar\u0131n ve dayan\u0131lmaz arzular\u0131n s\u0131n\u0131rlar\u0131nda gezinir. \u00d6zg\u00fcrce ve tutkuyla i\u00e7g\u00fcd\u00fclerinin pe\u015fine<span class=\"excerpt-hellip\"> [\u2026]<\/span><\/p>\n","protected":false},"featured_media":0,"template":"","meta":{"_monsterinsights_skip_tracking":false,"_monsterinsights_sitenote_active":false,"_monsterinsights_sitenote_note":"","_monsterinsights_sitenote_category":0},"product_brand":[],"product_cat":[12782,12291],"product_tag":[],"class_list":{"0":"post-702844","1":"product","2":"type-product","3":"status-publish","5":"product_cat-alman-edebiyati","6":"product_cat-edebiyat","7":"pa_cilt-ciltsiz","8":"pa_tur-kitap","9":"pa_yayinevi-is-bankasi-kultur-yayinlari","10":"pa_yazar-stefan-zweig","12":"first","13":"instock","14":"sale","15":"shipping-taxable","16":"purchasable","17":"product-type-simple"},"_links":{"self":[{"href":"https:\/\/roveyayinevi.com.tr\/index.php\/wp-json\/wp\/v2\/product\/702844","targetHints":{"allow":["GET"]}}],"collection":[{"href":"https:\/\/roveyayinevi.com.tr\/index.php\/wp-json\/wp\/v2\/product"}],"about":[{"href":"https:\/\/roveyayinevi.com.tr\/index.php\/wp-json\/wp\/v2\/types\/product"}],"wp:attachment":[{"href":"https:\/\/roveyayinevi.com.tr\/index.php\/wp-json\/wp\/v2\/media?parent=702844"}],"wp:term":[{"taxonomy":"product_brand","embeddable":true,"href":"https:\/\/roveyayinevi.com.tr\/index.php\/wp-json\/wp\/v2\/product_brand?post=702844"},{"taxonomy":"product_cat","embeddable":true,"href":"https:\/\/roveyayinevi.com.tr\/index.php\/wp-json\/wp\/v2\/product_cat?post=702844"},{"taxonomy":"product_tag","embeddable":true,"href":"https:\/\/roveyayinevi.com.tr\/index.php\/wp-json\/wp\/v2\/product_tag?post=702844"}],"curies":[{"name":"wp","href":"https:\/\/api.w.org\/{rel}","templated":true}]}}