{"id":702843,"date":"2025-08-27T15:19:58","date_gmt":"2025-08-27T12:19:58","guid":{"rendered":"https:\/\/roveyayinevi.com.tr\/index.php\/urun\/hayvancilik-sektorunde-maliyet-hacim-kar-analizi\/"},"modified":"2026-04-16T02:11:53","modified_gmt":"2026-04-15T23:11:53","slug":"hayvancilik-sektorunde-maliyet-hacim-kar-analizi","status":"publish","type":"product","link":"https:\/\/roveyayinevi.com.tr\/index.php\/urun\/hayvancilik-sektorunde-maliyet-hacim-kar-analizi\/","title":{"rendered":"Hayvanc\u0131l\u0131k Sekt\u00f6r\u00fcnde Maliyet, Hacim, Kar Analizi"},"content":{"rendered":"<p>Hayvanc\u0131l\u0131k sekt\u00f6r\u00fc ile ilgili genel bilgiler Yat\u0131r\u0131m kavram\u0131 ve hayvanc\u0131l\u0131k sekt\u00f6r\u00fcnde yat\u0131r\u0131m kararlar\u0131 Farkl\u0131 b\u00fcy\u00fckl\u00fckteki s\u00fct \u00fcretim i\u015fletmelerinde \u00fcretim maliyetlerinin belirlenmesi Farkl\u0131 b\u00fcy\u00fckl\u00fckteki et \u00fcretim i\u015fletmelerinde \u00fcretim maliyetinin belirlenmesi Maliyet-Hacim-Kar Analizi ve yat\u0131r\u0131m alternatiflerinin de\u011ferlendirilmesi\u0130\u00c7\u0130NDEK\u0130LER B\u0130R\u0130NC\u0130 B\u00d6L\u00dcM HAYVANCILIK SEKT\u00d6R\u00dc \u0130LE \u0130LG\u0130L\u0130 GENEL B\u0130LG\u0130LER \u0130K\u0130NC\u0130 B\u00d6L\u00dcM YATIRIM KAVRAMI VE HAYVANCILIK SEKT\u00d6R\u00dcNDE YATIRIM KARARLARI \u00dc\u00c7\u00dcNC\u00dc B\u00d6L\u00dcM FARKLI B\u00dcY\u00dcKL\u00dcKTEK\u0130 S\u00dcT \u00dcRET\u0130M \u0130\u015eLETMELER\u0130NDE \u00dcRET\u0130M MAL\u0130YETLER\u0130N\u0130N BEL\u0130RLENMES\u0130 D\u00d6RD\u00dcNC\u00dc B\u00d6L\u00dcM FARKLI B\u00dcY\u00dcKL\u00dcKTEK\u0130 ET \u00dcRET\u0130M \u0130\u015eLETMELER\u0130NDE \u00dcRET\u0130M MAL\u0130YETLER\u0130N\u0130N BEL\u0130RLENMES\u0130 BE\u015e\u0130NC\u0130 B\u00d6L\u00dcM MAL\u0130YET-HAC\u0130M-KAR ANAL\u0130Z\u0130 VE YATIRIM ALTERNAT\u0130FLER\u0130N\u0130N DE\u011eERLEND\u0130R\u0130LMES\u0130 TABLOLAR L\u0130STES\u0130 \u015eEK\u0130LLER L\u0130STES\u0130 KISALTMALAR L\u0130STES\u0130 <\/p>\n","protected":false},"excerpt":{"rendered":"<p>Hayvanc\u0131l\u0131k sekt\u00f6r\u00fc ile ilgili genel bilgiler Yat\u0131r\u0131m kavram\u0131 ve hayvanc\u0131l\u0131k sekt\u00f6r\u00fcnde yat\u0131r\u0131m kararlar\u0131 Farkl\u0131 b\u00fcy\u00fckl\u00fckteki s\u00fct \u00fcretim i\u015fletmelerinde \u00fcretim maliyetlerinin belirlenmesi Farkl\u0131 b\u00fcy\u00fckl\u00fckteki et \u00fcretim i\u015fletmelerinde<span class=\"excerpt-hellip\"> [\u2026]<\/span><\/p>\n","protected":false},"featured_media":0,"template":"","meta":{"_monsterinsights_skip_tracking":false,"_monsterinsights_sitenote_active":false,"_monsterinsights_sitenote_note":"","_monsterinsights_sitenote_category":0},"product_brand":[],"product_cat":[12573,12566],"product_tag":[],"class_list":{"0":"post-702843","1":"product","2":"type-product","3":"status-publish","5":"product_cat-akademik-kitaplar","6":"product_cat-egitim","7":"pa_cilt-ciltsiz","8":"pa_tur-kitap","9":"pa_yayinevi-gazi-kitabevi","10":"pa_yazar-tansel-hacihasanoglu","12":"first","13":"instock","14":"sale","15":"shipping-taxable","16":"purchasable","17":"product-type-simple"},"_links":{"self":[{"href":"https:\/\/roveyayinevi.com.tr\/index.php\/wp-json\/wp\/v2\/product\/702843","targetHints":{"allow":["GET"]}}],"collection":[{"href":"https:\/\/roveyayinevi.com.tr\/index.php\/wp-json\/wp\/v2\/product"}],"about":[{"href":"https:\/\/roveyayinevi.com.tr\/index.php\/wp-json\/wp\/v2\/types\/product"}],"wp:attachment":[{"href":"https:\/\/roveyayinevi.com.tr\/index.php\/wp-json\/wp\/v2\/media?parent=702843"}],"wp:term":[{"taxonomy":"product_brand","embeddable":true,"href":"https:\/\/roveyayinevi.com.tr\/index.php\/wp-json\/wp\/v2\/product_brand?post=702843"},{"taxonomy":"product_cat","embeddable":true,"href":"https:\/\/roveyayinevi.com.tr\/index.php\/wp-json\/wp\/v2\/product_cat?post=702843"},{"taxonomy":"product_tag","embeddable":true,"href":"https:\/\/roveyayinevi.com.tr\/index.php\/wp-json\/wp\/v2\/product_tag?post=702843"}],"curies":[{"name":"wp","href":"https:\/\/api.w.org\/{rel}","templated":true}]}}