{"id":702842,"date":"2025-08-27T15:19:58","date_gmt":"2025-08-27T12:19:58","guid":{"rendered":"https:\/\/roveyayinevi.com.tr\/index.php\/urun\/sam-tarihine-zeyl-1-ve-2-hacli-seferleri-donemi\/"},"modified":"2026-04-16T02:11:53","modified_gmt":"2026-04-15T23:11:53","slug":"sam-tarihine-zeyl-1-ve-2-hacli-seferleri-donemi","status":"publish","type":"product","link":"https:\/\/roveyayinevi.com.tr\/index.php\/urun\/sam-tarihine-zeyl-1-ve-2-hacli-seferleri-donemi\/","title":{"rendered":"\u015eam Tarihine Zeyl : 1. ve 2. Ha\u00e7l\u0131 Seferleri D\u00f6nemi"},"content":{"rendered":"<p>Eb\u00fb Ya\u2019la Hamza \u0130bn Esad et-Tam\u00eem\u00ee \u0130bn Kal\u00e2nis\u00ee (1073-1160): En \u00fcst d\u00fczeyde d\u0131\u015fi\u015fleri yetkilisi say\u0131labilecek D\u00eevan\u00fc\u2019r-Res\u00e2il makam\u0131na kadar y\u00fckselmi\u015f olan yazar, ya\u015fad\u0131\u011f\u0131 d\u00f6nemde \u015eam\u2019\u0131n iyi e\u011fitim alm\u0131\u015f soylular\u0131ndand\u0131r. \u00c7e\u015fitli idari g\u00f6revler \u00fcstlenmi\u015f, siyaset adam\u0131 ve vakan\u00fcvis olarak tan\u0131nm\u0131\u015ft\u0131r. Hil\u00e2l es-S\u00e2b\u00ee\u2019nin Tarih\u2019ine bir ek olarak yazd\u0131\u011f\u0131 \u015eam Tarihine Zeyl 12. y\u00fczy\u0131l\u0131n kaotik ortam\u0131ndan g\u00fcn\u00fcm\u00fcze ula\u015fan en \u00f6nemli kroniklerdendir. I. ve II. Ha\u00e7l\u0131 Seferleri hakk\u0131nda Arap\u00e7a yaz\u0131lm\u0131\u015f en erken kronik olmas\u0131 ise esere ayr\u0131 bir \u00f6nem kazand\u0131rmaktad\u0131r. \ufffcTan\u0131t\u0131m Metni<\/p>\n","protected":false},"excerpt":{"rendered":"<p>Eb\u00fb Ya\u2019la Hamza \u0130bn Esad et-Tam\u00eem\u00ee \u0130bn Kal\u00e2nis\u00ee (1073-1160): En \u00fcst d\u00fczeyde d\u0131\u015fi\u015fleri yetkilisi say\u0131labilecek D\u00eevan\u00fc\u2019r-Res\u00e2il makam\u0131na kadar y\u00fckselmi\u015f olan yazar, ya\u015fad\u0131\u011f\u0131 d\u00f6nemde \u015eam\u2019\u0131n iyi e\u011fitim<span class=\"excerpt-hellip\"> [\u2026]<\/span><\/p>\n","protected":false},"featured_media":0,"template":"","meta":{"_monsterinsights_skip_tracking":false,"_monsterinsights_sitenote_active":false,"_monsterinsights_sitenote_note":"","_monsterinsights_sitenote_category":0},"product_brand":[],"product_cat":[12305,12304],"product_tag":[],"class_list":{"0":"post-702842","1":"product","2":"type-product","3":"status-publish","5":"product_cat-dunya-tarihi","6":"product_cat-tarih","7":"pa_cilt-ciltsiz","8":"pa_tur-kitap","9":"pa_yayinevi-is-bankasi-kultur-yayinlari","10":"pa_yazar-ibn-kalanisi","12":"first","13":"instock","14":"sale","15":"shipping-taxable","16":"purchasable","17":"product-type-simple"},"_links":{"self":[{"href":"https:\/\/roveyayinevi.com.tr\/index.php\/wp-json\/wp\/v2\/product\/702842","targetHints":{"allow":["GET"]}}],"collection":[{"href":"https:\/\/roveyayinevi.com.tr\/index.php\/wp-json\/wp\/v2\/product"}],"about":[{"href":"https:\/\/roveyayinevi.com.tr\/index.php\/wp-json\/wp\/v2\/types\/product"}],"wp:attachment":[{"href":"https:\/\/roveyayinevi.com.tr\/index.php\/wp-json\/wp\/v2\/media?parent=702842"}],"wp:term":[{"taxonomy":"product_brand","embeddable":true,"href":"https:\/\/roveyayinevi.com.tr\/index.php\/wp-json\/wp\/v2\/product_brand?post=702842"},{"taxonomy":"product_cat","embeddable":true,"href":"https:\/\/roveyayinevi.com.tr\/index.php\/wp-json\/wp\/v2\/product_cat?post=702842"},{"taxonomy":"product_tag","embeddable":true,"href":"https:\/\/roveyayinevi.com.tr\/index.php\/wp-json\/wp\/v2\/product_tag?post=702842"}],"curies":[{"name":"wp","href":"https:\/\/api.w.org\/{rel}","templated":true}]}}