{"id":702840,"date":"2025-08-27T15:19:56","date_gmt":"2025-08-27T12:19:56","guid":{"rendered":"https:\/\/roveyayinevi.com.tr\/index.php\/urun\/dava-5\/"},"modified":"2026-04-16T02:11:53","modified_gmt":"2026-04-15T23:11:53","slug":"dava-5","status":"publish","type":"product","link":"https:\/\/roveyayinevi.com.tr\/index.php\/urun\/dava-5\/","title":{"rendered":"Dava"},"content":{"rendered":"<p>Dava yaz\u0131l\u0131\u015f\u0131ndan bir s\u00fcre sonra d\u00fcnya sahnesine \u00e7\u0131kan, yurtta\u015fl\u0131k haklar\u0131n\u0131n ask\u0131ya al\u0131nd\u0131\u011f\u0131, bir sivil itaatsizlik imas\u0131n\u0131n dahi zul\u00fcmle kar\u015f\u0131land\u0131\u011f\u0131 totaliter rejimlere dair bir \u00f6ng\u00f6r\u00fc ve ele\u015ftiri olarak yorumlan\u0131r \u00e7o\u011funlukla. Nazi Almanya\u2019s\u0131na dair bir \u201c\u00f6nsezi\u201d bar\u0131nd\u0131rd\u0131\u011f\u0131 s\u00f6ylenebilir belki. Eri\u015filmez bir otorite taraf\u0131ndan y\u00f6neltilen ve ne oldu\u011fu hi\u00e7bir zaman a\u00e7\u0131klanmayan bir su\u00e7lamayla kar\u015f\u0131 kar\u015f\u0131ya kalan Josef K.\u2019n\u0131n davas\u0131nda, mahkemeye dinsel ya da metafizik bir otorite de atfedilebilir. \ufffcTan\u0131t\u0131m Metni<\/p>\n","protected":false},"excerpt":{"rendered":"<p>Dava yaz\u0131l\u0131\u015f\u0131ndan bir s\u00fcre sonra d\u00fcnya sahnesine \u00e7\u0131kan, yurtta\u015fl\u0131k haklar\u0131n\u0131n ask\u0131ya al\u0131nd\u0131\u011f\u0131, bir sivil itaatsizlik imas\u0131n\u0131n dahi zul\u00fcmle kar\u015f\u0131land\u0131\u011f\u0131 totaliter rejimlere dair bir \u00f6ng\u00f6r\u00fc ve ele\u015ftiri<span class=\"excerpt-hellip\"> [\u2026]<\/span><\/p>\n","protected":false},"featured_media":0,"template":"","meta":{"_monsterinsights_skip_tracking":false,"_monsterinsights_sitenote_active":false,"_monsterinsights_sitenote_note":"","_monsterinsights_sitenote_category":0},"product_brand":[],"product_cat":[12782,12291],"product_tag":[],"class_list":{"0":"post-702840","1":"product","2":"type-product","3":"status-publish","5":"product_cat-alman-edebiyati","6":"product_cat-edebiyat","7":"pa_cilt-ciltsiz","8":"pa_tur-kitap","9":"pa_yayinevi-is-bankasi-kultur-yayinlari","10":"pa_yazar-franz-kafka","12":"first","13":"instock","14":"sale","15":"shipping-taxable","16":"purchasable","17":"product-type-simple"},"_links":{"self":[{"href":"https:\/\/roveyayinevi.com.tr\/index.php\/wp-json\/wp\/v2\/product\/702840","targetHints":{"allow":["GET"]}}],"collection":[{"href":"https:\/\/roveyayinevi.com.tr\/index.php\/wp-json\/wp\/v2\/product"}],"about":[{"href":"https:\/\/roveyayinevi.com.tr\/index.php\/wp-json\/wp\/v2\/types\/product"}],"wp:attachment":[{"href":"https:\/\/roveyayinevi.com.tr\/index.php\/wp-json\/wp\/v2\/media?parent=702840"}],"wp:term":[{"taxonomy":"product_brand","embeddable":true,"href":"https:\/\/roveyayinevi.com.tr\/index.php\/wp-json\/wp\/v2\/product_brand?post=702840"},{"taxonomy":"product_cat","embeddable":true,"href":"https:\/\/roveyayinevi.com.tr\/index.php\/wp-json\/wp\/v2\/product_cat?post=702840"},{"taxonomy":"product_tag","embeddable":true,"href":"https:\/\/roveyayinevi.com.tr\/index.php\/wp-json\/wp\/v2\/product_tag?post=702840"}],"curies":[{"name":"wp","href":"https:\/\/api.w.org\/{rel}","templated":true}]}}