{"id":702838,"date":"2025-08-27T15:19:55","date_gmt":"2025-08-27T12:19:55","guid":{"rendered":"https:\/\/roveyayinevi.com.tr\/index.php\/urun\/canakkale-ruhu\/"},"modified":"2026-04-16T02:11:53","modified_gmt":"2026-04-15T23:11:53","slug":"canakkale-ruhu","status":"publish","type":"product","link":"https:\/\/roveyayinevi.com.tr\/index.php\/urun\/canakkale-ruhu\/","title":{"rendered":"\u00c7anakkale Ruhu"},"content":{"rendered":"<p>Art\u0131k t\u00fckendi\u011fi, tarihten silinece\u011fi d\u00fc\u015f\u00fcn\u00fclen Osmanl\u0131 Devleti\u2019nin, \u00fczerindeki tozlar\u0131 silkerek aya\u011fa kalk\u0131\u015f\u0131ndan bug\u00fcne tam 100 y\u0131l geride kald\u0131. Ancak tarihte bu kadar kritik bir rol\u00fc olan \u00c7anakkale Sava\u015f\u0131\u2019na son y\u0131llarda g\u00f6sterilen ilgiye ra\u011fmen h\u00e2l\u00e2 sava\u015f\u0131n k\u0131ymeti, nedeni ve ni\u00e7ini tam anlam\u0131yla anla\u015f\u0131lamam\u0131\u015ft\u0131r. \u00d6yle ki sava\u015fla ilgili tart\u0131\u015fmalar hep kabu\u011fa tak\u0131lm\u0131\u015f, bir t\u00fcrl\u00fc \u00f6ze inememi\u015ftir. Ard\u0131ndan k\u00fcllerinden do\u011fan yeni T\u00fcrkiye ve yeni neslin de \u00c7anakkale Zaferi\u2019nin 100. y\u0131l\u0131nda bu zaferi ne kadar anlayabildi\u011fi de tart\u0131\u015fmal\u0131 bir mevzudur. <\/p>\n","protected":false},"excerpt":{"rendered":"<p>Art\u0131k t\u00fckendi\u011fi, tarihten silinece\u011fi d\u00fc\u015f\u00fcn\u00fclen Osmanl\u0131 Devleti\u2019nin, \u00fczerindeki tozlar\u0131 silkerek aya\u011fa kalk\u0131\u015f\u0131ndan bug\u00fcne tam 100 y\u0131l geride kald\u0131. Ancak tarihte bu kadar kritik bir rol\u00fc olan<span class=\"excerpt-hellip\"> [\u2026]<\/span><\/p>\n","protected":false},"featured_media":0,"template":"","meta":{"_monsterinsights_skip_tracking":false,"_monsterinsights_sitenote_active":false,"_monsterinsights_sitenote_note":"","_monsterinsights_sitenote_category":0},"product_brand":[],"product_cat":[12370,12304],"product_tag":[],"class_list":{"0":"post-702838","1":"product","2":"type-product","3":"status-publish","5":"product_cat-arastirma-inceleme","6":"product_cat-tarih","7":"pa_tur-kitap","8":"pa_yayinevi-timas-yayinlari","9":"pa_yazar-halil-ersin-avci","11":"first","12":"instock","13":"sale","14":"shipping-taxable","15":"purchasable","16":"product-type-simple"},"_links":{"self":[{"href":"https:\/\/roveyayinevi.com.tr\/index.php\/wp-json\/wp\/v2\/product\/702838","targetHints":{"allow":["GET"]}}],"collection":[{"href":"https:\/\/roveyayinevi.com.tr\/index.php\/wp-json\/wp\/v2\/product"}],"about":[{"href":"https:\/\/roveyayinevi.com.tr\/index.php\/wp-json\/wp\/v2\/types\/product"}],"wp:attachment":[{"href":"https:\/\/roveyayinevi.com.tr\/index.php\/wp-json\/wp\/v2\/media?parent=702838"}],"wp:term":[{"taxonomy":"product_brand","embeddable":true,"href":"https:\/\/roveyayinevi.com.tr\/index.php\/wp-json\/wp\/v2\/product_brand?post=702838"},{"taxonomy":"product_cat","embeddable":true,"href":"https:\/\/roveyayinevi.com.tr\/index.php\/wp-json\/wp\/v2\/product_cat?post=702838"},{"taxonomy":"product_tag","embeddable":true,"href":"https:\/\/roveyayinevi.com.tr\/index.php\/wp-json\/wp\/v2\/product_tag?post=702838"}],"curies":[{"name":"wp","href":"https:\/\/api.w.org\/{rel}","templated":true}]}}