{"id":702836,"date":"2025-08-27T15:19:18","date_gmt":"2025-08-27T12:19:18","guid":{"rendered":"https:\/\/roveyayinevi.com.tr\/index.php\/urun\/seytan-etkisi\/"},"modified":"2026-04-16T02:11:53","modified_gmt":"2026-04-15T23:11:53","slug":"seytan-etkisi","status":"publish","type":"product","link":"https:\/\/roveyayinevi.com.tr\/index.php\/urun\/seytan-etkisi\/","title":{"rendered":"\u015eeytan Etkisi"},"content":{"rendered":"<p>1971\u2019de bir grup \u00fcniversite \u00f6\u011frencisi g\u00f6r\u00fcn\u00fcrde mahk\u00fbmiyet psikolojisinin ara\u015ft\u0131r\u0131ld\u0131\u011f\u0131 bir deneye g\u00f6n\u00fcll\u00fc olarak kat\u0131ld\u0131. Rasgele se\u00e7ilmi\u015f \u00f6\u011frencilerden bir k\u0131sm\u0131na gardiyan, bir k\u0131sm\u0131na da tutuklu rol\u00fc verildi. Stanford \u00dcniversitesi Psikoloji B\u00f6l\u00fcm\u00fc\u2019n\u00fcn bodrum kat\u0131nda olu\u015fturulan yapay bir hapishanede rollerini oynamak \u00fczere deneye dahil olan \u00f6\u011frenciler, deney ba\u015flad\u0131ktan k\u0131sa s\u00fcre sonra bamba\u015fka bir ger\u00e7eklik alg\u0131s\u0131yla rollerini i\u00e7selle\u015ftirdiler. Bundan sonra ya\u015fananlar ise psikoloji tarihinde bir mihenk ta\u015f\u0131na d\u00f6n\u00fc\u015ft\u00fc. Stanford Hapishane Deneyi olarak bilinen bu \u00e7al\u0131\u015fman\u0131n mimar\u0131 Prof. Philip Zimbardo, durumsal g\u00fc\u00e7lere ve sosyal dinamiklere ba\u011fl\u0131 olarak insanlar\u0131n ans\u0131z\u0131n nas\u0131l canavarlara d\u00f6n\u00fc\u015febildi\u011fini kan\u0131tlam\u0131\u015ft\u0131. Daha da \u00f6nemlisi, Stanford Hapishane Deneyi\u2019nin ortaya koydu\u011fu bulgu- lar insanl\u0131k su\u00e7lar\u0131n\u0131n baz\u0131 dinamiklerini a\u00e7\u0131klamaya yard\u0131mc\u0131 oldu. Ayn\u0131 \u015fekilde bu deney, Ruanda\u2019daki katliamlardan Irak sava\u015f\u0131nda ABD askerlerinin \u00f6zellikle Ebu Gureyb Hapishanesi\u2019ndeki insanl\u0131k d\u0131\u015f\u0131 zul\u00fcmlerine kadar tarihimizde kay\u0131tl\u0131 ve ne yaz\u0131k ki \u00f6nlenemez bir \u015fekilde devam\u0131 gelen insanl\u0131k su\u00e7lar\u0131n\u0131 sosyal psikolojik y\u00f6nden, yetkenin ve g\u00fc\u00e7 alg\u0131s\u0131n\u0131n insan tutum ve davran\u0131\u015flar\u0131na zararlar\u0131 a\u00e7\u0131s\u0131ndan ele al\u0131nabilir bir analiz seviyesine ta\u015f\u0131d\u0131. \u201c\u0130yi\u201d insanlara k\u00f6t\u00fcl\u00fck yapt\u0131ran \u015fey nedir? Philip Zimbardo \u015eeytan Etkisi ile okuru bir yolculu\u011fa \u00e7\u0131kart\u0131yor ve bu sorunun cevab\u0131n\u0131 okurla birlikte bulmaya \u00e7al\u0131\u015f\u0131yor. Filmleri \u00e7ekilen, belgesellere konu olan, esinlenilerek romanlar yaz\u0131lan Stanford Hapishane Deneyi\u2019ni ve genel anlamda \u201ck\u00f6t\u00fcl\u00fc\u011f\u00fcn psikolojisini\u201d ele alan \u015eeytan Etkisi\u2019ni okurken insanlar\u0131n nas\u0131l ba\u015fkala\u015f\u0131m ge\u00e7irdiklerine tan\u0131kl\u0131k edecek, sizin de asl\u0131nda o insanlardan farkl\u0131 olmad\u0131\u011f\u0131n\u0131z\u0131 d\u00fc\u015f\u00fcnd\u00fck\u00e7e tedirgin olacaks\u0131n\u0131z. <\/p>\n","protected":false},"excerpt":{"rendered":"<p>1971\u2019de bir grup \u00fcniversite \u00f6\u011frencisi g\u00f6r\u00fcn\u00fcrde mahk\u00fbmiyet psikolojisinin ara\u015ft\u0131r\u0131ld\u0131\u011f\u0131 bir deneye g\u00f6n\u00fcll\u00fc olarak kat\u0131ld\u0131. Rasgele se\u00e7ilmi\u015f \u00f6\u011frencilerden bir k\u0131sm\u0131na gardiyan, bir k\u0131sm\u0131na da tutuklu rol\u00fc verildi.<span class=\"excerpt-hellip\"> [\u2026]<\/span><\/p>\n","protected":false},"featured_media":0,"template":"","meta":{"_monsterinsights_skip_tracking":false,"_monsterinsights_sitenote_active":false,"_monsterinsights_sitenote_note":"","_monsterinsights_sitenote_category":0},"product_brand":[],"product_cat":[12358,12357],"product_tag":[],"class_list":{"0":"post-702836","1":"product","2":"type-product","3":"status-publish","5":"product_cat-genel-psikoloji","6":"product_cat-psikoloji","7":"pa_cilt-ciltsiz","8":"pa_tur-kitap","9":"pa_yayinevi-say-yayinlari","10":"pa_yazar-philip-george-zimbardo","12":"first","13":"instock","14":"sale","15":"shipping-taxable","16":"purchasable","17":"product-type-simple"},"_links":{"self":[{"href":"https:\/\/roveyayinevi.com.tr\/index.php\/wp-json\/wp\/v2\/product\/702836","targetHints":{"allow":["GET"]}}],"collection":[{"href":"https:\/\/roveyayinevi.com.tr\/index.php\/wp-json\/wp\/v2\/product"}],"about":[{"href":"https:\/\/roveyayinevi.com.tr\/index.php\/wp-json\/wp\/v2\/types\/product"}],"wp:attachment":[{"href":"https:\/\/roveyayinevi.com.tr\/index.php\/wp-json\/wp\/v2\/media?parent=702836"}],"wp:term":[{"taxonomy":"product_brand","embeddable":true,"href":"https:\/\/roveyayinevi.com.tr\/index.php\/wp-json\/wp\/v2\/product_brand?post=702836"},{"taxonomy":"product_cat","embeddable":true,"href":"https:\/\/roveyayinevi.com.tr\/index.php\/wp-json\/wp\/v2\/product_cat?post=702836"},{"taxonomy":"product_tag","embeddable":true,"href":"https:\/\/roveyayinevi.com.tr\/index.php\/wp-json\/wp\/v2\/product_tag?post=702836"}],"curies":[{"name":"wp","href":"https:\/\/api.w.org\/{rel}","templated":true}]}}