{"id":702835,"date":"2025-08-27T15:19:18","date_gmt":"2025-08-27T12:19:18","guid":{"rendered":"https:\/\/roveyayinevi.com.tr\/index.php\/urun\/acaba-kim\/"},"modified":"2026-04-16T02:11:53","modified_gmt":"2026-04-15T23:11:53","slug":"acaba-kim","status":"publish","type":"product","link":"https:\/\/roveyayinevi.com.tr\/index.php\/urun\/acaba-kim\/","title":{"rendered":"Acaba Kim"},"content":{"rendered":"<p>Uzayda kim ya\u015f\u0131yor? Kim yasalar\u0131n \u00fcst\u00fcndedir? Zaman makinesini ilk kim hayal etti? Cevab\u0131n\u0131 bilmedi\u011finiz ne \u00e7ok soru var, \u00f6yle de\u011fil mi? \u0130\u015fte size g\u00fczel haber: Merak etti\u011finiz pek \u00e7ok sorunun yan\u0131t\u0131 Acaba Kim? kitab\u0131nda! Bu sorular \u00e7o\u011fu zaman e\u011flenceli konular hakk\u0131nda olsa da hayata dair ciddi meseleleri de farkl\u0131 ve e\u011flenceli bir bi\u00e7imde ele al\u0131yor. Eminiz, kur\u015funu kimin alt\u0131na d\u00f6n\u00fc\u015ft\u00fcrd\u00fc\u011f\u00fc hakk\u0131nda bir fikriniz yoktur; ama tavuk mu yumurtadan, yumurta m\u0131 tavuktan \u00e7\u0131kar, en az bir kez olsun d\u00fc\u015f\u00fcnm\u00fc\u015fs\u00fcn\u00fczd\u00fcr. Zihninizi kurcalayan 55 farkl\u0131 soruya ayr\u0131nt\u0131l\u0131 bir bi\u00e7imde yan\u0131t arayan Acaba Kim? Do\u011fa, uzay, sanat, tarih ve daha bir\u00e7ok farkl\u0131 konu \u00fczerine y\u00fczlerce farkl\u0131 cevap alternatifiyle renkli bir ba\u015fvuru kitab\u0131. <\/p>\n","protected":false},"excerpt":{"rendered":"<p>Uzayda kim ya\u015f\u0131yor? Kim yasalar\u0131n \u00fcst\u00fcndedir? Zaman makinesini ilk kim hayal etti? Cevab\u0131n\u0131 bilmedi\u011finiz ne \u00e7ok soru var, \u00f6yle de\u011fil mi? \u0130\u015fte size g\u00fczel haber: Merak<span class=\"excerpt-hellip\"> [\u2026]<\/span><\/p>\n","protected":false},"featured_media":0,"template":"","meta":{"_monsterinsights_skip_tracking":false,"_monsterinsights_sitenote_active":false,"_monsterinsights_sitenote_note":"","_monsterinsights_sitenote_category":0},"product_brand":[],"product_cat":[13829,12274],"product_tag":[],"class_list":{"0":"post-702835","1":"product","2":"type-product","3":"status-publish","5":"product_cat-bilimsel-kitaplar","6":"product_cat-cocuk-ve-genclik-kitaplari","7":"pa_tur-kitap","8":"pa_yayinevi-tudem-yayinlari","9":"pa_yazar-laura-jaffe","11":"first","12":"instock","13":"sale","14":"shipping-taxable","15":"purchasable","16":"product-type-simple"},"_links":{"self":[{"href":"https:\/\/roveyayinevi.com.tr\/index.php\/wp-json\/wp\/v2\/product\/702835","targetHints":{"allow":["GET"]}}],"collection":[{"href":"https:\/\/roveyayinevi.com.tr\/index.php\/wp-json\/wp\/v2\/product"}],"about":[{"href":"https:\/\/roveyayinevi.com.tr\/index.php\/wp-json\/wp\/v2\/types\/product"}],"wp:attachment":[{"href":"https:\/\/roveyayinevi.com.tr\/index.php\/wp-json\/wp\/v2\/media?parent=702835"}],"wp:term":[{"taxonomy":"product_brand","embeddable":true,"href":"https:\/\/roveyayinevi.com.tr\/index.php\/wp-json\/wp\/v2\/product_brand?post=702835"},{"taxonomy":"product_cat","embeddable":true,"href":"https:\/\/roveyayinevi.com.tr\/index.php\/wp-json\/wp\/v2\/product_cat?post=702835"},{"taxonomy":"product_tag","embeddable":true,"href":"https:\/\/roveyayinevi.com.tr\/index.php\/wp-json\/wp\/v2\/product_tag?post=702835"}],"curies":[{"name":"wp","href":"https:\/\/api.w.org\/{rel}","templated":true}]}}