{"id":702832,"date":"2025-08-27T15:19:16","date_gmt":"2025-08-27T12:19:16","guid":{"rendered":"https:\/\/roveyayinevi.com.tr\/index.php\/urun\/insanoglu-ayaga-kalk\/"},"modified":"2026-04-08T02:15:16","modified_gmt":"2026-04-07T23:15:16","slug":"insanoglu-ayaga-kalk","status":"publish","type":"product","link":"https:\/\/roveyayinevi.com.tr\/index.php\/urun\/insanoglu-ayaga-kalk\/","title":{"rendered":"\u0130nsano\u011flu Aya\u011fa Kalk"},"content":{"rendered":"<p>Devasa bir eser. David Icke, \u015fok edici s\u0131rlar\u0131 ve bast\u0131r\u0131lm\u0131\u015f bilgiyi ortaya \u00e7\u0131karmak i\u00e7in yapm\u0131\u015f oldu\u011fu yirmi y\u0131ll\u0131k \u00e7al\u0131\u015fmalar\u0131n\u0131 bu m\u00fcthi\u015f kitab\u0131yla peki\u015ftiriyor.\u0130nsano\u011flunun ve &#8220;ger\u00e7ek&#8221;in do\u011fas\u0131n\u0131n manip\u00fclasyonunu yeni anlay\u0131\u015f seviyelerine ta\u015f\u0131yor, insanlar\u0131n art\u0131k aya\u011fa kalk\u0131p, kendilerini be\u015fikten mezara kadar sinsice kontrol alt\u0131nda tutan u\u011fursuz aileler ve insan olmayan varl\u0131klar\u0131n elinden kurtarmaya davet ediyor. 1990&#8217;daki ola\u011fan\u00fcst\u00fc &#8220;uyan\u0131\u015f&#8221;\u0131ndan beri d\u00fcnyadaki &#8220;keskin ger\u00e7ek&#8221;leri dile getiren David Icke, yoluna bu kitapla devam ediyor.&#8221;D\u00fcnya&#8221;n\u0131n ve kolektif insan zihninin; ezelden beri, masum bir g\u00f6k cismi de\u011fil, yapay bir yap\u0131, muhtemelen i\u00e7i oyuk k\u00fc\u00e7\u00fck bir gezegen\/bir planetoid veya devasa bir uzay gemisi olan &#8220;Ay&#8221;da bar\u0131nan d\u00fcnyad\u0131\u015f\u0131 bir \u0131rk taraf\u0131ndan manip\u00fcle edilmekte oldu\u011funu a\u00e7\u0131kl\u0131yor.Ola\u011fan\u00fcst\u00fc bir zamandan ge\u00e7iyoruz. Bir tarafta Ay Matriksi&#8217;ne hizmet eden kitlenin uygulad\u0131\u011f\u0131 Orwell tarz\u0131, tamamen g\u00f6zetleme ve kontrole dayal\u0131 global bir devlet tipi, di\u011fer tarafta, David&#8217;in ilk kez 1990&#8217;daki uyan\u0131\u015f\u0131n\u0131 takiben ke\u015ffetmi\u015f ve ilk kitab\u0131na ad\u0131n\u0131 vermi\u015f oldu\u011fu, muhte\u015fem g\u00fczellikte bir enerji d\u00f6n\u00fc\u015f\u00fcm\u00fc olan Ger\u00e7ek&#8217;in Titre\u015fimleri var. David&#8217;in, &#8220;Ger\u00e7ek&#8217;in Titre\u015fimleri&#8221; dedi\u011fi pozitif enerji dalgas\u0131 insanlara, varl\u0131klar\u0131n\u0131n as\u0131l benli\u011fi olan &#8220;Sonsuz Sevgi\/Sonsuz Bilin\u00e7&#8221; olduklar\u0131n\u0131 hat\u0131rlatarak onlar\u0131 uyand\u0131r\u0131yor.\u0130nsanl\u0131k bir yol a\u011fz\u0131nda ve art\u0131k bir se\u00e7im yapman\u0131n zaman\u0131 geldi. &#8220;Sonsuz Bilin\u00e7&#8221; olarak ger\u00e7ek deham\u0131za ve potansiyelimize uyanacak m\u0131y\u0131z, yoksa beden akl\u0131 ve &#8220;Ay Matriksi&#8221;nin \u00fcretti\u011fi ill\u00fczyonlar\u0131n i\u00e7inde hapis kalmay\u0131 s\u00fcrd\u00fcrecek miyiz? Bu kitap hayat\u0131n\u0131z\u0131 de\u011fi\u015ftirecek, realitenizi de\u011fi\u015ftirecek, bu bilgiler do\u011frultusunda hareket edecek olursan\u0131z ruhunuzu \u00f6zg\u00fcr k\u0131lacak&#8230;Y\u0131llard\u0131r beklenen kitap&#8230;<\/p>\n","protected":false},"excerpt":{"rendered":"<p>Devasa bir eser. David Icke, \u015fok edici s\u0131rlar\u0131 ve bast\u0131r\u0131lm\u0131\u015f bilgiyi ortaya \u00e7\u0131karmak i\u00e7in yapm\u0131\u015f oldu\u011fu yirmi y\u0131ll\u0131k \u00e7al\u0131\u015fmalar\u0131n\u0131 bu m\u00fcthi\u015f kitab\u0131yla peki\u015ftiriyor.\u0130nsano\u011flunun ve &#8220;ger\u00e7ek&#8221;in do\u011fas\u0131n\u0131n<span class=\"excerpt-hellip\"> [\u2026]<\/span><\/p>\n","protected":false},"featured_media":0,"template":"","meta":{"_monsterinsights_skip_tracking":false,"_monsterinsights_sitenote_active":false,"_monsterinsights_sitenote_note":"","_monsterinsights_sitenote_category":0},"product_brand":[],"product_cat":[12364,12376],"product_tag":[],"class_list":{"0":"post-702832","1":"product","2":"type-product","3":"status-publish","5":"product_cat-genel-konular","6":"product_cat-kisisel-gelisim","7":"pa_cilt-ciltsiz","8":"pa_tur-kitap","9":"pa_yayinevi-destek-yayinlari","10":"pa_yazar-david-icke","12":"first","13":"instock","14":"sale","15":"shipping-taxable","16":"purchasable","17":"product-type-simple"},"_links":{"self":[{"href":"https:\/\/roveyayinevi.com.tr\/index.php\/wp-json\/wp\/v2\/product\/702832","targetHints":{"allow":["GET"]}}],"collection":[{"href":"https:\/\/roveyayinevi.com.tr\/index.php\/wp-json\/wp\/v2\/product"}],"about":[{"href":"https:\/\/roveyayinevi.com.tr\/index.php\/wp-json\/wp\/v2\/types\/product"}],"wp:attachment":[{"href":"https:\/\/roveyayinevi.com.tr\/index.php\/wp-json\/wp\/v2\/media?parent=702832"}],"wp:term":[{"taxonomy":"product_brand","embeddable":true,"href":"https:\/\/roveyayinevi.com.tr\/index.php\/wp-json\/wp\/v2\/product_brand?post=702832"},{"taxonomy":"product_cat","embeddable":true,"href":"https:\/\/roveyayinevi.com.tr\/index.php\/wp-json\/wp\/v2\/product_cat?post=702832"},{"taxonomy":"product_tag","embeddable":true,"href":"https:\/\/roveyayinevi.com.tr\/index.php\/wp-json\/wp\/v2\/product_tag?post=702832"}],"curies":[{"name":"wp","href":"https:\/\/api.w.org\/{rel}","templated":true}]}}