{"id":702828,"date":"2025-08-27T15:19:14","date_gmt":"2025-08-27T12:19:14","guid":{"rendered":"https:\/\/roveyayinevi.com.tr\/index.php\/urun\/derin-devlet-2\/"},"modified":"2026-04-08T02:15:16","modified_gmt":"2026-04-07T23:15:16","slug":"derin-devlet-2","status":"publish","type":"product","link":"https:\/\/roveyayinevi.com.tr\/index.php\/urun\/derin-devlet-2\/","title":{"rendered":"Derin Devlet"},"content":{"rendered":"<p>CIA ve T\u00fcrk ordusunun Siber Teknoloji Sava\u015f\u0131 b\u00fcy\u00fcyor. T\u00fcrkiye\u2019deki Derin Devletin mimarlar\u0131 g\u00fcn y\u00fcz\u00fcne \u00e7\u0131k\u0131yor. Suikastler, kitle eylemleri, i\u015fkence ve katliamlar boy g\u00f6steriyor ve bir ulusun kaderi u\u00e7urumun k\u0131y\u0131s\u0131na s\u00fcr\u00fckleniyor\u2026Derin Devlet sizi kanl\u0131 iktidar sava\u015flar\u0131n\u0131n g\u00f6lgesinde ate\u015flenen bir maceraya davet ediyor.Dagmar Shaw, d\u00fcnyan\u0131n en iyi alternatif ger\u00e7eklik oyunu yazarlar\u0131ndan biridir. O bir Kuklac\u0131\u2019d\u0131r ve binlerce oyuncu onun tuttu\u011fu iplerde dans eder. Ancak T\u00fcrkiye\u2019de oynatt\u0131\u011f\u0131 oyun, ac\u0131mas\u0131z darbe y\u00f6netimiyle anla\u015fmazl\u0131\u011fa girince Dagmar, oyunlar\u0131n son derece ger\u00e7ek sonu\u00e7lar\u0131 olabilece\u011fini anlar. Eski bir arkada\u015f\u0131 ona reddedemeyece\u011fi kadar \u00e7\u0131lg\u0131nca ve iddial\u0131 bir projeyle gelince Dagmar kendini casuslar\u0131n ve askerlerin ortas\u0131nda bulur. Bir ulusun kaderi sallant\u0131dayken ger\u00e7ek mermiler ate\u015flenir ve oyuncular \u00f6lmeye ba\u015flar. Entrikalar ve ihanetlerle dolu bu d\u00fcnyada, oyuncular\u0131 y\u00f6netenler de oyuna geldikleri ger\u00e7e\u011fiyle y\u00fczle\u015fmek zorunda kal\u0131r. \u201cHayranl\u0131k uyand\u0131r\u0131c\u0131 bir g\u00fcncellikle Derin Devlet, modern ileti\u015fim gere\u00e7lerini kullanarak bask\u0131c\u0131 bir rejime kar\u015f\u0131 ger\u00e7ekle\u015ftirilen bir devrimi anlat\u0131yor.\u201d &#8211; Telegraph\u201cEsrarengiz bir bi\u00e7imde kehanet gibi bir roman.\u201d- SFX\u201cSiber alemlerin bilgisini, ustaca g\u00f6zlemleri, sosyal yorumlar\u0131 ve teknolojik gerilimi nefes kesici bir kar\u0131\u015f\u0131mla bir araya getirmi\u015f.\u201d- SciFiWire.com\u201cZekice i\u015flenmi\u015f g\u00fc\u00e7l\u00fc fikirler\u2026 Bu kitab\u0131 herkese tavsiye ederim.\u201d- Charles Stross\u201cWilliams akl\u0131 ba\u015f\u0131nda bir bilim kurguyu casus romanlar\u0131n\u0131n \u00f6\u011feleriyle s\u00fcsl\u00fcyor.\u201d &#8211; BBC Focus<\/p>\n","protected":false},"excerpt":{"rendered":"<p>CIA ve T\u00fcrk ordusunun Siber Teknoloji Sava\u015f\u0131 b\u00fcy\u00fcyor. T\u00fcrkiye\u2019deki Derin Devletin mimarlar\u0131 g\u00fcn y\u00fcz\u00fcne \u00e7\u0131k\u0131yor. Suikastler, kitle eylemleri, i\u015fkence ve katliamlar boy g\u00f6steriyor ve bir ulusun<span class=\"excerpt-hellip\"> [\u2026]<\/span><\/p>\n","protected":false},"featured_media":0,"template":"","meta":{"_monsterinsights_skip_tracking":false,"_monsterinsights_sitenote_active":false,"_monsterinsights_sitenote_note":"","_monsterinsights_sitenote_category":0},"product_brand":[],"product_cat":[12291,12711],"product_tag":[],"class_list":{"0":"post-702828","1":"product","2":"type-product","3":"status-publish","5":"product_cat-edebiyat","6":"product_cat-roman-oyku","7":"pa_cilt-ciltsiz","8":"pa_tur-kitap","9":"pa_yayinevi-pegasus-yayinlari","10":"pa_yazar-walter-jon-williams","12":"first","13":"instock","14":"sale","15":"shipping-taxable","16":"purchasable","17":"product-type-simple"},"_links":{"self":[{"href":"https:\/\/roveyayinevi.com.tr\/index.php\/wp-json\/wp\/v2\/product\/702828","targetHints":{"allow":["GET"]}}],"collection":[{"href":"https:\/\/roveyayinevi.com.tr\/index.php\/wp-json\/wp\/v2\/product"}],"about":[{"href":"https:\/\/roveyayinevi.com.tr\/index.php\/wp-json\/wp\/v2\/types\/product"}],"wp:attachment":[{"href":"https:\/\/roveyayinevi.com.tr\/index.php\/wp-json\/wp\/v2\/media?parent=702828"}],"wp:term":[{"taxonomy":"product_brand","embeddable":true,"href":"https:\/\/roveyayinevi.com.tr\/index.php\/wp-json\/wp\/v2\/product_brand?post=702828"},{"taxonomy":"product_cat","embeddable":true,"href":"https:\/\/roveyayinevi.com.tr\/index.php\/wp-json\/wp\/v2\/product_cat?post=702828"},{"taxonomy":"product_tag","embeddable":true,"href":"https:\/\/roveyayinevi.com.tr\/index.php\/wp-json\/wp\/v2\/product_tag?post=702828"}],"curies":[{"name":"wp","href":"https:\/\/api.w.org\/{rel}","templated":true}]}}