{"id":702827,"date":"2025-08-27T15:19:14","date_gmt":"2025-08-27T12:19:14","guid":{"rendered":"https:\/\/roveyayinevi.com.tr\/index.php\/urun\/gonulcelen\/"},"modified":"2026-04-16T02:11:52","modified_gmt":"2026-04-15T23:11:52","slug":"gonulcelen","status":"publish","type":"product","link":"https:\/\/roveyayinevi.com.tr\/index.php\/urun\/gonulcelen\/","title":{"rendered":"G\u00f6n\u00fcl\u00e7elen"},"content":{"rendered":"<p>Ac\u0131mas\u0131z bir sava\u015f\u00e7\u0131 arzular\u0131na ne kadar kar\u015f\u0131 koyabilir? Bronz teni ve masmavi g\u00f6zleriyle bir ilah\u0131 and\u0131ran Amans\u0131z Rolfe, Normandiya Kral\u0131 William\u2019a hizmetlerinin kar\u015f\u0131l\u0131\u011f\u0131nda Aelfgar Kalesi\u2019ni almak ve Leydi Alice\u2019le evlenmek \u00fczeredir. Fransa\u2019da cesaretiyle \u00fcnlenen sava\u015f\u00e7\u0131, \u0130ngiltere\u2019deyse bir o kadar nefret oda\u011f\u0131 olmu\u015ftur. Ancak yeni b\u00f6lgesini ele ge\u00e7irir ge\u00e7irmez ilk i\u015fi, cazibesi ve canl\u0131l\u0131\u011f\u0131yla gen\u00e7 adam\u0131 vatana ihanetin e\u015fi\u011fine getiren Sakson g\u00fczeli Ceidre\u2019y\u0131 ehlile\u015ftirmek olacakt\u0131r\u2026 Asi bir kad\u0131n can d\u00fc\u015fman\u0131n\u0131 ba\u015ftan \u00e7\u0131karmaya nereden ba\u015flar? Gizemli ve ba\u015ftan \u00e7\u0131kar\u0131c\u0131 Ceidre, \u00fcvey ablas\u0131 Alice gibi bir leydi de\u011fildir; aksine, soylu \u00fcvey a\u011fabeylerinin Sakson isyan\u0131n\u0131 destekleyen bir casustur. Yasak arzular\u0131n\u0131 ate\u015fleyen Amans\u0131z Rolfe\u2019a boyun e\u011fmeyi reddeden gen\u00e7 kad\u0131n, kibirli sava\u015f\u00e7\u0131n\u0131n arzu dolu dokunu\u015flar\u0131na kar\u015f\u0131 koymaya \u00e7al\u0131\u015fsa da kendini \u0130ngiltere\u2019nin, hatta krallar\u0131n kaderini de\u011fi\u015ftirebilecek \u00e7ok tehlikeli ve \u015fehvet dolu bir oyunun i\u00e7inde bulacakt\u0131r\u2026 Sava\u015f\u0131n t\u00fcm ac\u0131mas\u0131zl\u0131\u011f\u0131nda imkans\u0131z a\u015fklara yer var m\u0131d\u0131r? \u201cMuhte\u015fem bir romans; g\u00fc\u00e7l\u00fc, tutkulu ve yo\u011fun duygularla dolu\u2026 Karma\u015f\u0131k olay \u00f6rg\u00fcs\u00fc, yak\u0131c\u0131 \u015fehveti, tarihsel tutarl\u0131l\u0131\u011f\u0131 ve g\u00f6steri\u015fli, g\u00fc\u00e7l\u00fc karakterleriyle Brenda Joyce hayranlar\u0131n\u0131 kesinlikle tatmin edecek.\u201d &#8211; Romantic Times<\/p>\n","protected":false},"excerpt":{"rendered":"<p>Ac\u0131mas\u0131z bir sava\u015f\u00e7\u0131 arzular\u0131na ne kadar kar\u015f\u0131 koyabilir? Bronz teni ve masmavi g\u00f6zleriyle bir ilah\u0131 and\u0131ran Amans\u0131z Rolfe, Normandiya Kral\u0131 William\u2019a hizmetlerinin kar\u015f\u0131l\u0131\u011f\u0131nda Aelfgar Kalesi\u2019ni almak<span class=\"excerpt-hellip\"> [\u2026]<\/span><\/p>\n","protected":false},"featured_media":0,"template":"","meta":{"_monsterinsights_skip_tracking":false,"_monsterinsights_sitenote_active":false,"_monsterinsights_sitenote_note":"","_monsterinsights_sitenote_category":0},"product_brand":[],"product_cat":[14643,12291],"product_tag":[],"class_list":{"0":"post-702827","1":"product","2":"type-product","3":"status-publish","5":"product_cat-ask","6":"product_cat-edebiyat","7":"pa_cilt-ciltsiz","8":"pa_tur-kitap","9":"pa_yayinevi-pegasus-yayinlari","10":"pa_yazar-brenda-joyce","12":"first","13":"instock","14":"sale","15":"shipping-taxable","16":"purchasable","17":"product-type-simple"},"_links":{"self":[{"href":"https:\/\/roveyayinevi.com.tr\/index.php\/wp-json\/wp\/v2\/product\/702827","targetHints":{"allow":["GET"]}}],"collection":[{"href":"https:\/\/roveyayinevi.com.tr\/index.php\/wp-json\/wp\/v2\/product"}],"about":[{"href":"https:\/\/roveyayinevi.com.tr\/index.php\/wp-json\/wp\/v2\/types\/product"}],"wp:attachment":[{"href":"https:\/\/roveyayinevi.com.tr\/index.php\/wp-json\/wp\/v2\/media?parent=702827"}],"wp:term":[{"taxonomy":"product_brand","embeddable":true,"href":"https:\/\/roveyayinevi.com.tr\/index.php\/wp-json\/wp\/v2\/product_brand?post=702827"},{"taxonomy":"product_cat","embeddable":true,"href":"https:\/\/roveyayinevi.com.tr\/index.php\/wp-json\/wp\/v2\/product_cat?post=702827"},{"taxonomy":"product_tag","embeddable":true,"href":"https:\/\/roveyayinevi.com.tr\/index.php\/wp-json\/wp\/v2\/product_tag?post=702827"}],"curies":[{"name":"wp","href":"https:\/\/api.w.org\/{rel}","templated":true}]}}