{"id":702816,"date":"2025-08-27T15:19:07","date_gmt":"2025-08-27T12:19:07","guid":{"rendered":"https:\/\/roveyayinevi.com.tr\/index.php\/urun\/noktalari-birlestiriyorum-kirmizi-kitap\/"},"modified":"2026-04-16T02:11:52","modified_gmt":"2026-04-15T23:11:52","slug":"noktalari-birlestiriyorum-kirmizi-kitap","status":"publish","type":"product","link":"https:\/\/roveyayinevi.com.tr\/index.php\/urun\/noktalari-birlestiriyorum-kirmizi-kitap\/","title":{"rendered":"Noktalar\u0131 Birle\u015ftiriyorum : K\u0131rm\u0131z\u0131 Kitap"},"content":{"rendered":"<p>\u00c7izgileri birle\u015ftirmeyi biliyor musun? 1&#8217;den 20&#8217;ye kadar sayabilir misin? Evet mi? 0 halde noktalan birle\u015ftir ve bu kitab\u0131n i\u00e7indeki t\u00fcm resimleri tamamla. \u0130yi e\u011flenceler! <\/p>\n","protected":false},"excerpt":{"rendered":"<p>\u00c7izgileri birle\u015ftirmeyi biliyor musun? 1&#8217;den 20&#8217;ye kadar sayabilir misin? Evet mi? 0 halde noktalan birle\u015ftir ve bu kitab\u0131n i\u00e7indeki t\u00fcm resimleri tamamla. \u0130yi e\u011flenceler!<\/p>\n","protected":false},"featured_media":0,"template":"","meta":{"_monsterinsights_skip_tracking":false,"_monsterinsights_sitenote_active":false,"_monsterinsights_sitenote_note":"","_monsterinsights_sitenote_category":0},"product_brand":[],"product_cat":[12492,12274],"product_tag":[],"class_list":{"0":"post-702816","1":"product","2":"type-product","3":"status-publish","5":"product_cat-bilmece-bulmaca","6":"product_cat-cocuk-ve-genclik-kitaplari","7":"pa_tur-kitap","8":"pa_yayinevi-parilti-yayinlari","9":"pa_yazar-kolektif","11":"first","12":"instock","13":"sale","14":"shipping-taxable","15":"purchasable","16":"product-type-simple"},"_links":{"self":[{"href":"https:\/\/roveyayinevi.com.tr\/index.php\/wp-json\/wp\/v2\/product\/702816","targetHints":{"allow":["GET"]}}],"collection":[{"href":"https:\/\/roveyayinevi.com.tr\/index.php\/wp-json\/wp\/v2\/product"}],"about":[{"href":"https:\/\/roveyayinevi.com.tr\/index.php\/wp-json\/wp\/v2\/types\/product"}],"wp:attachment":[{"href":"https:\/\/roveyayinevi.com.tr\/index.php\/wp-json\/wp\/v2\/media?parent=702816"}],"wp:term":[{"taxonomy":"product_brand","embeddable":true,"href":"https:\/\/roveyayinevi.com.tr\/index.php\/wp-json\/wp\/v2\/product_brand?post=702816"},{"taxonomy":"product_cat","embeddable":true,"href":"https:\/\/roveyayinevi.com.tr\/index.php\/wp-json\/wp\/v2\/product_cat?post=702816"},{"taxonomy":"product_tag","embeddable":true,"href":"https:\/\/roveyayinevi.com.tr\/index.php\/wp-json\/wp\/v2\/product_tag?post=702816"}],"curies":[{"name":"wp","href":"https:\/\/api.w.org\/{rel}","templated":true}]}}