{"id":702813,"date":"2025-08-27T15:19:06","date_gmt":"2025-08-27T12:19:06","guid":{"rendered":"https:\/\/roveyayinevi.com.tr\/index.php\/urun\/etkili-uygulama-icin-sosyal-hizmet-arastirmasi\/"},"modified":"2026-04-16T02:11:52","modified_gmt":"2026-04-15T23:11:52","slug":"etkili-uygulama-icin-sosyal-hizmet-arastirmasi","status":"publish","type":"product","link":"https:\/\/roveyayinevi.com.tr\/index.php\/urun\/etkili-uygulama-icin-sosyal-hizmet-arastirmasi\/","title":{"rendered":"Etkili Uygulama \u0130\u00e7in Sosyal Hizmet Ara\u015ft\u0131rmas\u0131"},"content":{"rendered":"<p>Sosyal hizmet e\u011fitiminin \u00f6nemli bile\u015fenlerinden biri, sosyal hizmet ara\u015ft\u0131rmas\u0131d\u0131r. Sosyal sorunlar\u0131n niceliksel ve niteliksel olarak irdelenmesi ve \u00e7\u00f6z\u00fcm yollar\u0131n\u0131n kan\u0131ta dayal\u0131 olarak ortaya konulmas\u0131 sosyal hizmet ara\u015ft\u0131rmas\u0131 ile m\u00fcmk\u00fcn olabilmektedir. Bu kitab\u0131n di\u011fer ara\u015ft\u0131rma metodolojisi kitaplar\u0131ndan fark\u0131, ara\u015ft\u0131rma bilgisini sosyal hizmet uygulamas\u0131 ba\u011flam\u0131nda ele almas\u0131, \u00f6rneklerle a\u00e7\u0131klamas\u0131 ve al\u0131\u015ft\u0131rmalarla peki\u015ftirmesidir. ETK\u0130L\u0130 UYGULAMA \u0130\u00c7\u0130N SOSYAL H\u0130ZMET ARA\u015eTIRMASI, literat\u00fcrden, meslekta\u015flardan ve sosyal hizmet e\u011fiticilerinin, ara\u015ft\u0131rmac\u0131lar\u0131n\u0131n ve de\u011ferlendirme dan\u0131\u015fmanlar\u0131n\u0131n deneyimlerinden yararlanan bir\u00e7ok \u00f6rnek sunmaktad\u0131r. \u00d6rnekler pek \u00e7ok farkl\u0131 n\u00fcfus ve uygulama d\u00fczeyleriyle ilgili olup, madde ba\u011f\u0131ml\u0131l\u0131\u011f\u0131, rehabilitasyon, gerontoloji, uluslararas\u0131 ba\u011flamda sosyal hizmet, \u00e7ocuk refah\u0131, \u015fiddeti \u00f6nleme, toplum \u00f6rg\u00fctlenmesi, sosyal politika, program planlama ve de\u011ferlendirme gibi bir\u00e7ok alan\u0131 kapsamaktad\u0131r. <\/p>\n","protected":false},"excerpt":{"rendered":"<p>Sosyal hizmet e\u011fitiminin \u00f6nemli bile\u015fenlerinden biri, sosyal hizmet ara\u015ft\u0131rmas\u0131d\u0131r. Sosyal sorunlar\u0131n niceliksel ve niteliksel olarak irdelenmesi ve \u00e7\u00f6z\u00fcm yollar\u0131n\u0131n kan\u0131ta dayal\u0131 olarak ortaya konulmas\u0131 sosyal hizmet<span class=\"excerpt-hellip\"> [\u2026]<\/span><\/p>\n","protected":false},"featured_media":0,"template":"","meta":{"_monsterinsights_skip_tracking":false,"_monsterinsights_sitenote_active":false,"_monsterinsights_sitenote_note":"","_monsterinsights_sitenote_category":0},"product_brand":[],"product_cat":[12835,12324],"product_tag":[],"class_list":{"0":"post-702813","1":"product","2":"type-product","3":"status-publish","5":"product_cat-genel-sosyoloji","6":"product_cat-sosyoloji","7":"pa_cilt-ciltsiz","8":"pa_tur-kitap","9":"pa_yayinevi-nika-yayinevi","10":"pa_yazar-judy-l-krysik-jerry-fin","12":"first","13":"instock","14":"sale","15":"shipping-taxable","16":"purchasable","17":"product-type-simple"},"_links":{"self":[{"href":"https:\/\/roveyayinevi.com.tr\/index.php\/wp-json\/wp\/v2\/product\/702813","targetHints":{"allow":["GET"]}}],"collection":[{"href":"https:\/\/roveyayinevi.com.tr\/index.php\/wp-json\/wp\/v2\/product"}],"about":[{"href":"https:\/\/roveyayinevi.com.tr\/index.php\/wp-json\/wp\/v2\/types\/product"}],"wp:attachment":[{"href":"https:\/\/roveyayinevi.com.tr\/index.php\/wp-json\/wp\/v2\/media?parent=702813"}],"wp:term":[{"taxonomy":"product_brand","embeddable":true,"href":"https:\/\/roveyayinevi.com.tr\/index.php\/wp-json\/wp\/v2\/product_brand?post=702813"},{"taxonomy":"product_cat","embeddable":true,"href":"https:\/\/roveyayinevi.com.tr\/index.php\/wp-json\/wp\/v2\/product_cat?post=702813"},{"taxonomy":"product_tag","embeddable":true,"href":"https:\/\/roveyayinevi.com.tr\/index.php\/wp-json\/wp\/v2\/product_tag?post=702813"}],"curies":[{"name":"wp","href":"https:\/\/api.w.org\/{rel}","templated":true}]}}