{"id":702811,"date":"2025-08-27T15:19:05","date_gmt":"2025-08-27T12:19:05","guid":{"rendered":"https:\/\/roveyayinevi.com.tr\/index.php\/urun\/fatih-sultan-mehmed-han\/"},"modified":"2026-04-16T02:11:52","modified_gmt":"2026-04-15T23:11:52","slug":"fatih-sultan-mehmed-han","status":"publish","type":"product","link":"https:\/\/roveyayinevi.com.tr\/index.php\/urun\/fatih-sultan-mehmed-han\/","title":{"rendered":"Fatih Sultan Mehmed Han"},"content":{"rendered":"<p>\u00c7a\u011f a\u00e7\u0131p \u00e7a\u011f kapatan, Osmanl\u0131 Devleti\u2019ni imparatorluk haline getiren bir padi\u015fah: Fatih Sultan Mehmed Han. Fatih\u2019in en b\u00fcy\u00fck silah\u0131 olan istihbarat te\u015fkilat\u0131 Karatu\u011flar ve te\u015fkilat\u0131n amans\u0131z lideri Kul \u00d6mer\u2026 Karanl\u0131k g\u00fc\u00e7lerin efendisi \u0130lian Sadnakar\u2026 Sarayda b\u00fcy\u00fcy\u00fcp yeti\u015fen habis bir ur: Kont Drakula\u2026 \ufffcTan\u0131t\u0131m Metni<\/p>\n","protected":false},"excerpt":{"rendered":"<p>\u00c7a\u011f a\u00e7\u0131p \u00e7a\u011f kapatan, Osmanl\u0131 Devleti\u2019ni imparatorluk haline getiren bir padi\u015fah: Fatih Sultan Mehmed Han. Fatih\u2019in en b\u00fcy\u00fck silah\u0131 olan istihbarat te\u015fkilat\u0131 Karatu\u011flar ve te\u015fkilat\u0131n amans\u0131z<span class=\"excerpt-hellip\"> [\u2026]<\/span><\/p>\n","protected":false},"featured_media":0,"template":"","meta":{"_monsterinsights_skip_tracking":false,"_monsterinsights_sitenote_active":false,"_monsterinsights_sitenote_note":"","_monsterinsights_sitenote_category":0},"product_brand":[],"product_cat":[12291,12745],"product_tag":[],"class_list":{"0":"post-702811","1":"product","2":"type-product","3":"status-publish","5":"product_cat-edebiyat","6":"product_cat-tarihi-roman","7":"pa_cilt-ciltsiz","8":"pa_tur-kitap","9":"pa_yayinevi-timas-yayinlari","10":"pa_yazar-okay-tiryakioglu","12":"first","13":"instock","14":"sale","15":"shipping-taxable","16":"purchasable","17":"product-type-simple"},"_links":{"self":[{"href":"https:\/\/roveyayinevi.com.tr\/index.php\/wp-json\/wp\/v2\/product\/702811","targetHints":{"allow":["GET"]}}],"collection":[{"href":"https:\/\/roveyayinevi.com.tr\/index.php\/wp-json\/wp\/v2\/product"}],"about":[{"href":"https:\/\/roveyayinevi.com.tr\/index.php\/wp-json\/wp\/v2\/types\/product"}],"wp:attachment":[{"href":"https:\/\/roveyayinevi.com.tr\/index.php\/wp-json\/wp\/v2\/media?parent=702811"}],"wp:term":[{"taxonomy":"product_brand","embeddable":true,"href":"https:\/\/roveyayinevi.com.tr\/index.php\/wp-json\/wp\/v2\/product_brand?post=702811"},{"taxonomy":"product_cat","embeddable":true,"href":"https:\/\/roveyayinevi.com.tr\/index.php\/wp-json\/wp\/v2\/product_cat?post=702811"},{"taxonomy":"product_tag","embeddable":true,"href":"https:\/\/roveyayinevi.com.tr\/index.php\/wp-json\/wp\/v2\/product_tag?post=702811"}],"curies":[{"name":"wp","href":"https:\/\/api.w.org\/{rel}","templated":true}]}}