{"id":702809,"date":"2025-08-27T15:19:04","date_gmt":"2025-08-27T12:19:04","guid":{"rendered":"https:\/\/roveyayinevi.com.tr\/index.php\/urun\/evrene-acilan-gizli-anahtar-1\/"},"modified":"2026-04-16T02:11:52","modified_gmt":"2026-04-15T23:11:52","slug":"evrene-acilan-gizli-anahtar-1","status":"publish","type":"product","link":"https:\/\/roveyayinevi.com.tr\/index.php\/urun\/evrene-acilan-gizli-anahtar-1\/","title":{"rendered":"Evren&#8217;e A\u00e7\u0131lan Gizli Anahtar &#8211; 1"},"content":{"rendered":"<p>Y\u0131ld\u0131zl\u0131 bir gecede g\u00f6ky\u00fcz\u00fcne bak\u0131p orada, uzay\u0131n derinliklerinde neler oldu\u011funu merak ettin mi hi\u00e7? Art\u0131k kuyruklu y\u0131ld\u0131zlardan birinin \u00fczerine atlay\u0131p galaksinin derinliklerinde bir gezintiye \u00e7\u0131kma vakti geldi! \u00c7\u0131\u011f\u0131r a\u00e7an fikirleriyle 20. y\u00fczy\u0131l\u0131n en \u00f6nemli bilim insanlar\u0131ndan biri olan Stephen Hawking, k\u0131z\u0131 Lucy ile birlikte kaleme ald\u0131\u011f\u0131 son kitab\u0131nda, Evren\u2019i ve onun kanunlar\u0131n\u0131 ne\u015feli ve heyecanl\u0131 bir hikaye e\u015fli\u011finde anlat\u0131yor.<\/p>\n","protected":false},"excerpt":{"rendered":"<p>Y\u0131ld\u0131zl\u0131 bir gecede g\u00f6ky\u00fcz\u00fcne bak\u0131p orada, uzay\u0131n derinliklerinde neler oldu\u011funu merak ettin mi hi\u00e7? Art\u0131k kuyruklu y\u0131ld\u0131zlardan birinin \u00fczerine atlay\u0131p galaksinin derinliklerinde bir gezintiye \u00e7\u0131kma vakti<span class=\"excerpt-hellip\"> [\u2026]<\/span><\/p>\n","protected":false},"featured_media":0,"template":"","meta":{"_monsterinsights_skip_tracking":false,"_monsterinsights_sitenote_active":false,"_monsterinsights_sitenote_note":"","_monsterinsights_sitenote_category":0},"product_brand":[],"product_cat":[13829,12274],"product_tag":[],"class_list":{"0":"post-702809","1":"product","2":"type-product","3":"status-publish","5":"product_cat-bilimsel-kitaplar","6":"product_cat-cocuk-ve-genclik-kitaplari","7":"pa_cilt-ciltli","8":"pa_tur-kitap","9":"pa_yayinevi-dogan-egmont-yayincilik","10":"pa_yazar-stephen-hawking","12":"first","13":"instock","14":"sale","15":"shipping-taxable","16":"purchasable","17":"product-type-simple"},"_links":{"self":[{"href":"https:\/\/roveyayinevi.com.tr\/index.php\/wp-json\/wp\/v2\/product\/702809","targetHints":{"allow":["GET"]}}],"collection":[{"href":"https:\/\/roveyayinevi.com.tr\/index.php\/wp-json\/wp\/v2\/product"}],"about":[{"href":"https:\/\/roveyayinevi.com.tr\/index.php\/wp-json\/wp\/v2\/types\/product"}],"wp:attachment":[{"href":"https:\/\/roveyayinevi.com.tr\/index.php\/wp-json\/wp\/v2\/media?parent=702809"}],"wp:term":[{"taxonomy":"product_brand","embeddable":true,"href":"https:\/\/roveyayinevi.com.tr\/index.php\/wp-json\/wp\/v2\/product_brand?post=702809"},{"taxonomy":"product_cat","embeddable":true,"href":"https:\/\/roveyayinevi.com.tr\/index.php\/wp-json\/wp\/v2\/product_cat?post=702809"},{"taxonomy":"product_tag","embeddable":true,"href":"https:\/\/roveyayinevi.com.tr\/index.php\/wp-json\/wp\/v2\/product_tag?post=702809"}],"curies":[{"name":"wp","href":"https:\/\/api.w.org\/{rel}","templated":true}]}}