{"id":702808,"date":"2025-08-27T15:19:03","date_gmt":"2025-08-27T12:19:03","guid":{"rendered":"https:\/\/roveyayinevi.com.tr\/index.php\/urun\/ciftlik-oykuleri-yaramaz-koyun\/"},"modified":"2026-04-16T02:11:52","modified_gmt":"2026-04-15T23:11:52","slug":"ciftlik-oykuleri-yaramaz-koyun","status":"publish","type":"product","link":"https:\/\/roveyayinevi.com.tr\/index.php\/urun\/ciftlik-oykuleri-yaramaz-koyun\/","title":{"rendered":"\u00c7iftlik \u00d6yk\u00fcleri &#8211; Yaramaz Koyun"},"content":{"rendered":"<p>Koyun Y\u00fcnl\u00fc a\u011f\u0131l\u0131n \u00e7evresindeki \u00e7imenlikten s\u0131k\u0131l\u0131nca, etraf\u0131 ke\u015ffetmeye karar verdi. \u00d6nce \u00e7i\u00e7ek bah\u00e7esini, sonra da Festival\u2019i gezdi. Ona g\u00f6re gezintisi \u00e7ok g\u00fczel gidiyordu, ancak \u0130pek Han\u0131m onun gibi d\u00fc\u015f\u00fcnm\u00fcyordu. Renkli resimlerle s\u00fcslenmi\u015f harika bir maceran\u0131n anlat\u0131ld\u0131\u011f\u0131 bu e\u011flenceli kitap, okumay\u0131 yeni \u00f6\u011frenen ya da \u00f6\u011frenmeye ba\u015flayan \u00e7ocuklar i\u00e7in haz\u0131rlanm\u0131\u015ft\u0131r. Ayr\u0131ca g\u00fczel \u00f6yk\u00fcleri seven minikler de bu kitaba bay\u0131lacak. \ufffcTan\u0131t\u0131m Metni<\/p>\n","protected":false},"excerpt":{"rendered":"<p>Koyun Y\u00fcnl\u00fc a\u011f\u0131l\u0131n \u00e7evresindeki \u00e7imenlikten s\u0131k\u0131l\u0131nca, etraf\u0131 ke\u015ffetmeye karar verdi. \u00d6nce \u00e7i\u00e7ek bah\u00e7esini, sonra da Festival\u2019i gezdi. Ona g\u00f6re gezintisi \u00e7ok g\u00fczel gidiyordu, ancak \u0130pek Han\u0131m<span class=\"excerpt-hellip\"> [\u2026]<\/span><\/p>\n","protected":false},"featured_media":0,"template":"","meta":{"_monsterinsights_skip_tracking":false,"_monsterinsights_sitenote_active":false,"_monsterinsights_sitenote_note":"","_monsterinsights_sitenote_category":0},"product_brand":[],"product_cat":[12274,12284],"product_tag":[],"class_list":{"0":"post-702808","1":"product","2":"type-product","3":"status-publish","5":"product_cat-cocuk-ve-genclik-kitaplari","6":"product_cat-hikayeler","7":"pa_cilt-ciltsiz","8":"pa_tur-kitap","9":"pa_yayinevi-is-bankasi-kultur-yayinlari","10":"pa_yazar-heather-amery","12":"first","13":"instock","14":"sale","15":"shipping-taxable","16":"purchasable","17":"product-type-simple"},"_links":{"self":[{"href":"https:\/\/roveyayinevi.com.tr\/index.php\/wp-json\/wp\/v2\/product\/702808","targetHints":{"allow":["GET"]}}],"collection":[{"href":"https:\/\/roveyayinevi.com.tr\/index.php\/wp-json\/wp\/v2\/product"}],"about":[{"href":"https:\/\/roveyayinevi.com.tr\/index.php\/wp-json\/wp\/v2\/types\/product"}],"wp:attachment":[{"href":"https:\/\/roveyayinevi.com.tr\/index.php\/wp-json\/wp\/v2\/media?parent=702808"}],"wp:term":[{"taxonomy":"product_brand","embeddable":true,"href":"https:\/\/roveyayinevi.com.tr\/index.php\/wp-json\/wp\/v2\/product_brand?post=702808"},{"taxonomy":"product_cat","embeddable":true,"href":"https:\/\/roveyayinevi.com.tr\/index.php\/wp-json\/wp\/v2\/product_cat?post=702808"},{"taxonomy":"product_tag","embeddable":true,"href":"https:\/\/roveyayinevi.com.tr\/index.php\/wp-json\/wp\/v2\/product_tag?post=702808"}],"curies":[{"name":"wp","href":"https:\/\/api.w.org\/{rel}","templated":true}]}}