{"id":702806,"date":"2025-08-27T15:19:02","date_gmt":"2025-08-27T12:19:02","guid":{"rendered":"https:\/\/roveyayinevi.com.tr\/index.php\/urun\/ciftlik-oykuleri-traktor-macerasi\/"},"modified":"2026-04-16T02:11:52","modified_gmt":"2026-04-15T23:11:52","slug":"ciftlik-oykuleri-traktor-macerasi","status":"publish","type":"product","link":"https:\/\/roveyayinevi.com.tr\/index.php\/urun\/ciftlik-oykuleri-traktor-macerasi\/","title":{"rendered":"\u00c7iftlik \u00d6yk\u00fcleri &#8211; Trakt\u00f6r Maceras\u0131"},"content":{"rendered":"<p>O g\u00fcn hava o kadar so\u011fuk ve r\u00fczgarl\u0131yd\u0131 ki, \u0130nci ile Ege ah\u0131rda oynamaya karar verdiler. Ancak devrilen bir a\u011fa\u00e7 trakt\u00f6r\u00fcn \u00fczerine d\u00fc\u015f\u00fcnce, \u00e7ocuklar\u0131n d\u0131\u015far\u0131 \u00e7\u0131kmas\u0131 gerekti. Renkli resimlerle s\u00fcslenmi\u015f harika bir maceran\u0131n anlat\u0131ld\u0131\u011f\u0131 bu e\u011flenceli kitap, okumay\u0131 yeni \u00f6\u011frenen ya da \u00f6\u011frenmeye ba\u015flayan \u00e7ocuklar i\u00e7in haz\u0131rlanm\u0131\u015ft\u0131r. Ayr\u0131ca g\u00fczel \u00f6yk\u00fcleri seven minikler de bu kitaba bay\u0131lacak.<\/p>\n","protected":false},"excerpt":{"rendered":"<p>O g\u00fcn hava o kadar so\u011fuk ve r\u00fczgarl\u0131yd\u0131 ki, \u0130nci ile Ege ah\u0131rda oynamaya karar verdiler. Ancak devrilen bir a\u011fa\u00e7 trakt\u00f6r\u00fcn \u00fczerine d\u00fc\u015f\u00fcnce, \u00e7ocuklar\u0131n d\u0131\u015far\u0131 \u00e7\u0131kmas\u0131<span class=\"excerpt-hellip\"> [\u2026]<\/span><\/p>\n","protected":false},"featured_media":0,"template":"","meta":{"_monsterinsights_skip_tracking":false,"_monsterinsights_sitenote_active":false,"_monsterinsights_sitenote_note":"","_monsterinsights_sitenote_category":0},"product_brand":[],"product_cat":[12274,12284],"product_tag":[],"class_list":{"0":"post-702806","1":"product","2":"type-product","3":"status-publish","5":"product_cat-cocuk-ve-genclik-kitaplari","6":"product_cat-hikayeler","7":"pa_cilt-ciltsiz","8":"pa_tur-kitap","9":"pa_yayinevi-is-bankasi-kultur-yayinlari","10":"pa_yazar-heather-amery","12":"first","13":"instock","14":"sale","15":"shipping-taxable","16":"purchasable","17":"product-type-simple"},"_links":{"self":[{"href":"https:\/\/roveyayinevi.com.tr\/index.php\/wp-json\/wp\/v2\/product\/702806","targetHints":{"allow":["GET"]}}],"collection":[{"href":"https:\/\/roveyayinevi.com.tr\/index.php\/wp-json\/wp\/v2\/product"}],"about":[{"href":"https:\/\/roveyayinevi.com.tr\/index.php\/wp-json\/wp\/v2\/types\/product"}],"wp:attachment":[{"href":"https:\/\/roveyayinevi.com.tr\/index.php\/wp-json\/wp\/v2\/media?parent=702806"}],"wp:term":[{"taxonomy":"product_brand","embeddable":true,"href":"https:\/\/roveyayinevi.com.tr\/index.php\/wp-json\/wp\/v2\/product_brand?post=702806"},{"taxonomy":"product_cat","embeddable":true,"href":"https:\/\/roveyayinevi.com.tr\/index.php\/wp-json\/wp\/v2\/product_cat?post=702806"},{"taxonomy":"product_tag","embeddable":true,"href":"https:\/\/roveyayinevi.com.tr\/index.php\/wp-json\/wp\/v2\/product_tag?post=702806"}],"curies":[{"name":"wp","href":"https:\/\/api.w.org\/{rel}","templated":true}]}}