{"id":702800,"date":"2025-08-27T15:18:59","date_gmt":"2025-08-27T12:18:59","guid":{"rendered":"https:\/\/roveyayinevi.com.tr\/index.php\/urun\/diplomasi-ve-goc-turk-yunan-mubadelesinin-oteki-yuzu\/"},"modified":"2026-04-16T02:11:52","modified_gmt":"2026-04-15T23:11:52","slug":"diplomasi-ve-goc-turk-yunan-mubadelesinin-oteki-yuzu","status":"publish","type":"product","link":"https:\/\/roveyayinevi.com.tr\/index.php\/urun\/diplomasi-ve-goc-turk-yunan-mubadelesinin-oteki-yuzu\/","title":{"rendered":"Diplomasi ve G\u00f6\u00e7 T\u00fcrk-Yunan M\u00fcbadelesinin \u00d6teki Y\u00fcz\u00fc"},"content":{"rendered":"<p>Onur Y\u0131ld\u0131r\u0131m\u2019\u0131n bu \u00f6nemli \u00e7al\u0131\u015fmas\u0131, son y\u0131llarda T\u00fcrk-Yunan M\u00fcbadelesi \u00fczerine yap\u0131lan \u00e7al\u0131\u015fmalar zincirine \u00e7ok \u00f6nemli bir halka daha eklemekte, y\u0131llard\u0131r her iki \u00fclkenin g\u00fcndeminden hi\u00e7 d\u00fc\u015fmeyen bu sorunu tart\u0131\u015f\u0131rken, kar\u015f\u0131la\u015ft\u0131rmal\u0131 bir bak\u0131\u015f a\u00e7\u0131s\u0131 benimsemektedir. Y\u0131ld\u0131r\u0131m, T\u00fcrkiye tarih\u00e7ili\u011finde ihmal edilmi\u015f bir alan olarak g\u00f6rd\u00fc\u011f\u00fc bu konuyu tart\u0131\u015f\u0131rken, farkl\u0131 bir y\u00f6ntem izleyerek gerek T\u00fcrk gerekse Yunan tarihyaz\u0131m\u0131n\u0131n sapland\u0131\u011f\u0131 \u2018dar g\u00f6r\u00fc\u015fl\u00fcl\u00fc\u011fe\u2019 i\u015faret etmekte ve sorunun tarihsel ger\u00e7eklik olarak alg\u0131lanmas\u0131n\u0131n gere\u011fini vurgulamaktad\u0131r. Diplomasi ve G\u00f6\u00e7\u2019te yazar, M\u00fcbadele Protokol\u00fc\u2019n\u00fcn olu\u015fumu s\u0131ras\u0131nda arkaplanda cereyan eden yo\u011fun diplomatik m\u00fczakere s\u00fcrecini ele al\u0131rken, Lozan g\u00f6r\u00fc\u015fmelerinde m\u00fcbadele d\u00fc\u015f\u00fcncesinin olu\u015fumunu her iki taraf a\u00e7\u0131s\u0131ndan incelemenin yan\u0131s\u0131ra tart\u0131\u015fmalar s\u0131ras\u0131nda her iki \u00fclkedeki geli\u015fmelere de de\u011finmektedir. Eserde n\u00fcfus m\u00fcbadelesiyle birlikte antla\u015fman\u0131n uygulanmas\u0131 s\u00fcrecinde her iki tarafta ortaya \u00e7\u0131kan g\u00f6\u00e7men sorunu da (Yunanistan\u2019da m\u00fclteci, T\u00fcrkiye\u2019de muhacir meselesi) m\u00fclkiyet ve isk\u00e2ndan, ekonomik ve k\u00fclt\u00fcrel uyuma kadar incelenmektedir. Bunu incelemenin ortaya \u00e7\u0131kan sonu\u00e7lar\u0131ndan biri de, M\u00fcbadele\u2019nin bug\u00fcne kadar \u00f6ne s\u00fcr\u00fcld\u00fc\u011f\u00fc gibi sadece Yunanistan\u2019\u0131n de\u011fil, T\u00fcrkiye\u2019nin de be\u015feri dokusunu, m\u00fclkiyet yap\u0131s\u0131n\u0131, sosyal yap\u0131s\u0131n\u0131 ve iktidar ili\u015fkilerini bi\u00e7imlendiren en \u00f6nemli tarihi olaylardan biri oldu\u011fudur. <\/p>\n","protected":false},"excerpt":{"rendered":"<p>Onur Y\u0131ld\u0131r\u0131m\u2019\u0131n bu \u00f6nemli \u00e7al\u0131\u015fmas\u0131, son y\u0131llarda T\u00fcrk-Yunan M\u00fcbadelesi \u00fczerine yap\u0131lan \u00e7al\u0131\u015fmalar zincirine \u00e7ok \u00f6nemli bir halka daha eklemekte, y\u0131llard\u0131r her iki \u00fclkenin g\u00fcndeminden hi\u00e7 d\u00fc\u015fmeyen<span class=\"excerpt-hellip\"> [\u2026]<\/span><\/p>\n","protected":false},"featured_media":0,"template":"","meta":{"_monsterinsights_skip_tracking":false,"_monsterinsights_sitenote_active":false,"_monsterinsights_sitenote_note":"","_monsterinsights_sitenote_category":0},"product_brand":[],"product_cat":[12304,13493],"product_tag":[],"class_list":{"0":"post-702800","1":"product","2":"type-product","3":"status-publish","5":"product_cat-tarih","6":"product_cat-turkiye-ve-cumhuriyet-tarihi","7":"pa_tur-kitap","8":"pa_yayinevi-bilgi-universitesi-yayinlari","9":"pa_yazar-onur-yildirim","11":"first","12":"instock","13":"sale","14":"shipping-taxable","15":"purchasable","16":"product-type-simple"},"_links":{"self":[{"href":"https:\/\/roveyayinevi.com.tr\/index.php\/wp-json\/wp\/v2\/product\/702800","targetHints":{"allow":["GET"]}}],"collection":[{"href":"https:\/\/roveyayinevi.com.tr\/index.php\/wp-json\/wp\/v2\/product"}],"about":[{"href":"https:\/\/roveyayinevi.com.tr\/index.php\/wp-json\/wp\/v2\/types\/product"}],"wp:attachment":[{"href":"https:\/\/roveyayinevi.com.tr\/index.php\/wp-json\/wp\/v2\/media?parent=702800"}],"wp:term":[{"taxonomy":"product_brand","embeddable":true,"href":"https:\/\/roveyayinevi.com.tr\/index.php\/wp-json\/wp\/v2\/product_brand?post=702800"},{"taxonomy":"product_cat","embeddable":true,"href":"https:\/\/roveyayinevi.com.tr\/index.php\/wp-json\/wp\/v2\/product_cat?post=702800"},{"taxonomy":"product_tag","embeddable":true,"href":"https:\/\/roveyayinevi.com.tr\/index.php\/wp-json\/wp\/v2\/product_tag?post=702800"}],"curies":[{"name":"wp","href":"https:\/\/api.w.org\/{rel}","templated":true}]}}