{"id":702799,"date":"2025-08-27T15:18:59","date_gmt":"2025-08-27T12:18:59","guid":{"rendered":"https:\/\/roveyayinevi.com.tr\/index.php\/urun\/yesilden-maviye\/"},"modified":"2026-04-16T02:11:52","modified_gmt":"2026-04-15T23:11:52","slug":"yesilden-maviye","status":"publish","type":"product","link":"https:\/\/roveyayinevi.com.tr\/index.php\/urun\/yesilden-maviye\/","title":{"rendered":"Ye\u015filden Maviye"},"content":{"rendered":"<p>Masal \u015f\u00f6yle ba\u015flar: Sokaklar\u0131 hecelemeye ba\u015flad\u0131\u011f\u0131m\u0131z g\u00fcnlerdi. Ya\u015f\u0131 bilinmeyen ya\u011fmur gibiydi insanlar. Sonlar\u0131na benzeyen, denizi ve maviyi bilmekten ba\u015fka su\u00e7u olmayan insanlar; uyuyunca e\u015fit olur, uyan\u0131nca sihir bozulur e\u015fitsizlik ba\u015flard\u0131. Tanr\u0131n\u0131n ve devletin de\u011filse de do\u011fan\u0131n eski \u00f6yk\u00fcleri gibiydi her biri. Oku oku bitmeyen, iyi ki bitmeyen kad\u0131nlar. Yaz yaz noktalanmayan, iyi ki noktalanmayan kad\u0131nlar. Maviden olma ye\u015filden do\u011fma Karadenizli kad\u0131nlar, su ile ate\u015fin birbirinden anlam al\u0131p anlam vermesine delildi. Hakikat \u015f\u00f6yle devam eder: Ve dillerinden s\u00fcrg\u00fcn de\u011fi\u015fik kavimlerin ya\u015fad\u0131\u011f\u0131 Karadeniz&#8230; Hem \u00e2h\u0131m\u0131z hem de a\u015fk\u0131m\u0131z&#8230; Mavi derin, ye\u015fil serin Karadenizli kad\u0131nlar. Maviden g\u00fcn alan ye\u015file \u00f6m\u00fcr veren kad\u0131nlar. Di\u011fer renklerin maviye ve ye\u015file yard\u0131m yatakl\u0131k yapmak i\u00e7in var oldu\u011fu co\u011frafya&#8230; S\u0131rlarla dolu hen\u00fcz i\u00e7i a\u00e7\u0131lmam\u0131\u015f tarih&#8230; <\/p>\n","protected":false},"excerpt":{"rendered":"<p>Masal \u015f\u00f6yle ba\u015flar: Sokaklar\u0131 hecelemeye ba\u015flad\u0131\u011f\u0131m\u0131z g\u00fcnlerdi. Ya\u015f\u0131 bilinmeyen ya\u011fmur gibiydi insanlar. Sonlar\u0131na benzeyen, denizi ve maviyi bilmekten ba\u015fka su\u00e7u olmayan insanlar; uyuyunca e\u015fit olur, uyan\u0131nca<span class=\"excerpt-hellip\"> [\u2026]<\/span><\/p>\n","protected":false},"featured_media":0,"template":"","meta":{"_monsterinsights_skip_tracking":false,"_monsterinsights_sitenote_active":false,"_monsterinsights_sitenote_note":"","_monsterinsights_sitenote_category":0},"product_brand":[],"product_cat":[12777,12291],"product_tag":[],"class_list":{"0":"post-702799","1":"product","2":"type-product","3":"status-publish","5":"product_cat-deneme","6":"product_cat-edebiyat","7":"pa_cilt-ciltsiz","8":"pa_tur-kitap","9":"pa_yayinevi-nika-yayinevi","10":"pa_yazar-elif-yildirim","11":"pa_yazar-leyla-celik-der","13":"first","14":"instock","15":"sale","16":"shipping-taxable","17":"purchasable","18":"product-type-simple"},"_links":{"self":[{"href":"https:\/\/roveyayinevi.com.tr\/index.php\/wp-json\/wp\/v2\/product\/702799","targetHints":{"allow":["GET"]}}],"collection":[{"href":"https:\/\/roveyayinevi.com.tr\/index.php\/wp-json\/wp\/v2\/product"}],"about":[{"href":"https:\/\/roveyayinevi.com.tr\/index.php\/wp-json\/wp\/v2\/types\/product"}],"wp:attachment":[{"href":"https:\/\/roveyayinevi.com.tr\/index.php\/wp-json\/wp\/v2\/media?parent=702799"}],"wp:term":[{"taxonomy":"product_brand","embeddable":true,"href":"https:\/\/roveyayinevi.com.tr\/index.php\/wp-json\/wp\/v2\/product_brand?post=702799"},{"taxonomy":"product_cat","embeddable":true,"href":"https:\/\/roveyayinevi.com.tr\/index.php\/wp-json\/wp\/v2\/product_cat?post=702799"},{"taxonomy":"product_tag","embeddable":true,"href":"https:\/\/roveyayinevi.com.tr\/index.php\/wp-json\/wp\/v2\/product_tag?post=702799"}],"curies":[{"name":"wp","href":"https:\/\/api.w.org\/{rel}","templated":true}]}}