{"id":702797,"date":"2025-08-27T15:18:58","date_gmt":"2025-08-27T12:18:58","guid":{"rendered":"https:\/\/roveyayinevi.com.tr\/index.php\/urun\/parma-manastiri\/"},"modified":"2026-04-16T02:11:52","modified_gmt":"2026-04-15T23:11:52","slug":"parma-manastiri","status":"publish","type":"product","link":"https:\/\/roveyayinevi.com.tr\/index.php\/urun\/parma-manastiri\/","title":{"rendered":"Parma Manast\u0131r\u0131"},"content":{"rendered":"<p>Bu roman\u0131 1830\u2019daki asl\u0131ndan hi\u00e7bir \u015fey de\u011fi\u015fmeksizin yay\u0131ml\u0131yorum. Bunun iki sak\u0131ncas\u0131 olabilir. Birincisi, okuyucu bak\u0131m\u0131ndan: Ki\u015filer \u0130talyan olduklar\u0131ndan okuyucu daha az ilgilenecektir belki. Bu \u00fclkenin insanlar\u0131 Frans\u0131zlar\u2019dan olduk\u00e7a farkl\u0131d\u0131r. \u0130talyanlar i\u00e7tendir, iyi insanlard\u0131r, \u00e7ekingen de\u011fillerdir, ak\u0131llar\u0131ndan ge\u00e7eni s\u00f6yleyiverirler. Zaman zaman gurura kap\u0131lsalar da bu, tutku haline gelir,  benlik  ad\u0131n\u0131 al\u0131r. Sonra, yoksulluk g\u00fcl\u00fcn\u00e7 bir durum de\u011fildir onlar i\u00e7in. \u0130kinci sak\u0131nca ise, yazar\u0131 ilgilendirmektedir. A\u00e7\u0131k s\u00f6yleyeyim, \u00f6yk\u00fcn\u00fcn kahramanlar\u0131n\u0131n yarad\u0131l\u0131\u015flar\u0131n\u0131n sertliklerini, tutars\u0131zl\u0131klar\u0131n\u0131n oldu\u011fu gibi b\u0131rakmay\u0131 g\u00f6ze ald\u0131m. Buna kar\u015f\u0131l\u0131k \u00e7ekinmeden s\u00f6yl\u00fcyorum, yapt\u0131klar\u0131n\u0131n \u00e7o\u011funa da ahlak bak\u0131m\u0131ndan ay\u0131plad\u0131m. Paray\u0131 her \u015feyden \u00e7ok seven, kin ya da sevgi u\u011fruna hi\u00e7 g\u00fcnah i\u015flemeyen Frans\u0131zlar\u2019\u0131n yarad\u0131l\u0131\u015flar\u0131ndaki y\u00fcksek ahlak\u0131, sevimlilikleri onlara vermek neye yarar? Bu romandaki \u0130talyanlar, bunun tersidirler. Zaten bana \u00f6yle geliyor ki, insan ne zaman g\u00fcneyden kuzeye iki y\u00fcz fersah yol gitse, yeni bir manzara gibi yeni bir roman da \u00e7\u0131kar ortaya. Papaz\u0131n sevimli ye\u011feni, d\u00fc\u015fes Sanseverina\u2019y\u0131 tan\u0131m\u0131\u015f, \u00e7ok da sevmi\u015fti. Benden de onun ba\u015f\u0131ndan ge\u00e7en ay\u0131planmaya de\u011fer olaylar\u0131 hi\u00e7 de\u011fi\u015ftirmeden yazmam\u0131 rica etti. Ben de bu ricalar\u0131na uydum. <\/p>\n","protected":false},"excerpt":{"rendered":"<p>Bu roman\u0131 1830\u2019daki asl\u0131ndan hi\u00e7bir \u015fey de\u011fi\u015fmeksizin yay\u0131ml\u0131yorum. Bunun iki sak\u0131ncas\u0131 olabilir. Birincisi, okuyucu bak\u0131m\u0131ndan: Ki\u015filer \u0130talyan olduklar\u0131ndan okuyucu daha az ilgilenecektir belki. Bu \u00fclkenin insanlar\u0131<span class=\"excerpt-hellip\"> [\u2026]<\/span><\/p>\n","protected":false},"featured_media":0,"template":"","meta":{"_monsterinsights_skip_tracking":false,"_monsterinsights_sitenote_active":false,"_monsterinsights_sitenote_note":"","_monsterinsights_sitenote_category":0},"product_brand":[],"product_cat":[12291,13376],"product_tag":[],"class_list":{"0":"post-702797","1":"product","2":"type-product","3":"status-publish","5":"product_cat-edebiyat","6":"product_cat-fransiz-edebiyati","7":"pa_tur-kitap","8":"pa_yayinevi-iskele-yayincilik","9":"pa_yazar-marie-henri-beyle-stendhal","11":"first","12":"instock","13":"sale","14":"shipping-taxable","15":"purchasable","16":"product-type-simple"},"_links":{"self":[{"href":"https:\/\/roveyayinevi.com.tr\/index.php\/wp-json\/wp\/v2\/product\/702797","targetHints":{"allow":["GET"]}}],"collection":[{"href":"https:\/\/roveyayinevi.com.tr\/index.php\/wp-json\/wp\/v2\/product"}],"about":[{"href":"https:\/\/roveyayinevi.com.tr\/index.php\/wp-json\/wp\/v2\/types\/product"}],"wp:attachment":[{"href":"https:\/\/roveyayinevi.com.tr\/index.php\/wp-json\/wp\/v2\/media?parent=702797"}],"wp:term":[{"taxonomy":"product_brand","embeddable":true,"href":"https:\/\/roveyayinevi.com.tr\/index.php\/wp-json\/wp\/v2\/product_brand?post=702797"},{"taxonomy":"product_cat","embeddable":true,"href":"https:\/\/roveyayinevi.com.tr\/index.php\/wp-json\/wp\/v2\/product_cat?post=702797"},{"taxonomy":"product_tag","embeddable":true,"href":"https:\/\/roveyayinevi.com.tr\/index.php\/wp-json\/wp\/v2\/product_tag?post=702797"}],"curies":[{"name":"wp","href":"https:\/\/api.w.org\/{rel}","templated":true}]}}