{"id":702795,"date":"2025-08-27T15:18:57","date_gmt":"2025-08-27T12:18:57","guid":{"rendered":"https:\/\/roveyayinevi.com.tr\/index.php\/urun\/bilim-adamlarimiz-serisi-mimar-sinan\/"},"modified":"2026-04-16T02:11:52","modified_gmt":"2026-04-15T23:11:52","slug":"bilim-adamlarimiz-serisi-mimar-sinan","status":"publish","type":"product","link":"https:\/\/roveyayinevi.com.tr\/index.php\/urun\/bilim-adamlarimiz-serisi-mimar-sinan\/","title":{"rendered":"Bilim Adamlar\u0131m\u0131z Serisi : Mimar Sinan"},"content":{"rendered":"<p>T\u00fcrk tarihinin en b\u00fcy\u00fck mimarlar\u0131ndan biri olan Mimar Sinan, 1489 y\u0131l\u0131nda Kayseri\u2019de do\u011fmu\u015ftur. O d\u00f6nemin padi\u015fah\u0131 Yavuz Sultan Selim&#8217;in bir t\u00fcr asker toplama y\u00f6ntemi olan dev\u015firmeyi Anadolu&#8217;da yapt\u0131rmas\u0131 sonucu, 1512 tarihinde Kayseri&#8217;den \u0130stanbul&#8217;a getirilmi\u015ftir. Mimar Sinan, Acemio\u011flanlar\u0131n bir zanaat \u00f6\u011frenmeleri kural\u0131na uyarak d\u00fclgerli\u011fi \u00f6\u011frendi. B\u00f6ylece ordunun yap\u0131 gereksinimini kar\u015f\u0131layan birimlerde g\u00f6rev ald\u0131. \ufffcTan\u0131t\u0131m Metni<\/p>\n","protected":false},"excerpt":{"rendered":"<p>T\u00fcrk tarihinin en b\u00fcy\u00fck mimarlar\u0131ndan biri olan Mimar Sinan, 1489 y\u0131l\u0131nda Kayseri\u2019de do\u011fmu\u015ftur. O d\u00f6nemin padi\u015fah\u0131 Yavuz Sultan Selim&#8217;in bir t\u00fcr asker toplama y\u00f6ntemi olan dev\u015firmeyi<span class=\"excerpt-hellip\"> [\u2026]<\/span><\/p>\n","protected":false},"featured_media":0,"template":"","meta":{"_monsterinsights_skip_tracking":false,"_monsterinsights_sitenote_active":false,"_monsterinsights_sitenote_note":"","_monsterinsights_sitenote_category":0},"product_brand":[],"product_cat":[12370,12304],"product_tag":[],"class_list":{"0":"post-702795","1":"product","2":"type-product","3":"status-publish","5":"product_cat-arastirma-inceleme","6":"product_cat-tarih","7":"pa_tur-kitap","8":"pa_yayinevi-parola-yayinlari","9":"pa_yazar-ali-kuzu","11":"first","12":"instock","13":"sale","14":"shipping-taxable","15":"purchasable","16":"product-type-simple"},"_links":{"self":[{"href":"https:\/\/roveyayinevi.com.tr\/index.php\/wp-json\/wp\/v2\/product\/702795","targetHints":{"allow":["GET"]}}],"collection":[{"href":"https:\/\/roveyayinevi.com.tr\/index.php\/wp-json\/wp\/v2\/product"}],"about":[{"href":"https:\/\/roveyayinevi.com.tr\/index.php\/wp-json\/wp\/v2\/types\/product"}],"wp:attachment":[{"href":"https:\/\/roveyayinevi.com.tr\/index.php\/wp-json\/wp\/v2\/media?parent=702795"}],"wp:term":[{"taxonomy":"product_brand","embeddable":true,"href":"https:\/\/roveyayinevi.com.tr\/index.php\/wp-json\/wp\/v2\/product_brand?post=702795"},{"taxonomy":"product_cat","embeddable":true,"href":"https:\/\/roveyayinevi.com.tr\/index.php\/wp-json\/wp\/v2\/product_cat?post=702795"},{"taxonomy":"product_tag","embeddable":true,"href":"https:\/\/roveyayinevi.com.tr\/index.php\/wp-json\/wp\/v2\/product_tag?post=702795"}],"curies":[{"name":"wp","href":"https:\/\/api.w.org\/{rel}","templated":true}]}}