{"id":702794,"date":"2025-08-27T15:18:57","date_gmt":"2025-08-27T12:18:57","guid":{"rendered":"https:\/\/roveyayinevi.com.tr\/index.php\/urun\/devir\/"},"modified":"2026-04-16T02:11:52","modified_gmt":"2026-04-15T23:11:52","slug":"devir","status":"publish","type":"product","link":"https:\/\/roveyayinevi.com.tr\/index.php\/urun\/devir\/","title":{"rendered":"Devir"},"content":{"rendered":"<p>\u201cBen art\u0131k susmak istemiyorum. \u00c7\u00fcnk\u00fc insan belki hi\u00e7 konu\u015famaz bir kere susarsa. Ku\u011fu gibi dili d\u0131\u015far\u0131da kal\u0131r, ses \u00e7\u0131kmaz. Ben art\u0131k hep konu\u015faca\u011f\u0131m.\u201d <\/p>\n","protected":false},"excerpt":{"rendered":"<p>\u201cBen art\u0131k susmak istemiyorum. \u00c7\u00fcnk\u00fc insan belki hi\u00e7 konu\u015famaz bir kere susarsa. Ku\u011fu gibi dili d\u0131\u015far\u0131da kal\u0131r, ses \u00e7\u0131kmaz. Ben art\u0131k hep konu\u015faca\u011f\u0131m.\u201d<\/p>\n","protected":false},"featured_media":0,"template":"","meta":{"_monsterinsights_skip_tracking":false,"_monsterinsights_sitenote_active":false,"_monsterinsights_sitenote_note":"","_monsterinsights_sitenote_category":0},"product_brand":[],"product_cat":[12291,12292],"product_tag":[],"class_list":{"0":"post-702794","1":"product","2":"type-product","3":"status-publish","5":"product_cat-edebiyat","6":"product_cat-turk-edebiyati","7":"pa_cilt-ciltsiz","8":"pa_tur-kitap","9":"pa_yayinevi-can-yayinlari","10":"pa_yazar-ece-temelkuran","12":"first","13":"instock","14":"sale","15":"shipping-taxable","16":"purchasable","17":"product-type-simple"},"_links":{"self":[{"href":"https:\/\/roveyayinevi.com.tr\/index.php\/wp-json\/wp\/v2\/product\/702794","targetHints":{"allow":["GET"]}}],"collection":[{"href":"https:\/\/roveyayinevi.com.tr\/index.php\/wp-json\/wp\/v2\/product"}],"about":[{"href":"https:\/\/roveyayinevi.com.tr\/index.php\/wp-json\/wp\/v2\/types\/product"}],"wp:attachment":[{"href":"https:\/\/roveyayinevi.com.tr\/index.php\/wp-json\/wp\/v2\/media?parent=702794"}],"wp:term":[{"taxonomy":"product_brand","embeddable":true,"href":"https:\/\/roveyayinevi.com.tr\/index.php\/wp-json\/wp\/v2\/product_brand?post=702794"},{"taxonomy":"product_cat","embeddable":true,"href":"https:\/\/roveyayinevi.com.tr\/index.php\/wp-json\/wp\/v2\/product_cat?post=702794"},{"taxonomy":"product_tag","embeddable":true,"href":"https:\/\/roveyayinevi.com.tr\/index.php\/wp-json\/wp\/v2\/product_tag?post=702794"}],"curies":[{"name":"wp","href":"https:\/\/api.w.org\/{rel}","templated":true}]}}