{"id":702790,"date":"2025-08-27T15:18:55","date_gmt":"2025-08-27T12:18:55","guid":{"rendered":"https:\/\/roveyayinevi.com.tr\/index.php\/urun\/iskali-karnaval\/"},"modified":"2026-04-16T02:11:52","modified_gmt":"2026-04-15T23:11:52","slug":"iskali-karnaval","status":"publish","type":"product","link":"https:\/\/roveyayinevi.com.tr\/index.php\/urun\/iskali-karnaval\/","title":{"rendered":"Iskal\u0131 Karnaval"},"content":{"rendered":"<p>Yaz\u0131nsal ton, bi\u00e7em a\u00e7\u0131s\u0131ndan Kerem I\u015f\u0131k\u2019\u0131n bir \u00f6nceki kitab\u0131 Toplum B\u00f6ce\u011fi\u2019yle ayn\u0131 enlem ve boylamda konumlanan Iskal\u0131 Karnaval, b\u00fct\u00fcn u\u00e7ar\u0131 havas\u0131na kar\u015f\u0131n aya\u011f\u0131n\u0131 bast\u0131\u011f\u0131 ger\u00e7eklikle ba\u011f\u0131n\u0131 koparmadan kurmacaya sad\u0131k kalan, g\u00fcn\u00fcm\u00fcz insan\u0131n\u0131n trajik s\u0131k\u0131\u015fmas\u0131n\u0131 fantastik bir vurguyla kurgulayan \u00f6yk\u00fclerle ironik bir karnaval alan\u0131 resmediyor. \ufffcTan\u0131t\u0131m Metni<\/p>\n","protected":false},"excerpt":{"rendered":"<p>Yaz\u0131nsal ton, bi\u00e7em a\u00e7\u0131s\u0131ndan Kerem I\u015f\u0131k\u2019\u0131n bir \u00f6nceki kitab\u0131 Toplum B\u00f6ce\u011fi\u2019yle ayn\u0131 enlem ve boylamda konumlanan Iskal\u0131 Karnaval, b\u00fct\u00fcn u\u00e7ar\u0131 havas\u0131na kar\u015f\u0131n aya\u011f\u0131n\u0131 bast\u0131\u011f\u0131 ger\u00e7eklikle ba\u011f\u0131n\u0131<span class=\"excerpt-hellip\"> [\u2026]<\/span><\/p>\n","protected":false},"featured_media":0,"template":"","meta":{"_monsterinsights_skip_tracking":false,"_monsterinsights_sitenote_active":false,"_monsterinsights_sitenote_note":"","_monsterinsights_sitenote_category":0},"product_brand":[],"product_cat":[12291,12711],"product_tag":[],"class_list":{"0":"post-702790","1":"product","2":"type-product","3":"status-publish","5":"product_cat-edebiyat","6":"product_cat-roman-oyku","7":"pa_cilt-ciltsiz","8":"pa_tur-kitap","9":"pa_yayinevi-yapi-kredi-yayinlari","10":"pa_yazar-kerem-isik","12":"first","13":"instock","14":"sale","15":"shipping-taxable","16":"purchasable","17":"product-type-simple"},"_links":{"self":[{"href":"https:\/\/roveyayinevi.com.tr\/index.php\/wp-json\/wp\/v2\/product\/702790","targetHints":{"allow":["GET"]}}],"collection":[{"href":"https:\/\/roveyayinevi.com.tr\/index.php\/wp-json\/wp\/v2\/product"}],"about":[{"href":"https:\/\/roveyayinevi.com.tr\/index.php\/wp-json\/wp\/v2\/types\/product"}],"wp:attachment":[{"href":"https:\/\/roveyayinevi.com.tr\/index.php\/wp-json\/wp\/v2\/media?parent=702790"}],"wp:term":[{"taxonomy":"product_brand","embeddable":true,"href":"https:\/\/roveyayinevi.com.tr\/index.php\/wp-json\/wp\/v2\/product_brand?post=702790"},{"taxonomy":"product_cat","embeddable":true,"href":"https:\/\/roveyayinevi.com.tr\/index.php\/wp-json\/wp\/v2\/product_cat?post=702790"},{"taxonomy":"product_tag","embeddable":true,"href":"https:\/\/roveyayinevi.com.tr\/index.php\/wp-json\/wp\/v2\/product_tag?post=702790"}],"curies":[{"name":"wp","href":"https:\/\/api.w.org\/{rel}","templated":true}]}}