{"id":702789,"date":"2025-08-27T15:18:55","date_gmt":"2025-08-27T12:18:55","guid":{"rendered":"https:\/\/roveyayinevi.com.tr\/index.php\/urun\/bildigin-kizlardan-degil\/"},"modified":"2026-04-16T02:11:52","modified_gmt":"2026-04-15T23:11:52","slug":"bildigin-kizlardan-degil","status":"publish","type":"product","link":"https:\/\/roveyayinevi.com.tr\/index.php\/urun\/bildigin-kizlardan-degil\/","title":{"rendered":"Bildi\u011fin K\u0131zlardan De\u011fil"},"content":{"rendered":"<p>D\u00fcnyay\u0131 kas\u0131p kavuran HBO dizisi Girls&#8217;\u00fcn \u00f6d\u00fcll\u00fc yazar\u0131, yap\u0131mc\u0131s\u0131 ve ba\u015frol oyuncusu, k\u0131z d\u00fcnyas\u0131n\u0131n yeni fenomeni, Time dergisine g\u00f6re d\u00fcnyan\u0131n en etkileyici 100 ki\u015fisinden biri olan Lena Dunham; zeka dolu, en komik ve samimi d\u00fc\u015f\u00fcncelerini toplad\u0131\u011f\u0131 kitab\u0131yla orijinalli\u011fini kan\u0131tlam\u0131\u015f bir yetenek olarak kar\u015f\u0131m\u0131zda. <\/p>\n","protected":false},"excerpt":{"rendered":"<p>D\u00fcnyay\u0131 kas\u0131p kavuran HBO dizisi Girls&#8217;\u00fcn \u00f6d\u00fcll\u00fc yazar\u0131, yap\u0131mc\u0131s\u0131 ve ba\u015frol oyuncusu, k\u0131z d\u00fcnyas\u0131n\u0131n yeni fenomeni, Time dergisine g\u00f6re d\u00fcnyan\u0131n en etkileyici 100 ki\u015fisinden biri olan<span class=\"excerpt-hellip\"> [\u2026]<\/span><\/p>\n","protected":false},"featured_media":0,"template":"","meta":{"_monsterinsights_skip_tracking":false,"_monsterinsights_sitenote_active":false,"_monsterinsights_sitenote_note":"","_monsterinsights_sitenote_category":0},"product_brand":[],"product_cat":[12782,12291],"product_tag":[],"class_list":{"0":"post-702789","1":"product","2":"type-product","3":"status-publish","5":"product_cat-alman-edebiyati","6":"product_cat-edebiyat","7":"pa_tur-kitap","8":"pa_yayinevi-okuyan-us-yayin","9":"pa_yazar-lena-dunham","11":"first","12":"instock","13":"sale","14":"shipping-taxable","15":"purchasable","16":"product-type-simple"},"_links":{"self":[{"href":"https:\/\/roveyayinevi.com.tr\/index.php\/wp-json\/wp\/v2\/product\/702789","targetHints":{"allow":["GET"]}}],"collection":[{"href":"https:\/\/roveyayinevi.com.tr\/index.php\/wp-json\/wp\/v2\/product"}],"about":[{"href":"https:\/\/roveyayinevi.com.tr\/index.php\/wp-json\/wp\/v2\/types\/product"}],"wp:attachment":[{"href":"https:\/\/roveyayinevi.com.tr\/index.php\/wp-json\/wp\/v2\/media?parent=702789"}],"wp:term":[{"taxonomy":"product_brand","embeddable":true,"href":"https:\/\/roveyayinevi.com.tr\/index.php\/wp-json\/wp\/v2\/product_brand?post=702789"},{"taxonomy":"product_cat","embeddable":true,"href":"https:\/\/roveyayinevi.com.tr\/index.php\/wp-json\/wp\/v2\/product_cat?post=702789"},{"taxonomy":"product_tag","embeddable":true,"href":"https:\/\/roveyayinevi.com.tr\/index.php\/wp-json\/wp\/v2\/product_tag?post=702789"}],"curies":[{"name":"wp","href":"https:\/\/api.w.org\/{rel}","templated":true}]}}