{"id":702783,"date":"2025-08-27T15:18:53","date_gmt":"2025-08-27T12:18:53","guid":{"rendered":"https:\/\/roveyayinevi.com.tr\/index.php\/urun\/ekolojik-felaket-ve-meta-olarak-gida\/"},"modified":"2026-04-16T02:11:51","modified_gmt":"2026-04-15T23:11:51","slug":"ekolojik-felaket-ve-meta-olarak-gida","status":"publish","type":"product","link":"https:\/\/roveyayinevi.com.tr\/index.php\/urun\/ekolojik-felaket-ve-meta-olarak-gida\/","title":{"rendered":"Ekolojik Felaket ve Meta Olarak G\u0131da"},"content":{"rendered":"<p>Hikayenin esas\u0131 \u015fudur; kapitalist sistem rasyonel tar\u0131ma kar\u015f\u0131d\u0131r ya da rasyonel tar\u0131m kapitalist sistemle uyumsuzdur (kapitalist sistem tar\u0131mda teknik geli\u015fmeyi sa\u011flasa dahi durum budur) ve kapitalist sistem kendileri i\u00e7in \u00e7al\u0131\u015fan k\u00fc\u00e7\u00fck \u00e7ift\u00e7ilere ya da onlarla i\u015f yapan \u00fcreticilere ihtiya\u00e7 duymaktad\u0131r <\/p>\n","protected":false},"excerpt":{"rendered":"<p>Hikayenin esas\u0131 \u015fudur; kapitalist sistem rasyonel tar\u0131ma kar\u015f\u0131d\u0131r ya da rasyonel tar\u0131m kapitalist sistemle uyumsuzdur (kapitalist sistem tar\u0131mda teknik geli\u015fmeyi sa\u011flasa dahi durum budur) ve kapitalist<span class=\"excerpt-hellip\"> [\u2026]<\/span><\/p>\n","protected":false},"featured_media":0,"template":"","meta":{"_monsterinsights_skip_tracking":false,"_monsterinsights_sitenote_active":false,"_monsterinsights_sitenote_note":"","_monsterinsights_sitenote_category":0},"product_brand":[],"product_cat":[12325,12324],"product_tag":[],"class_list":{"0":"post-702783","1":"product","2":"type-product","3":"status-publish","5":"product_cat-diger-sosyoloji","6":"product_cat-sosyoloji","7":"pa_tur-kitap","8":"pa_yayinevi-kalkedon-yayincilik","9":"pa_yazar-mara-baviera","11":"first","12":"instock","13":"sale","14":"shipping-taxable","15":"purchasable","16":"product-type-simple"},"_links":{"self":[{"href":"https:\/\/roveyayinevi.com.tr\/index.php\/wp-json\/wp\/v2\/product\/702783","targetHints":{"allow":["GET"]}}],"collection":[{"href":"https:\/\/roveyayinevi.com.tr\/index.php\/wp-json\/wp\/v2\/product"}],"about":[{"href":"https:\/\/roveyayinevi.com.tr\/index.php\/wp-json\/wp\/v2\/types\/product"}],"wp:attachment":[{"href":"https:\/\/roveyayinevi.com.tr\/index.php\/wp-json\/wp\/v2\/media?parent=702783"}],"wp:term":[{"taxonomy":"product_brand","embeddable":true,"href":"https:\/\/roveyayinevi.com.tr\/index.php\/wp-json\/wp\/v2\/product_brand?post=702783"},{"taxonomy":"product_cat","embeddable":true,"href":"https:\/\/roveyayinevi.com.tr\/index.php\/wp-json\/wp\/v2\/product_cat?post=702783"},{"taxonomy":"product_tag","embeddable":true,"href":"https:\/\/roveyayinevi.com.tr\/index.php\/wp-json\/wp\/v2\/product_tag?post=702783"}],"curies":[{"name":"wp","href":"https:\/\/api.w.org\/{rel}","templated":true}]}}