{"id":702782,"date":"2025-08-27T15:18:53","date_gmt":"2025-08-27T12:18:53","guid":{"rendered":"https:\/\/roveyayinevi.com.tr\/index.php\/urun\/fizi-k-ve-bayan-lokomotif\/"},"modified":"2026-04-16T02:11:51","modified_gmt":"2026-04-15T23:11:51","slug":"fizi-k-ve-bayan-lokomotif","status":"publish","type":"product","link":"https:\/\/roveyayinevi.com.tr\/index.php\/urun\/fizi-k-ve-bayan-lokomotif\/","title":{"rendered":"Fizi K ve Bayan Lokomotif"},"content":{"rendered":"<p>Fizi merakla, &#8216;Bayan Lokomotif de kim?&#8217; diye sordu. Ya\u015fl\u0131 Leon, &#8216;Bayan Lokomotif benim Lokomotifim&#8217; diyerek onu yan\u0131tlad\u0131 ve &#8216;\u00c7uff \u00e7\u00e7uuuff!&#8217; diye ba\u011f\u0131rarak tencerenin etraf\u0131nda tren gibi dola\u015fmaya ba\u015flad\u0131. \ufffcTan\u0131t\u0131m Metni<\/p>\n","protected":false},"excerpt":{"rendered":"<p>Fizi merakla, &#8216;Bayan Lokomotif de kim?&#8217; diye sordu. Ya\u015fl\u0131 Leon, &#8216;Bayan Lokomotif benim Lokomotifim&#8217; diyerek onu yan\u0131tlad\u0131 ve &#8216;\u00c7uff \u00e7\u00e7uuuff!&#8217; diye ba\u011f\u0131rarak tencerenin etraf\u0131nda tren gibi<span class=\"excerpt-hellip\"> [\u2026]<\/span><\/p>\n","protected":false},"featured_media":0,"template":"","meta":{"_monsterinsights_skip_tracking":false,"_monsterinsights_sitenote_active":false,"_monsterinsights_sitenote_note":"","_monsterinsights_sitenote_category":0},"product_brand":[],"product_cat":[13829,12274],"product_tag":[],"class_list":{"0":"post-702782","1":"product","2":"type-product","3":"status-publish","5":"product_cat-bilimsel-kitaplar","6":"product_cat-cocuk-ve-genclik-kitaplari","7":"pa_tur-kitap","8":"pa_yayinevi-odtu-gelistirme-vakfi-yayincilik","9":"pa_yazar-virginie-rochetti","11":"first","12":"instock","13":"sale","14":"shipping-taxable","15":"purchasable","16":"product-type-simple"},"_links":{"self":[{"href":"https:\/\/roveyayinevi.com.tr\/index.php\/wp-json\/wp\/v2\/product\/702782","targetHints":{"allow":["GET"]}}],"collection":[{"href":"https:\/\/roveyayinevi.com.tr\/index.php\/wp-json\/wp\/v2\/product"}],"about":[{"href":"https:\/\/roveyayinevi.com.tr\/index.php\/wp-json\/wp\/v2\/types\/product"}],"wp:attachment":[{"href":"https:\/\/roveyayinevi.com.tr\/index.php\/wp-json\/wp\/v2\/media?parent=702782"}],"wp:term":[{"taxonomy":"product_brand","embeddable":true,"href":"https:\/\/roveyayinevi.com.tr\/index.php\/wp-json\/wp\/v2\/product_brand?post=702782"},{"taxonomy":"product_cat","embeddable":true,"href":"https:\/\/roveyayinevi.com.tr\/index.php\/wp-json\/wp\/v2\/product_cat?post=702782"},{"taxonomy":"product_tag","embeddable":true,"href":"https:\/\/roveyayinevi.com.tr\/index.php\/wp-json\/wp\/v2\/product_tag?post=702782"}],"curies":[{"name":"wp","href":"https:\/\/api.w.org\/{rel}","templated":true}]}}