{"id":702780,"date":"2025-08-27T15:18:52","date_gmt":"2025-08-27T12:18:52","guid":{"rendered":"https:\/\/roveyayinevi.com.tr\/index.php\/urun\/hangi-sag\/"},"modified":"2026-04-16T02:11:51","modified_gmt":"2026-04-15T23:11:51","slug":"hangi-sag","status":"publish","type":"product","link":"https:\/\/roveyayinevi.com.tr\/index.php\/urun\/hangi-sag\/","title":{"rendered":"Hangi Sa\u011f"},"content":{"rendered":"<p>Ne konu\u015ftuk, Osmanl\u0131\u2019da ulusal burjuva yoktu, \u0130ttihat\u00e7\u0131lar\u2019dan ba\u015flayarak ulusal burjuva yaratma \u00e7abas\u0131na giri\u015filmi\u015f, Cumhuriyet\u2019ten sonra da bu \u00e7aba s\u00fcrd\u00fcr\u00fclm\u00fc\u015ft\u00fcr. Devrimi, bizde b\u00fcrokrasi, ayd\u0131nlar ve e\u015frafla b\u00fct\u00fcnle\u015fmi\u015f halk\u0131n olu\u015fturdu\u011fu \u2018tarihsel blok\u2019 yapt\u0131, ba\u015far\u0131 kazan\u0131nca da \u015fu son derece zor durumla kar\u015f\u0131la\u015ft\u0131: Geli\u015fmi\u015f bir burjuvazi olsa, k\u00fclt\u00fcr\u00fcn\u00fc de yapt\u0131\u011f\u0131 i\u00e7in, \u00fcstyap\u0131s\u0131 ya haz\u0131r ya haz\u0131ra \u00e7eyrek kala olacak, devrimden sonra da bu \u00fcstyap\u0131 \u2018resmile\u015fecek\u2019. Klasik geli\u015fme \u015femas\u0131na uygun \u00fclkelerde b\u00f6yle olmu\u015f. Gel g\u00f6r ki bizde komprador burjuvazisi var, bunun k\u00fclt\u00fcr\u00fc ve \u00fcstyap\u0131s\u0131 derseniz tatl\u0131su Frenkli\u011fi! Onun i\u00e7in yeni Cumhuriyet, ilk g\u00fcnden ba\u015flayarak \u00f6yle k\u0131rma ve taklit bir \u00fcstyap\u0131 tehdidiyle kar\u015f\u0131 kar\u015f\u0131ya kal\u0131yor. \ufffcTan\u0131t\u0131m Metni<\/p>\n","protected":false},"excerpt":{"rendered":"<p>Ne konu\u015ftuk, Osmanl\u0131\u2019da ulusal burjuva yoktu, \u0130ttihat\u00e7\u0131lar\u2019dan ba\u015flayarak ulusal burjuva yaratma \u00e7abas\u0131na giri\u015filmi\u015f, Cumhuriyet\u2019ten sonra da bu \u00e7aba s\u00fcrd\u00fcr\u00fclm\u00fc\u015ft\u00fcr. Devrimi, bizde b\u00fcrokrasi, ayd\u0131nlar ve e\u015frafla b\u00fct\u00fcnle\u015fmi\u015f<span class=\"excerpt-hellip\"> [\u2026]<\/span><\/p>\n","protected":false},"featured_media":0,"template":"","meta":{"_monsterinsights_skip_tracking":false,"_monsterinsights_sitenote_active":false,"_monsterinsights_sitenote_note":"","_monsterinsights_sitenote_category":0},"product_brand":[],"product_cat":[12304,13493],"product_tag":[],"class_list":{"0":"post-702780","1":"product","2":"type-product","3":"status-publish","5":"product_cat-tarih","6":"product_cat-turkiye-ve-cumhuriyet-tarihi","7":"pa_cilt-ciltsiz","8":"pa_tur-kitap","9":"pa_yayinevi-is-bankasi-kultur-yayinlari","10":"pa_yazar-attila-ilhan","12":"first","13":"instock","14":"sale","15":"shipping-taxable","16":"purchasable","17":"product-type-simple"},"_links":{"self":[{"href":"https:\/\/roveyayinevi.com.tr\/index.php\/wp-json\/wp\/v2\/product\/702780","targetHints":{"allow":["GET"]}}],"collection":[{"href":"https:\/\/roveyayinevi.com.tr\/index.php\/wp-json\/wp\/v2\/product"}],"about":[{"href":"https:\/\/roveyayinevi.com.tr\/index.php\/wp-json\/wp\/v2\/types\/product"}],"wp:attachment":[{"href":"https:\/\/roveyayinevi.com.tr\/index.php\/wp-json\/wp\/v2\/media?parent=702780"}],"wp:term":[{"taxonomy":"product_brand","embeddable":true,"href":"https:\/\/roveyayinevi.com.tr\/index.php\/wp-json\/wp\/v2\/product_brand?post=702780"},{"taxonomy":"product_cat","embeddable":true,"href":"https:\/\/roveyayinevi.com.tr\/index.php\/wp-json\/wp\/v2\/product_cat?post=702780"},{"taxonomy":"product_tag","embeddable":true,"href":"https:\/\/roveyayinevi.com.tr\/index.php\/wp-json\/wp\/v2\/product_tag?post=702780"}],"curies":[{"name":"wp","href":"https:\/\/api.w.org\/{rel}","templated":true}]}}