{"id":702779,"date":"2025-08-27T15:18:52","date_gmt":"2025-08-27T12:18:52","guid":{"rendered":"https:\/\/roveyayinevi.com.tr\/index.php\/urun\/tek-dunyaya-dogru-antik-iran-ve-bati-avrupadaki-asya-ve-batinin-sekillenisi-cilt-2\/"},"modified":"2026-04-16T02:11:51","modified_gmt":"2026-04-15T23:11:51","slug":"tek-dunyaya-dogru-antik-iran-ve-bati-avrupadaki-asya-ve-batinin-sekillenisi-cilt-2","status":"publish","type":"product","link":"https:\/\/roveyayinevi.com.tr\/index.php\/urun\/tek-dunyaya-dogru-antik-iran-ve-bati-avrupadaki-asya-ve-batinin-sekillenisi-cilt-2\/","title":{"rendered":"Tek D\u00fcnyaya Do\u011fru &#8211; Antik \u0130ran ve Bat\u0131 &#8211; Avrupa&#8217;daki Asya ve Bat\u0131&#8217;n\u0131n \u015eekilleni\u015fi Cilt 2"},"content":{"rendered":"<p>Pers \u0130mparatorlu\u011fu, s\u0131n\u0131rlar\u0131n\u0131 Avrupa\u2019ya kadar geni\u015fleten ilk en \u00f6nemli Do\u011fulu g\u00fc\u00e7t\u00fcr. Ancak ticaret ve yerle\u015fme i\u00e7in onlardan \u00f6nce Avrupa\u2019ya gelen Fenikelilerin aksine, Persler M\u00d6 alt\u0131nc\u0131 y\u00fczy\u0131lda k\u0131taya ayak basarken, G\u00fcneydo\u011fu Avrupa\u2019n\u0131n bir b\u00f6l\u00fcm\u00fcn\u00fc eyaletleri yapmak \u00fczere, merkezden sevk ve idare edilen imparatorluklar\u0131n\u0131n b\u00fcnyesine katman\u0131n pe\u015finde ko\u015fmu\u015flard\u0131r. Ne var ki Do\u011fu\u2019dan gelip de Avrupa\u2019ya ad\u0131m atan onca halk\u0131n aras\u0131nda k\u00f6pr\u00fcba\u015flar\u0131 en k\u00fc\u00e7\u00fck, en uzak ve en k\u0131sa \u00f6m\u00fcrl\u00fc olan\u0131 Persler\u2019inkidir. Fenikeliler, Araplar, T\u00fcrkler, Mo\u011follar daha uzun bir zaman bu topraklarda kald\u0131klar\u0131 halde Persler ancak 60 y\u0131l tutunabildiler. Buna ra\u011fmen bu temasa genellikle ihtilaf a\u00e7\u0131s\u0131ndan yakla\u015f\u0131l\u0131r: Grek-Pers Sava\u015flar\u0131, \u0130skender\u2019in fetihleri ve Roma ile \u0130ran aras\u0131ndaki say\u0131s\u0131z \u00e7arp\u0131\u015fma. Oysa Avrupa\u2019n\u0131n antik \u0130ran\u2019la temas\u0131 k\u0131sa \u00f6m\u00fcrl\u00fc olmad\u0131\u011f\u0131 gibi \u00e7at\u0131\u015fmal\u0131 da de\u011fildir. Avrupa\u2019daki Asya ve Bat\u0131\u2019n\u0131n \u015eekilleni\u015fi dizisinin ikinci cildi i\u015fte bu, Do\u011fu ile Bat\u0131 aras\u0131ndaki bug\u00fcne kadar devam eden karma\u015f\u0131k etkile\u015fimin milad\u0131 olan ili\u015fkiyi mercek alt\u0131na al\u0131yor. \u0130ran\u2019a \u00f6zg\u00fc dini d\u00fc\u015f\u00fcnceler, \u0130lk\u00e7a\u011f boyunca H\u0131ristiyanl\u0131\u011f\u0131n do\u011fu\u015funu derinden etkileyecek \u015fekilde Bat\u0131\u2019ya ta\u015f\u0131nm\u0131\u015f ve Avrupa\u2019daki Reform \u00f6ncesi en \u00f6nemli dini ba\u015fkald\u0131r\u0131yla doru\u011fa ula\u015f\u0131ncaya kadar da akmaya devam etmi\u015ftir. Antik \u0130ran\u2019\u0131n sonraki ku\u015faklara katk\u0131s\u0131 her \u015feyden \u00e7ok bir d\u00fc\u015f\u00fcncedir. Tek bir evrensel yaradan kavram\u0131n\u0131 a\u00e7\u0131k se\u00e7ik bir \u015fekilde ifade eden antik \u0130ran, tek bir evrensel d\u00fcnya fikrine el yordam\u0131yla yol alan ve tarih\u00e7i J. M. Roberts\u2019\u0131n deyi\u015fiyle \u201cgelece\u011fin d\u00fcnya uygarl\u0131\u011f\u0131n\u0131n temelini\u201d atan ilk uygarl\u0131kt\u0131r. Tek d\u00fcnya d\u00fc\u015f\u00fcncesi ayak direyecektir&#8230; Antik \u0130ran\u2019a \u00f6zg\u00fc politik ve etnik s\u0131n\u0131rlar\u0131 a\u015fan tek bir d\u00fcnya d\u00fc\u015f\u00fcncesi bug\u00fcn New York\u2019ta Birle\u015fmi\u015f Milletler binas\u0131n\u0131n giri\u015findeki \u2013s\u00f6zleri \u0130ranl\u0131 bir \u015faire ait\u2013 bir yaz\u0131tta cisimle\u015fmektedir. <\/p>\n","protected":false},"excerpt":{"rendered":"<p>Pers \u0130mparatorlu\u011fu, s\u0131n\u0131rlar\u0131n\u0131 Avrupa\u2019ya kadar geni\u015fleten ilk en \u00f6nemli Do\u011fulu g\u00fc\u00e7t\u00fcr. Ancak ticaret ve yerle\u015fme i\u00e7in onlardan \u00f6nce Avrupa\u2019ya gelen Fenikelilerin aksine, Persler M\u00d6 alt\u0131nc\u0131 y\u00fczy\u0131lda<span class=\"excerpt-hellip\"> [\u2026]<\/span><\/p>\n","protected":false},"featured_media":0,"template":"","meta":{"_monsterinsights_skip_tracking":false,"_monsterinsights_sitenote_active":false,"_monsterinsights_sitenote_note":"","_monsterinsights_sitenote_category":0},"product_brand":[],"product_cat":[14841,13043],"product_tag":[],"class_list":{"0":"post-702779","1":"product","2":"type-product","3":"status-publish","5":"product_cat-arastirma-inceleme-kuram","6":"product_cat-ekonomi","7":"pa_cilt-ciltsiz","8":"pa_tur-kitap","9":"pa_yayinevi-ayrinti-yayinlari","10":"pa_yazar-warwick-ball","12":"first","13":"instock","14":"sale","15":"shipping-taxable","16":"purchasable","17":"product-type-simple"},"_links":{"self":[{"href":"https:\/\/roveyayinevi.com.tr\/index.php\/wp-json\/wp\/v2\/product\/702779","targetHints":{"allow":["GET"]}}],"collection":[{"href":"https:\/\/roveyayinevi.com.tr\/index.php\/wp-json\/wp\/v2\/product"}],"about":[{"href":"https:\/\/roveyayinevi.com.tr\/index.php\/wp-json\/wp\/v2\/types\/product"}],"wp:attachment":[{"href":"https:\/\/roveyayinevi.com.tr\/index.php\/wp-json\/wp\/v2\/media?parent=702779"}],"wp:term":[{"taxonomy":"product_brand","embeddable":true,"href":"https:\/\/roveyayinevi.com.tr\/index.php\/wp-json\/wp\/v2\/product_brand?post=702779"},{"taxonomy":"product_cat","embeddable":true,"href":"https:\/\/roveyayinevi.com.tr\/index.php\/wp-json\/wp\/v2\/product_cat?post=702779"},{"taxonomy":"product_tag","embeddable":true,"href":"https:\/\/roveyayinevi.com.tr\/index.php\/wp-json\/wp\/v2\/product_tag?post=702779"}],"curies":[{"name":"wp","href":"https:\/\/api.w.org\/{rel}","templated":true}]}}