{"id":702778,"date":"2025-08-27T15:18:51","date_gmt":"2025-08-27T12:18:51","guid":{"rendered":"https:\/\/roveyayinevi.com.tr\/index.php\/urun\/marxin-kayip-estetigi\/"},"modified":"2026-04-16T02:11:51","modified_gmt":"2026-04-15T23:11:51","slug":"marxin-kayip-estetigi","status":"publish","type":"product","link":"https:\/\/roveyayinevi.com.tr\/index.php\/urun\/marxin-kayip-estetigi\/","title":{"rendered":"Marx\u2019\u0131n Kay\u0131p Esteti\u011fi"},"content":{"rendered":"<p>Sanat faaliyetlerinin devlet himayesinde ve bask\u0131s\u0131 alt\u0131nda ger\u00e7ekle\u015ftirildi\u011fi bir d\u00f6nemde, 19.y\u00fczy\u0131l Prusya\u2019s\u0131nda d\u00fcnyaya gelen ve hem estetik hem de siyasi anlamda g\u00f6r\u00fc\u015flerini bu ko\u015fullar alt\u0131nda geli\u015ftirip olgunla\u015ft\u0131ran Marx\u2019\u0131n \u00e7al\u0131\u015fmalar\u0131 da 1840\u2019larda sans\u00fcre u\u011fram\u0131\u015ft\u0131r. Ve o y\u0131llarda Marx, Heine, Bauer ve Feuerbach ile birlikte, Nazarenler olarak bilinen devlet destekli ve dini Romantik sanat\u0131n kar\u015f\u0131s\u0131nda durarak, sanat \u00fczerine kendi teorik \u00f6nermelerini geli\u015ftirmi\u015ftir. Ayn\u0131 \u015fekilde Marx, Antik Yunan d\u00f6nemini insanl\u0131\u011f\u0131n gen\u00e7li\u011fi olarak g\u00f6rd\u00fc\u011f\u00fcn\u00fc ve bu y\u00fczden hala bizim i\u00e7in \u00e7ekici oldu\u011funu s\u00f6yleyerek, Yunan sanat\u0131 \u00fczerine yorumlar da yapm\u0131\u015ft\u0131r. <\/p>\n","protected":false},"excerpt":{"rendered":"<p>Sanat faaliyetlerinin devlet himayesinde ve bask\u0131s\u0131 alt\u0131nda ger\u00e7ekle\u015ftirildi\u011fi bir d\u00f6nemde, 19.y\u00fczy\u0131l Prusya\u2019s\u0131nda d\u00fcnyaya gelen ve hem estetik hem de siyasi anlamda g\u00f6r\u00fc\u015flerini bu ko\u015fullar alt\u0131nda geli\u015ftirip<span class=\"excerpt-hellip\"> [\u2026]<\/span><\/p>\n","protected":false},"featured_media":0,"template":"","meta":{"_monsterinsights_skip_tracking":false,"_monsterinsights_sitenote_active":false,"_monsterinsights_sitenote_note":"","_monsterinsights_sitenote_category":0},"product_brand":[],"product_cat":[13548,12408],"product_tag":[],"class_list":{"0":"post-702778","1":"product","2":"type-product","3":"status-publish","5":"product_cat-kuram","6":"product_cat-sanat","7":"pa_cilt-ciltsiz","8":"pa_tur-kitap","9":"pa_yayinevi-ayrinti-yayinlari","10":"pa_yazar-margaret-a-rose","12":"first","13":"instock","14":"sale","15":"shipping-taxable","16":"purchasable","17":"product-type-simple"},"_links":{"self":[{"href":"https:\/\/roveyayinevi.com.tr\/index.php\/wp-json\/wp\/v2\/product\/702778","targetHints":{"allow":["GET"]}}],"collection":[{"href":"https:\/\/roveyayinevi.com.tr\/index.php\/wp-json\/wp\/v2\/product"}],"about":[{"href":"https:\/\/roveyayinevi.com.tr\/index.php\/wp-json\/wp\/v2\/types\/product"}],"wp:attachment":[{"href":"https:\/\/roveyayinevi.com.tr\/index.php\/wp-json\/wp\/v2\/media?parent=702778"}],"wp:term":[{"taxonomy":"product_brand","embeddable":true,"href":"https:\/\/roveyayinevi.com.tr\/index.php\/wp-json\/wp\/v2\/product_brand?post=702778"},{"taxonomy":"product_cat","embeddable":true,"href":"https:\/\/roveyayinevi.com.tr\/index.php\/wp-json\/wp\/v2\/product_cat?post=702778"},{"taxonomy":"product_tag","embeddable":true,"href":"https:\/\/roveyayinevi.com.tr\/index.php\/wp-json\/wp\/v2\/product_tag?post=702778"}],"curies":[{"name":"wp","href":"https:\/\/api.w.org\/{rel}","templated":true}]}}