{"id":702776,"date":"2025-08-27T15:18:51","date_gmt":"2025-08-27T12:18:51","guid":{"rendered":"https:\/\/roveyayinevi.com.tr\/index.php\/urun\/sarikamis-drami\/"},"modified":"2026-04-16T02:11:51","modified_gmt":"2026-04-15T23:11:51","slug":"sarikamis-drami","status":"publish","type":"product","link":"https:\/\/roveyayinevi.com.tr\/index.php\/urun\/sarikamis-drami\/","title":{"rendered":"Sar\u0131kam\u0131\u015f Dram\u0131"},"content":{"rendered":"<p>Turgut \u00d6zakman&#8217;\u0131n \u201cE\u011fer Bu Konuyu \u00d6\u011frenmek \u0130stiyorsan\u0131z Mutlaka Okuyun\u201d S\u00f6zleriyle \u00d6nerdi\u011fi Kitap\u2026 <\/p>\n","protected":false},"excerpt":{"rendered":"<p>Turgut \u00d6zakman&#8217;\u0131n \u201cE\u011fer Bu Konuyu \u00d6\u011frenmek \u0130stiyorsan\u0131z Mutlaka Okuyun\u201d S\u00f6zleriyle \u00d6nerdi\u011fi Kitap\u2026<\/p>\n","protected":false},"featured_media":0,"template":"","meta":{"_monsterinsights_skip_tracking":false,"_monsterinsights_sitenote_active":false,"_monsterinsights_sitenote_note":"","_monsterinsights_sitenote_category":0},"product_brand":[],"product_cat":[12291,12745],"product_tag":[],"class_list":{"0":"post-702776","1":"product","2":"type-product","3":"status-publish","5":"product_cat-edebiyat","6":"product_cat-tarihi-roman","7":"pa_tur-kitap","8":"pa_yayinevi-bilgi-yayinevi","9":"pa_yazar-alptekin-muderrisoglu","11":"first","12":"instock","13":"sale","14":"shipping-taxable","15":"purchasable","16":"product-type-simple"},"_links":{"self":[{"href":"https:\/\/roveyayinevi.com.tr\/index.php\/wp-json\/wp\/v2\/product\/702776","targetHints":{"allow":["GET"]}}],"collection":[{"href":"https:\/\/roveyayinevi.com.tr\/index.php\/wp-json\/wp\/v2\/product"}],"about":[{"href":"https:\/\/roveyayinevi.com.tr\/index.php\/wp-json\/wp\/v2\/types\/product"}],"wp:attachment":[{"href":"https:\/\/roveyayinevi.com.tr\/index.php\/wp-json\/wp\/v2\/media?parent=702776"}],"wp:term":[{"taxonomy":"product_brand","embeddable":true,"href":"https:\/\/roveyayinevi.com.tr\/index.php\/wp-json\/wp\/v2\/product_brand?post=702776"},{"taxonomy":"product_cat","embeddable":true,"href":"https:\/\/roveyayinevi.com.tr\/index.php\/wp-json\/wp\/v2\/product_cat?post=702776"},{"taxonomy":"product_tag","embeddable":true,"href":"https:\/\/roveyayinevi.com.tr\/index.php\/wp-json\/wp\/v2\/product_tag?post=702776"}],"curies":[{"name":"wp","href":"https:\/\/api.w.org\/{rel}","templated":true}]}}