{"id":702775,"date":"2025-08-27T15:18:50","date_gmt":"2025-08-27T12:18:50","guid":{"rendered":"https:\/\/roveyayinevi.com.tr\/index.php\/urun\/berlinin-dususu-1945\/"},"modified":"2026-04-16T02:11:51","modified_gmt":"2026-04-15T23:11:51","slug":"berlinin-dususu-1945","status":"publish","type":"product","link":"https:\/\/roveyayinevi.com.tr\/index.php\/urun\/berlinin-dususu-1945\/","title":{"rendered":"Berlin\u2019in D\u00fc\u015f\u00fc\u015f\u00fc 1945"},"content":{"rendered":"<p>Yirminci y\u00fczy\u0131l\u0131n en \u00f6nemli sava\u015flar\u0131ndan baz\u0131lar\u0131n\u0131 ele ald\u0131\u011f\u0131 eserleriyle be\u011feni toplayan Antony Beevor, g\u00fcn\u00fcm\u00fcz\u00fcn en iyi bilinen ve sayg\u0131n askeri tarih\u00e7ilerden biridir. Eski Sovyet dosyalar\u0131ndan yeni elde edilen belgelerin yan\u0131 s\u0131ra Alman, Amerikan, \u0130ngiliz, Frans\u0131z ve \u0130sve\u00e7 ar\u015fivlerinden de yararlanan Beevor, Berlin\u2019in D\u00fc\u015f\u00fc\u015f\u00fc 1945\u2019te \u00dc\u00e7\u00fcnc\u00fc Reich\u2019\u0131n can \u00e7eki\u015fti\u011fi bir d\u00f6nemde s\u0131k\u0131\u015f\u0131p kalan milyonlarca insan\u0131n farkl\u0131 deneyimlerini yeniden in\u015fa eder. \u0130ntikamc\u0131 K\u0131z\u0131l Ordu ile ku\u015fat\u0131lm\u0131\u015f Nazi g\u00fc\u00e7lerinin son kez \u00e7arp\u0131\u015ft\u0131\u011f\u0131 1945 Ocak\u2019\u0131nda ya\u015fanan sars\u0131c\u0131 olaylar\u0131n sokak d\u00fczeyinde ve s\u00fcr\u00fckleyici bir portresini sunar. Vah\u015fet ve ku\u015fatma alt\u0131ndaki bir \u015fehrin umutsuzlu\u011funu b\u00fct\u00fcn sahicili\u011fiyle ortaya koyarken, az rastlanan ola\u011fan\u00fcst\u00fc insanl\u0131k ve kahramanl\u0131k anlar\u0131n\u0131 da sergilemeyi ihmal etmez. \ufffcTan\u0131t\u0131m Metni<\/p>\n","protected":false},"excerpt":{"rendered":"<p>Yirminci y\u00fczy\u0131l\u0131n en \u00f6nemli sava\u015flar\u0131ndan baz\u0131lar\u0131n\u0131 ele ald\u0131\u011f\u0131 eserleriyle be\u011feni toplayan Antony Beevor, g\u00fcn\u00fcm\u00fcz\u00fcn en iyi bilinen ve sayg\u0131n askeri tarih\u00e7ilerden biridir. Eski Sovyet dosyalar\u0131ndan yeni<span class=\"excerpt-hellip\"> [\u2026]<\/span><\/p>\n","protected":false},"featured_media":0,"template":"","meta":{"_monsterinsights_skip_tracking":false,"_monsterinsights_sitenote_active":false,"_monsterinsights_sitenote_note":"","_monsterinsights_sitenote_category":0},"product_brand":[],"product_cat":[13590,12337],"product_tag":[],"class_list":{"0":"post-702775","1":"product","2":"type-product","3":"status-publish","5":"product_cat-arastirma-inceleme-politika-siyaset","6":"product_cat-politika-siyaset","7":"pa_cilt-ciltsiz","8":"pa_tur-kitap","9":"pa_yayinevi-yapi-kredi-yayinlari","10":"pa_yazar-antony-beevor","12":"first","13":"instock","14":"sale","15":"shipping-taxable","16":"purchasable","17":"product-type-simple"},"_links":{"self":[{"href":"https:\/\/roveyayinevi.com.tr\/index.php\/wp-json\/wp\/v2\/product\/702775","targetHints":{"allow":["GET"]}}],"collection":[{"href":"https:\/\/roveyayinevi.com.tr\/index.php\/wp-json\/wp\/v2\/product"}],"about":[{"href":"https:\/\/roveyayinevi.com.tr\/index.php\/wp-json\/wp\/v2\/types\/product"}],"wp:attachment":[{"href":"https:\/\/roveyayinevi.com.tr\/index.php\/wp-json\/wp\/v2\/media?parent=702775"}],"wp:term":[{"taxonomy":"product_brand","embeddable":true,"href":"https:\/\/roveyayinevi.com.tr\/index.php\/wp-json\/wp\/v2\/product_brand?post=702775"},{"taxonomy":"product_cat","embeddable":true,"href":"https:\/\/roveyayinevi.com.tr\/index.php\/wp-json\/wp\/v2\/product_cat?post=702775"},{"taxonomy":"product_tag","embeddable":true,"href":"https:\/\/roveyayinevi.com.tr\/index.php\/wp-json\/wp\/v2\/product_tag?post=702775"}],"curies":[{"name":"wp","href":"https:\/\/api.w.org\/{rel}","templated":true}]}}