{"id":702773,"date":"2025-08-27T15:18:49","date_gmt":"2025-08-27T12:18:49","guid":{"rendered":"https:\/\/roveyayinevi.com.tr\/index.php\/urun\/annem-biyik-birakti\/"},"modified":"2026-04-16T02:11:51","modified_gmt":"2026-04-15T23:11:51","slug":"annem-biyik-birakti","status":"publish","type":"product","link":"https:\/\/roveyayinevi.com.tr\/index.php\/urun\/annem-biyik-birakti\/","title":{"rendered":"Annem B\u0131y\u0131k B\u0131rakt\u0131"},"content":{"rendered":"<p>Dikkat, kitaptan k\u0131l \u00e7\u0131kabilir!Merve han\u0131m \u00e7ok dertliydi. \u0130\u015fyerinde s\u0131rf erkek diye onun yerine beceriksiz bir adam\u0131 terfi ettirdikleri yetmiyormu\u015f gibi g\u00f6rg\u00fcs\u00fcz\u00fcn biri de dolmu\u015fta \u00fczerine \u00fczerine \u00e7\u0131km\u0131\u015ft\u0131\u2026 Ah, onun da b\u0131y\u0131klar\u0131 olsa hayat b\u00f6yle zor olur muydu? Hem de \u015f\u00f6\u00f6yle pala b\u0131y\u0131klar\u0131 olsa? Asl\u0131nda niye olmas\u0131n ki? En iyisi deneyip g\u00f6rmek. Hem o ak\u015fam yeme\u011fi de kocas\u0131 kendisi haz\u0131rlas\u0131n bakal\u0131m nas\u0131l oluyormu\u015f!<\/p>\n","protected":false},"excerpt":{"rendered":"<p>Dikkat, kitaptan k\u0131l \u00e7\u0131kabilir!Merve han\u0131m \u00e7ok dertliydi. \u0130\u015fyerinde s\u0131rf erkek diye onun yerine beceriksiz bir adam\u0131 terfi ettirdikleri yetmiyormu\u015f gibi g\u00f6rg\u00fcs\u00fcz\u00fcn biri de dolmu\u015fta \u00fczerine \u00fczerine<span class=\"excerpt-hellip\"> [\u2026]<\/span><\/p>\n","protected":false},"featured_media":0,"template":"","meta":{"_monsterinsights_skip_tracking":false,"_monsterinsights_sitenote_active":false,"_monsterinsights_sitenote_note":"","_monsterinsights_sitenote_category":0},"product_brand":[],"product_cat":[12274,12284],"product_tag":[],"class_list":{"0":"post-702773","1":"product","2":"type-product","3":"status-publish","5":"product_cat-cocuk-ve-genclik-kitaplari","6":"product_cat-hikayeler","7":"pa_cilt-ciltsiz","8":"pa_tur-kitap","9":"pa_yayinevi-mavi-bulut-yayinlari","10":"pa_yazar-fatih-erdogan","12":"first","13":"instock","14":"sale","15":"shipping-taxable","16":"purchasable","17":"product-type-simple"},"_links":{"self":[{"href":"https:\/\/roveyayinevi.com.tr\/index.php\/wp-json\/wp\/v2\/product\/702773","targetHints":{"allow":["GET"]}}],"collection":[{"href":"https:\/\/roveyayinevi.com.tr\/index.php\/wp-json\/wp\/v2\/product"}],"about":[{"href":"https:\/\/roveyayinevi.com.tr\/index.php\/wp-json\/wp\/v2\/types\/product"}],"wp:attachment":[{"href":"https:\/\/roveyayinevi.com.tr\/index.php\/wp-json\/wp\/v2\/media?parent=702773"}],"wp:term":[{"taxonomy":"product_brand","embeddable":true,"href":"https:\/\/roveyayinevi.com.tr\/index.php\/wp-json\/wp\/v2\/product_brand?post=702773"},{"taxonomy":"product_cat","embeddable":true,"href":"https:\/\/roveyayinevi.com.tr\/index.php\/wp-json\/wp\/v2\/product_cat?post=702773"},{"taxonomy":"product_tag","embeddable":true,"href":"https:\/\/roveyayinevi.com.tr\/index.php\/wp-json\/wp\/v2\/product_tag?post=702773"}],"curies":[{"name":"wp","href":"https:\/\/api.w.org\/{rel}","templated":true}]}}