{"id":702769,"date":"2025-08-27T15:18:48","date_gmt":"2025-08-27T12:18:48","guid":{"rendered":"https:\/\/roveyayinevi.com.tr\/index.php\/urun\/oteki-3\/"},"modified":"2026-04-16T02:11:51","modified_gmt":"2026-04-15T23:11:51","slug":"oteki-3","status":"publish","type":"product","link":"https:\/\/roveyayinevi.com.tr\/index.php\/urun\/oteki-3\/","title":{"rendered":"\u00d6teki"},"content":{"rendered":"<p>\u201cModern d\u00fczyaz\u0131n\u0131n yarat\u0131lmas\u0131nda herkesten \u00e7ok pay\u0131 olan, onu peki\u015ftirip g\u00fcn\u00fcm\u00fczdeki d\u00fczeye ta\u015f\u0131yan ki\u015fi Dostoyevski\u2019dir.\u201d \u2013James Joyce   Fyodor Mihaylovi\u00e7 Dostoyevski\u2019nin yirmi be\u015f ya\u015f\u0131ndayken yazd\u0131\u011f\u0131, 1846 tarihli roman\u0131 \u00d6teki, tekinsiz, bug\u00fcn bile yenilik\u00e7ili\u011fini koruyan, muazzam bir edebiyat kuvvetini m\u00fcjdeleyen eser olarak g\u00f6r\u00fcl\u00fcr.   Dostoyevski ele\u015ftirileriyle de tan\u0131nan Vladimir Nabokov\u2019un ba\u015fyap\u0131t olarak tan\u0131mlad\u0131\u011f\u0131 \u00d6teki, dokuzuncu dereceden memur Yakov Petrovi\u00e7 Golyadkin\u2019i anlat\u0131yor. Bitmeyen bir tedirginlik ve \u00f6zg\u00fcven eksikli\u011finden mustarip Golyadkin, kurdu\u011fu k\u0131r\u0131k d\u00f6k\u00fck c\u00fcmlelerde, s\u00f6zlerinin tekrar\u0131nda kaybolan bir adam. Bir g\u00fcn kar\u015f\u0131s\u0131na \u00e7\u0131kan, ona t\u0131pat\u0131p benzeyen \u015fu \u00f6teki, yani K\u00fc\u00e7\u00fck Golyadkin ise daha at\u0131lgan, belki de daha fesat ve sahtek\u00e2r. Golyadkin benzerinin ba\u015f\u0131na a\u00e7t\u0131\u011f\u0131 dertlerden kurtulmaya \u00e7al\u0131\u015f\u0131rken aynadaki ters yans\u0131mas\u0131 onun narin akl\u0131n\u0131 daha da kar\u0131\u015ft\u0131racak. Mesela: Dertlerinin tek sorumlusu \u00f6teki mi acaba?   Dostoyevski, \u00d6teki\u2019de belki de hi\u00e7 eskimeyecek o a\u00e7maz\u0131 irdeliyor: \u0130\u015fler iyice \u00e7irkinle\u015fti\u011finde de kendinle hesapla\u015fabilecek misin? <\/p>\n","protected":false},"excerpt":{"rendered":"<p>\u201cModern d\u00fczyaz\u0131n\u0131n yarat\u0131lmas\u0131nda herkesten \u00e7ok pay\u0131 olan, onu peki\u015ftirip g\u00fcn\u00fcm\u00fczdeki d\u00fczeye ta\u015f\u0131yan ki\u015fi Dostoyevski\u2019dir.\u201d \u2013James Joyce Fyodor Mihaylovi\u00e7 Dostoyevski\u2019nin yirmi be\u015f ya\u015f\u0131ndayken yazd\u0131\u011f\u0131, 1846 tarihli roman\u0131<span class=\"excerpt-hellip\"> [\u2026]<\/span><\/p>\n","protected":false},"featured_media":0,"template":"","meta":{"_monsterinsights_skip_tracking":false,"_monsterinsights_sitenote_active":false,"_monsterinsights_sitenote_note":"","_monsterinsights_sitenote_category":0},"product_brand":[],"product_cat":[12291,13570],"product_tag":[],"class_list":{"0":"post-702769","1":"product","2":"type-product","3":"status-publish","5":"product_cat-edebiyat","6":"product_cat-rus-edebiyati","7":"pa_cilt-ciltsiz","8":"pa_tur-kitap","9":"pa_yayinevi-ithaki-yayinlari","10":"pa_yazar-fyodor-mihaylovic-dostoyevski","12":"first","13":"instock","14":"sale","15":"shipping-taxable","16":"purchasable","17":"product-type-simple"},"_links":{"self":[{"href":"https:\/\/roveyayinevi.com.tr\/index.php\/wp-json\/wp\/v2\/product\/702769","targetHints":{"allow":["GET"]}}],"collection":[{"href":"https:\/\/roveyayinevi.com.tr\/index.php\/wp-json\/wp\/v2\/product"}],"about":[{"href":"https:\/\/roveyayinevi.com.tr\/index.php\/wp-json\/wp\/v2\/types\/product"}],"wp:attachment":[{"href":"https:\/\/roveyayinevi.com.tr\/index.php\/wp-json\/wp\/v2\/media?parent=702769"}],"wp:term":[{"taxonomy":"product_brand","embeddable":true,"href":"https:\/\/roveyayinevi.com.tr\/index.php\/wp-json\/wp\/v2\/product_brand?post=702769"},{"taxonomy":"product_cat","embeddable":true,"href":"https:\/\/roveyayinevi.com.tr\/index.php\/wp-json\/wp\/v2\/product_cat?post=702769"},{"taxonomy":"product_tag","embeddable":true,"href":"https:\/\/roveyayinevi.com.tr\/index.php\/wp-json\/wp\/v2\/product_tag?post=702769"}],"curies":[{"name":"wp","href":"https:\/\/api.w.org\/{rel}","templated":true}]}}