{"id":702768,"date":"2025-08-27T15:18:48","date_gmt":"2025-08-27T12:18:48","guid":{"rendered":"https:\/\/roveyayinevi.com.tr\/index.php\/urun\/fizi-k-ve-yenilenebilir-enerji\/"},"modified":"2026-04-16T02:11:51","modified_gmt":"2026-04-15T23:11:51","slug":"fizi-k-ve-yenilenebilir-enerji","status":"publish","type":"product","link":"https:\/\/roveyayinevi.com.tr\/index.php\/urun\/fizi-k-ve-yenilenebilir-enerji\/","title":{"rendered":"Fizi K ve Yenilenebilir Enerji"},"content":{"rendered":"<p>Birka\u00e7 dakika sonra ola\u011fan\u00fcst\u00fc bir toplant\u0131n\u0131n ba\u015flayaca\u011f\u0131 duyurulur. Fizi&#8217;nin ya\u015fad\u0131\u011f\u0131 kasabada bir panik havas\u0131 hakimdir; \u00e7\u00fcnk\u00fc b\u00fct\u00fcn enerji kaynaklar\u0131 neredeyse t\u00fckenmi\u015ftir! \ufffcTan\u0131t\u0131m Metni<\/p>\n","protected":false},"excerpt":{"rendered":"<p>Birka\u00e7 dakika sonra ola\u011fan\u00fcst\u00fc bir toplant\u0131n\u0131n ba\u015flayaca\u011f\u0131 duyurulur. Fizi&#8217;nin ya\u015fad\u0131\u011f\u0131 kasabada bir panik havas\u0131 hakimdir; \u00e7\u00fcnk\u00fc b\u00fct\u00fcn enerji kaynaklar\u0131 neredeyse t\u00fckenmi\u015ftir! \ufffcTan\u0131t\u0131m Metni<\/p>\n","protected":false},"featured_media":0,"template":"","meta":{"_monsterinsights_skip_tracking":false,"_monsterinsights_sitenote_active":false,"_monsterinsights_sitenote_note":"","_monsterinsights_sitenote_category":0},"product_brand":[],"product_cat":[13829,12274],"product_tag":[],"class_list":{"0":"post-702768","1":"product","2":"type-product","3":"status-publish","5":"product_cat-bilimsel-kitaplar","6":"product_cat-cocuk-ve-genclik-kitaplari","7":"pa_tur-kitap","8":"pa_yayinevi-odtu-gelistirme-vakfi-yayincilik","9":"pa_yazar-virginie-rochetti","11":"first","12":"instock","13":"sale","14":"shipping-taxable","15":"purchasable","16":"product-type-simple"},"_links":{"self":[{"href":"https:\/\/roveyayinevi.com.tr\/index.php\/wp-json\/wp\/v2\/product\/702768","targetHints":{"allow":["GET"]}}],"collection":[{"href":"https:\/\/roveyayinevi.com.tr\/index.php\/wp-json\/wp\/v2\/product"}],"about":[{"href":"https:\/\/roveyayinevi.com.tr\/index.php\/wp-json\/wp\/v2\/types\/product"}],"wp:attachment":[{"href":"https:\/\/roveyayinevi.com.tr\/index.php\/wp-json\/wp\/v2\/media?parent=702768"}],"wp:term":[{"taxonomy":"product_brand","embeddable":true,"href":"https:\/\/roveyayinevi.com.tr\/index.php\/wp-json\/wp\/v2\/product_brand?post=702768"},{"taxonomy":"product_cat","embeddable":true,"href":"https:\/\/roveyayinevi.com.tr\/index.php\/wp-json\/wp\/v2\/product_cat?post=702768"},{"taxonomy":"product_tag","embeddable":true,"href":"https:\/\/roveyayinevi.com.tr\/index.php\/wp-json\/wp\/v2\/product_tag?post=702768"}],"curies":[{"name":"wp","href":"https:\/\/api.w.org\/{rel}","templated":true}]}}