{"id":702767,"date":"2025-08-27T15:18:47","date_gmt":"2025-08-27T12:18:47","guid":{"rendered":"https:\/\/roveyayinevi.com.tr\/index.php\/urun\/vefa-ve-comertlik-oykuleri\/"},"modified":"2026-04-16T02:11:51","modified_gmt":"2026-04-15T23:11:51","slug":"vefa-ve-comertlik-oykuleri","status":"publish","type":"product","link":"https:\/\/roveyayinevi.com.tr\/index.php\/urun\/vefa-ve-comertlik-oykuleri\/","title":{"rendered":"Vefa ve C\u00f6mertlik \u00d6yk\u00fcleri"},"content":{"rendered":"<p>D\u00fcnyan\u0131n en g\u00fczel \u00f6yk\u00fcleri aras\u0131ndan, iyili\u011fe \u00f6zendiren, k\u00f6t\u00fcl\u00fckten ka\u00e7\u0131nd\u0131ran harika hikayeler se\u00e7tik&#8230; Onlar\u0131 kolayca anlayabilmeniz ve keyifle okuyabilmeniz i\u00e7in yeniden yazd\u0131k&#8230;Sizler i\u00e7in iyilik, merhamet, dostluk, karde\u015flik gibi de\u011ferlere dair harika bir \u00f6yk\u00fc dizisi haz\u0131rlad\u0131k&#8230; Bu dizinin kitaplar\u0131n\u0131 bir solukta okuyacaks\u0131n\u0131z, ama \u00f6m\u00fcr boyu unutamayacaks\u0131n\u0131z&#8230;<\/p>\n","protected":false},"excerpt":{"rendered":"<p>D\u00fcnyan\u0131n en g\u00fczel \u00f6yk\u00fcleri aras\u0131ndan, iyili\u011fe \u00f6zendiren, k\u00f6t\u00fcl\u00fckten ka\u00e7\u0131nd\u0131ran harika hikayeler se\u00e7tik&#8230; Onlar\u0131 kolayca anlayabilmeniz ve keyifle okuyabilmeniz i\u00e7in yeniden yazd\u0131k&#8230;Sizler i\u00e7in iyilik, merhamet, dostluk, karde\u015flik<span class=\"excerpt-hellip\"> [\u2026]<\/span><\/p>\n","protected":false},"featured_media":0,"template":"","meta":{"_monsterinsights_skip_tracking":false,"_monsterinsights_sitenote_active":false,"_monsterinsights_sitenote_note":"","_monsterinsights_sitenote_category":0},"product_brand":[],"product_cat":[12275,12274],"product_tag":[],"class_list":{"0":"post-702767","1":"product","2":"type-product","3":"status-publish","5":"product_cat-6-12-yas-kitaplari","6":"product_cat-cocuk-ve-genclik-kitaplari","7":"pa_cilt-ciltsiz","8":"pa_tur-kitap","9":"pa_yayinevi-ugurbocegi-yayinlari","10":"pa_yazar-saide-nur-dikmen","12":"first","13":"instock","14":"sale","15":"shipping-taxable","16":"purchasable","17":"product-type-simple"},"_links":{"self":[{"href":"https:\/\/roveyayinevi.com.tr\/index.php\/wp-json\/wp\/v2\/product\/702767","targetHints":{"allow":["GET"]}}],"collection":[{"href":"https:\/\/roveyayinevi.com.tr\/index.php\/wp-json\/wp\/v2\/product"}],"about":[{"href":"https:\/\/roveyayinevi.com.tr\/index.php\/wp-json\/wp\/v2\/types\/product"}],"wp:attachment":[{"href":"https:\/\/roveyayinevi.com.tr\/index.php\/wp-json\/wp\/v2\/media?parent=702767"}],"wp:term":[{"taxonomy":"product_brand","embeddable":true,"href":"https:\/\/roveyayinevi.com.tr\/index.php\/wp-json\/wp\/v2\/product_brand?post=702767"},{"taxonomy":"product_cat","embeddable":true,"href":"https:\/\/roveyayinevi.com.tr\/index.php\/wp-json\/wp\/v2\/product_cat?post=702767"},{"taxonomy":"product_tag","embeddable":true,"href":"https:\/\/roveyayinevi.com.tr\/index.php\/wp-json\/wp\/v2\/product_tag?post=702767"}],"curies":[{"name":"wp","href":"https:\/\/api.w.org\/{rel}","templated":true}]}}