{"id":702764,"date":"2025-08-27T15:18:46","date_gmt":"2025-08-27T12:18:46","guid":{"rendered":"https:\/\/roveyayinevi.com.tr\/index.php\/urun\/gozu-cok-ama-cok-agriyan-adam\/"},"modified":"2026-04-16T02:11:51","modified_gmt":"2026-04-15T23:11:51","slug":"gozu-cok-ama-cok-agriyan-adam","status":"publish","type":"product","link":"https:\/\/roveyayinevi.com.tr\/index.php\/urun\/gozu-cok-ama-cok-agriyan-adam\/","title":{"rendered":"G\u00f6z\u00fc \u00c7ok Ama \u00c7ok A\u011fr\u0131yan Adam"},"content":{"rendered":"<p>Efendim \u015fimdi sizlere, \u00e7ay i\u00e7ince g\u00f6z\u00fc a\u011fr\u0131yan\u2026 Ne? Nas\u0131l?.. G\u00f6z\u00fc m\u00fc? Yahu \u00e7ay i\u00e7ince insan\u0131n g\u00f6z\u00fc niye a\u011fr\u0131s\u0131n?.. Aaa g\u00f6z\u00fcym\u00fc\u015f ger\u00e7ekten. Peki o zaman. (Sormay\u0131n, bu yazarlar da bir gariple\u015fti iyice&#8230;) Neyse, ne diyorduk efendim: Sizlere \u00e7ay i\u00e7ince g\u00f6z\u00fc a\u011fr\u0131yan, hem de \u00e7ok ama \u00e7ok a\u011fr\u0131yan Keramettin\u2019in hik\u00e2yesini anlataca\u011f\u0131z. \ufffcTan\u0131t\u0131m Metni<\/p>\n","protected":false},"excerpt":{"rendered":"<p>Efendim \u015fimdi sizlere, \u00e7ay i\u00e7ince g\u00f6z\u00fc a\u011fr\u0131yan\u2026 Ne? Nas\u0131l?.. G\u00f6z\u00fc m\u00fc? Yahu \u00e7ay i\u00e7ince insan\u0131n g\u00f6z\u00fc niye a\u011fr\u0131s\u0131n?.. Aaa g\u00f6z\u00fcym\u00fc\u015f ger\u00e7ekten. Peki o zaman. (Sormay\u0131n, bu<span class=\"excerpt-hellip\"> [\u2026]<\/span><\/p>\n","protected":false},"featured_media":0,"template":"","meta":{"_monsterinsights_skip_tracking":false,"_monsterinsights_sitenote_active":false,"_monsterinsights_sitenote_note":"","_monsterinsights_sitenote_category":0},"product_brand":[],"product_cat":[12274,12284],"product_tag":[],"class_list":{"0":"post-702764","1":"product","2":"type-product","3":"status-publish","5":"product_cat-cocuk-ve-genclik-kitaplari","6":"product_cat-hikayeler","7":"pa_cilt-ciltsiz","8":"pa_tur-kitap","9":"pa_yayinevi-mavi-bulut-yayinlari","10":"pa_yazar-fatih-erdogan","12":"first","13":"instock","14":"sale","15":"shipping-taxable","16":"purchasable","17":"product-type-simple"},"_links":{"self":[{"href":"https:\/\/roveyayinevi.com.tr\/index.php\/wp-json\/wp\/v2\/product\/702764","targetHints":{"allow":["GET"]}}],"collection":[{"href":"https:\/\/roveyayinevi.com.tr\/index.php\/wp-json\/wp\/v2\/product"}],"about":[{"href":"https:\/\/roveyayinevi.com.tr\/index.php\/wp-json\/wp\/v2\/types\/product"}],"wp:attachment":[{"href":"https:\/\/roveyayinevi.com.tr\/index.php\/wp-json\/wp\/v2\/media?parent=702764"}],"wp:term":[{"taxonomy":"product_brand","embeddable":true,"href":"https:\/\/roveyayinevi.com.tr\/index.php\/wp-json\/wp\/v2\/product_brand?post=702764"},{"taxonomy":"product_cat","embeddable":true,"href":"https:\/\/roveyayinevi.com.tr\/index.php\/wp-json\/wp\/v2\/product_cat?post=702764"},{"taxonomy":"product_tag","embeddable":true,"href":"https:\/\/roveyayinevi.com.tr\/index.php\/wp-json\/wp\/v2\/product_tag?post=702764"}],"curies":[{"name":"wp","href":"https:\/\/api.w.org\/{rel}","templated":true}]}}