{"id":702763,"date":"2025-08-27T15:18:46","date_gmt":"2025-08-27T12:18:46","guid":{"rendered":"https:\/\/roveyayinevi.com.tr\/index.php\/urun\/kervansaray\/"},"modified":"2026-04-16T02:11:51","modified_gmt":"2026-04-15T23:11:51","slug":"kervansaray","status":"publish","type":"product","link":"https:\/\/roveyayinevi.com.tr\/index.php\/urun\/kervansaray\/","title":{"rendered":"Kervansaray"},"content":{"rendered":"<p>Picabia kendi hayat\u0131ndan izler ta\u015f\u0131yan roman\u0131 KERVANSARAY\u2019\u0131, ilk S\u00dcRREAL\u0130ZM MAN\u0130FESTOSU\u2019nun yay\u0131mland\u0131\u011f\u0131 1924\u2019te yazd\u0131. Picabia\u2019n\u0131n kaleme ald\u0131\u011f\u0131 tek roman olan KERVANSARAY, Avangardlar\u0131n girdab\u0131na yakalanm\u0131\u015f bir \u00e7a\u011f\u0131 i\u011fneleyici ve alayc\u0131 bir \u00fcslupla resmeden bir dizi tabloyu and\u0131r\u0131r. Bu tablolarda kimler yoktur ki Picabia\u2019n\u0131n ta\u015flar\u0131na hedef olmayan? Duchamp, Picasso, Breton, \u00c9luard, Desnos, Vitrac, Aragon, Ernst, Cendrars, Cocteau ve ba\u015fkalar\u0131&#8230; Kervansaray, zafere y\u00fcr\u00fcyen S\u00fcrrealizm\u2019e kar\u015f\u0131 Dadaizm\u2019in ya da en az\u0131ndan Picabia\u2019n\u0131n umutsuz onur m\u00fccadelesidir. \u201cKERVANSARAY bug\u00fcn, tam anlam\u0131yla bir antimanifesto olarak kar\u015f\u0131m\u0131zdad\u0131r. Picabia sistemin yoklu\u011funda, t\u00fcm diyalekti\u011fin, kendince oyunlar\u0131 ve s\u0131n\u0131rlamalar\u0131yla, kendisi taraf\u0131ndan tecr\u00fcbe edildi\u011fi bir ya\u015fama sanat\u0131 ortaya koyuyor. Breton\u2019un dogmatik kesinli\u011fine, kendi \u00f6zg\u00fcrl\u00fc\u011f\u00fcn\u00fcn teyidi olan yola getirilemez bir serbestlikle kar\u015f\u0131 \u00e7\u0131k\u0131yor&#8230;\u201d <\/p>\n","protected":false},"excerpt":{"rendered":"<p>Picabia kendi hayat\u0131ndan izler ta\u015f\u0131yan roman\u0131 KERVANSARAY\u2019\u0131, ilk S\u00dcRREAL\u0130ZM MAN\u0130FESTOSU\u2019nun yay\u0131mland\u0131\u011f\u0131 1924\u2019te yazd\u0131. Picabia\u2019n\u0131n kaleme ald\u0131\u011f\u0131 tek roman olan KERVANSARAY, Avangardlar\u0131n girdab\u0131na yakalanm\u0131\u015f bir \u00e7a\u011f\u0131 i\u011fneleyici<span class=\"excerpt-hellip\"> [\u2026]<\/span><\/p>\n","protected":false},"featured_media":0,"template":"","meta":{"_monsterinsights_skip_tracking":false,"_monsterinsights_sitenote_active":false,"_monsterinsights_sitenote_note":"","_monsterinsights_sitenote_category":0},"product_brand":[],"product_cat":[12291,12711],"product_tag":[],"class_list":{"0":"post-702763","1":"product","2":"type-product","3":"status-publish","5":"product_cat-edebiyat","6":"product_cat-roman-oyku","7":"pa_cilt-ciltsiz","8":"pa_tur-kitap","9":"pa_yayinevi-yapi-kredi-yayinlari","10":"pa_yazar-francis-picabia","12":"first","13":"instock","14":"sale","15":"shipping-taxable","16":"purchasable","17":"product-type-simple"},"_links":{"self":[{"href":"https:\/\/roveyayinevi.com.tr\/index.php\/wp-json\/wp\/v2\/product\/702763","targetHints":{"allow":["GET"]}}],"collection":[{"href":"https:\/\/roveyayinevi.com.tr\/index.php\/wp-json\/wp\/v2\/product"}],"about":[{"href":"https:\/\/roveyayinevi.com.tr\/index.php\/wp-json\/wp\/v2\/types\/product"}],"wp:attachment":[{"href":"https:\/\/roveyayinevi.com.tr\/index.php\/wp-json\/wp\/v2\/media?parent=702763"}],"wp:term":[{"taxonomy":"product_brand","embeddable":true,"href":"https:\/\/roveyayinevi.com.tr\/index.php\/wp-json\/wp\/v2\/product_brand?post=702763"},{"taxonomy":"product_cat","embeddable":true,"href":"https:\/\/roveyayinevi.com.tr\/index.php\/wp-json\/wp\/v2\/product_cat?post=702763"},{"taxonomy":"product_tag","embeddable":true,"href":"https:\/\/roveyayinevi.com.tr\/index.php\/wp-json\/wp\/v2\/product_tag?post=702763"}],"curies":[{"name":"wp","href":"https:\/\/api.w.org\/{rel}","templated":true}]}}