{"id":702760,"date":"2025-08-27T15:18:44","date_gmt":"2025-08-27T12:18:44","guid":{"rendered":"https:\/\/roveyayinevi.com.tr\/index.php\/urun\/tuhaf-muzisyen\/"},"modified":"2026-04-16T02:11:51","modified_gmt":"2026-04-15T23:11:51","slug":"tuhaf-muzisyen","status":"publish","type":"product","link":"https:\/\/roveyayinevi.com.tr\/index.php\/urun\/tuhaf-muzisyen\/","title":{"rendered":"Tuhaf M\u00fczisyen"},"content":{"rendered":"<p>Bir zamanlar, havadan sudan \u015feyler d\u00fc\u015f\u00fcnerek yaln\u0131z ba\u015f\u0131na orman\u0131n i\u00e7inde y\u00fcr\u00fcyen tuhaf bir m\u00fczisyen varm\u0131\u015f. Kendi kendine,  Bu orman \u00e7ok s\u0131k\u0131c\u0131. Kendime iyi bir yol arkada\u015f\u0131 bulaca\u011f\u0131m  demi\u015f. \u0130lk\u00f6\u011fretime, el yaz\u0131s\u0131 geri d\u00f6nd\u00fc. Art\u0131k \u00e7ocuklar\u0131m\u0131z yazmay\u0131 el yaz\u0131s\u0131 ile \u00f6\u011frenecekler. Yay\u0131nevimiz, bu g\u00fczel geli\u015fmeye kat\u0131lmak ve \u00e7ocuklar\u0131m\u0131z\u0131n \u00f6\u011frenme s\u00fcrecini ne\u015felendirmek i\u00e7in el yaz\u0131s\u0131 ile \u00f6yk\u00fc kitaplar yay\u0131ml\u0131yor. Klasik d\u00fcnya masallar\u0131ndan uyarlanan ve Milli E\u011fitim Bakanl\u0131\u011f\u0131\u2019n\u0131n belirledi\u011fi yaz\u0131 karakteriyle haz\u0131rlanan bu kitaplarla, \u00e7ocuklar\u0131n \u00f6\u011frenme s\u00fcreci daha kolay ve e\u011flenceli olacak. <\/p>\n","protected":false},"excerpt":{"rendered":"<p>Bir zamanlar, havadan sudan \u015feyler d\u00fc\u015f\u00fcnerek yaln\u0131z ba\u015f\u0131na orman\u0131n i\u00e7inde y\u00fcr\u00fcyen tuhaf bir m\u00fczisyen varm\u0131\u015f. Kendi kendine, Bu orman \u00e7ok s\u0131k\u0131c\u0131. Kendime iyi bir yol arkada\u015f\u0131<span class=\"excerpt-hellip\"> [\u2026]<\/span><\/p>\n","protected":false},"featured_media":0,"template":"","meta":{"_monsterinsights_skip_tracking":false,"_monsterinsights_sitenote_active":false,"_monsterinsights_sitenote_note":"","_monsterinsights_sitenote_category":0},"product_brand":[],"product_cat":[12275,12274],"product_tag":[],"class_list":{"0":"post-702760","1":"product","2":"type-product","3":"status-publish","5":"product_cat-6-12-yas-kitaplari","6":"product_cat-cocuk-ve-genclik-kitaplari","7":"pa_cilt-ciltsiz","8":"pa_tur-kitap","9":"pa_yayinevi-is-bankasi-kultur-yayinlari","10":"pa_yazar-kolektif","12":"first","13":"instock","14":"sale","15":"shipping-taxable","16":"purchasable","17":"product-type-simple"},"_links":{"self":[{"href":"https:\/\/roveyayinevi.com.tr\/index.php\/wp-json\/wp\/v2\/product\/702760","targetHints":{"allow":["GET"]}}],"collection":[{"href":"https:\/\/roveyayinevi.com.tr\/index.php\/wp-json\/wp\/v2\/product"}],"about":[{"href":"https:\/\/roveyayinevi.com.tr\/index.php\/wp-json\/wp\/v2\/types\/product"}],"wp:attachment":[{"href":"https:\/\/roveyayinevi.com.tr\/index.php\/wp-json\/wp\/v2\/media?parent=702760"}],"wp:term":[{"taxonomy":"product_brand","embeddable":true,"href":"https:\/\/roveyayinevi.com.tr\/index.php\/wp-json\/wp\/v2\/product_brand?post=702760"},{"taxonomy":"product_cat","embeddable":true,"href":"https:\/\/roveyayinevi.com.tr\/index.php\/wp-json\/wp\/v2\/product_cat?post=702760"},{"taxonomy":"product_tag","embeddable":true,"href":"https:\/\/roveyayinevi.com.tr\/index.php\/wp-json\/wp\/v2\/product_tag?post=702760"}],"curies":[{"name":"wp","href":"https:\/\/api.w.org\/{rel}","templated":true}]}}