{"id":702754,"date":"2025-08-27T15:18:42","date_gmt":"2025-08-27T12:18:42","guid":{"rendered":"https:\/\/roveyayinevi.com.tr\/index.php\/urun\/alfred-adler-sosyal-roller-ve-kisilik\/"},"modified":"2025-11-13T03:26:58","modified_gmt":"2025-11-13T00:26:58","slug":"alfred-adler-sosyal-roller-ve-kisilik","status":"publish","type":"product","link":"https:\/\/roveyayinevi.com.tr\/index.php\/urun\/alfred-adler-sosyal-roller-ve-kisilik\/","title":{"rendered":"Alfred Adler Sosyal Roller ve Ki\u015filik"},"content":{"rendered":"<p>Bu kitapta, Alfred Adler\u2019in hayat\u0131 ile geli\u015ftirmi\u015f oldu\u011fu bireysel psikoloji sisteminin nas\u0131l i\u00e7 i\u00e7e girmi\u015f oldu\u011fu; ki\u015fili\u011fini etkileyen olaylarla sistemine \u015fekil vermi\u015f olan temel kavramlar\u0131n birbiriyle ne derece ili\u015fkili bulundu\u011funu \u00e7ok a\u00e7\u0131k bir \u015fekilde g\u00f6rme imk\u00e2n\u0131n\u0131 bulacaks\u0131n\u0131z. Adler, Karen Horney, Erich Fromm gibi Yeni-Freudcular\u0131, Freud\u2019dan daha fazla etkilemi\u015f olan bir psikologdur. Onun holistik, egzistansiyalist ve kognitif psikolojiye yapm\u0131\u015f oldu\u011fu katk\u0131lar, kendisinden sonra gelen Abraham Maslow, Carl Rogers, Rollo May, Julian Rotter ve Bandura gibi \u00fcnl\u00fc ki\u015filik psikologlar\u0131n\u0131 da etkilemi\u015ftir. 1975 y\u0131l\u0131nda yay\u0131mlanm\u0131\u015f olan bir bibliyografya, Adlerci psikoloji literat\u00fcr\u00fcne on binden fazla ba\u015fvurunun yap\u0131lm\u0131\u015f oldu\u011funu ortaya koymu\u015ftur. Elinizdeki kitap, Adler\u2019in g\u00f6r\u00fc\u015flerini ve yapt\u0131\u011f\u0131 etkilerin tam bir panaromas\u0131n\u0131 vermek; psikologlara, psikiyatristlere, \u00f6\u011fretmenlere ve psikolojik rehberlik yapanlara, \u00e7ocuklar\u0131yla ili\u015fkilerinde bir tak\u0131m problemlerle y\u00fcz y\u00fcze gelip de \u00e7\u00f6z\u00fcm yollar\u0131n\u0131 arayan ana-babalara ve insan ruhunu tan\u0131mak isteyen herkese yard\u0131mc\u0131 olmak amac\u0131yla haz\u0131rlanm\u0131\u015ft\u0131r. Bu kitapta Adler\u2019i yurt i\u00e7inde ve yurt d\u0131\u015f\u0131nda ICASSI (International Committee for Adlerain Summer Schools and Institutes) toplant\u0131lar\u0131na konferans\u00e7\u0131 olarak \u00e7a\u011fr\u0131lm\u0131\u015f bulunan bir uzman\u0131n, Dr. Turhan Y\u00f6r\u00fck\u00e2n\u2019\u0131n kaleminden okuyup daha iyi tan\u0131ma f\u0131rsat\u0131n\u0131 yakalayacaks\u0131n\u0131z. Dr. Turhan Y\u00f6r\u00fck\u00e2n, 1950 y\u0131l\u0131nda Dil ve Tarih Co\u011frafya Fak\u00fcltesi \u0130lim Tarihi K\u00fcrs\u00fcs\u00fc&#8217;nden mezun olmu\u015f ve K\u00fclt\u00fcr ve Ki\u015filik konulu teziyle felsefe doktoru unvan\u0131n\u0131 kazanm\u0131\u015ft\u0131r. Ankara \u00dcniversitesi&#8217;nde psikoloji ve pedagoji, \u0130stanbul \u00dcniversitesi Edebiyat Fak\u00fcltesi&#8217;nde sosyoloji, sosyal psikoloji ve metodoloji dersleri vermi\u015ftir. Dr. Y\u00f6r\u00fck\u00e2n, sosyoloji, sosyal psikoloji ve ara\u015ft\u0131rma metodolojisi konular\u0131nda otuzun \u00fczerinde kitab\u0131n yazar\u0131 ve edit\u00f6r\u00fcd\u00fcr. Yay\u0131nlar\u0131m\u0131z aras\u0131nda buluna Yunan Mitolojisinde A\u015fk, Alfred Adler. Sosyal Roller ve Ki\u015filik Y\u00f6r\u00fck\u00e2n&#8217;\u0131n yay\u0131nlad\u0131\u011f\u0131 kitaplar aras\u0131ndad\u0131r. \ufffcTan\u0131t\u0131m Metni<\/p>\n","protected":false},"excerpt":{"rendered":"<p>Bu kitapta, Alfred Adler\u2019in hayat\u0131 ile geli\u015ftirmi\u015f oldu\u011fu bireysel psikoloji sisteminin nas\u0131l i\u00e7 i\u00e7e girmi\u015f oldu\u011fu; ki\u015fili\u011fini etkileyen olaylarla sistemine \u015fekil vermi\u015f olan temel kavramlar\u0131n birbiriyle<span class=\"excerpt-hellip\"> [\u2026]<\/span><\/p>\n","protected":false},"featured_media":0,"template":"","meta":{"_monsterinsights_skip_tracking":false,"_monsterinsights_sitenote_active":false,"_monsterinsights_sitenote_note":"","_monsterinsights_sitenote_category":0},"product_brand":[],"product_cat":[12312,12304],"product_tag":[],"class_list":{"0":"post-702754","1":"product","2":"type-product","3":"status-publish","5":"product_cat-diger","6":"product_cat-tarih","7":"pa_cilt-ciltsiz","8":"pa_tur-kitap","9":"pa_yayinevi-is-bankasi-kultur-yayinlari","10":"pa_yazar-turhan-yorukan","12":"first","13":"instock","14":"sale","15":"shipping-taxable","16":"purchasable","17":"product-type-simple"},"_links":{"self":[{"href":"https:\/\/roveyayinevi.com.tr\/index.php\/wp-json\/wp\/v2\/product\/702754","targetHints":{"allow":["GET"]}}],"collection":[{"href":"https:\/\/roveyayinevi.com.tr\/index.php\/wp-json\/wp\/v2\/product"}],"about":[{"href":"https:\/\/roveyayinevi.com.tr\/index.php\/wp-json\/wp\/v2\/types\/product"}],"wp:attachment":[{"href":"https:\/\/roveyayinevi.com.tr\/index.php\/wp-json\/wp\/v2\/media?parent=702754"}],"wp:term":[{"taxonomy":"product_brand","embeddable":true,"href":"https:\/\/roveyayinevi.com.tr\/index.php\/wp-json\/wp\/v2\/product_brand?post=702754"},{"taxonomy":"product_cat","embeddable":true,"href":"https:\/\/roveyayinevi.com.tr\/index.php\/wp-json\/wp\/v2\/product_cat?post=702754"},{"taxonomy":"product_tag","embeddable":true,"href":"https:\/\/roveyayinevi.com.tr\/index.php\/wp-json\/wp\/v2\/product_tag?post=702754"}],"curies":[{"name":"wp","href":"https:\/\/api.w.org\/{rel}","templated":true}]}}