{"id":702752,"date":"2025-08-27T15:18:41","date_gmt":"2025-08-27T12:18:41","guid":{"rendered":"https:\/\/roveyayinevi.com.tr\/index.php\/urun\/iste-sokrates\/"},"modified":"2026-04-16T02:11:51","modified_gmt":"2026-04-15T23:11:51","slug":"iste-sokrates","status":"publish","type":"product","link":"https:\/\/roveyayinevi.com.tr\/index.php\/urun\/iste-sokrates\/","title":{"rendered":"\u0130\u015f\u2019te Sokrates"},"content":{"rendered":"<p>T\u00fcm zamanlar\u0131n en \u00f6nemli filozofu olarak de\u011ferlendirilen Sokrates Bat\u0131 medeniyetinin de kurucusu kabul edilir. Son y\u0131llarda Asya bilgeli\u011fi ve filozoflar\u0131 g\u00fcndemde ama yine de bug\u00fcnk\u00fc Bat\u0131 medeniyetinin yarat\u0131c\u0131lar\u0131 unutulamaz. Ger\u00e7ekten de,   Sorgulanmam\u0131\u015f bir hayat ya\u015fanmaya de\u011fmez. Kendini tan\u0131!   diyen Sokrates nas\u0131l unutulabilir? <\/p>\n","protected":false},"excerpt":{"rendered":"<p>T\u00fcm zamanlar\u0131n en \u00f6nemli filozofu olarak de\u011ferlendirilen Sokrates Bat\u0131 medeniyetinin de kurucusu kabul edilir. Son y\u0131llarda Asya bilgeli\u011fi ve filozoflar\u0131 g\u00fcndemde ama yine de bug\u00fcnk\u00fc Bat\u0131<span class=\"excerpt-hellip\"> [\u2026]<\/span><\/p>\n","protected":false},"featured_media":0,"template":"","meta":{"_monsterinsights_skip_tracking":false,"_monsterinsights_sitenote_active":false,"_monsterinsights_sitenote_note":"","_monsterinsights_sitenote_category":0},"product_brand":[],"product_cat":[12389,12388],"product_tag":[],"class_list":{"0":"post-702752","1":"product","2":"type-product","3":"status-publish","5":"product_cat-diger-felsefe","6":"product_cat-felsefe","7":"pa_tur-kitap","8":"pa_yayinevi-kuraldisi-yayinevi","9":"pa_yazar-andreas-drosdek","11":"first","12":"instock","13":"sale","14":"shipping-taxable","15":"purchasable","16":"product-type-simple"},"_links":{"self":[{"href":"https:\/\/roveyayinevi.com.tr\/index.php\/wp-json\/wp\/v2\/product\/702752","targetHints":{"allow":["GET"]}}],"collection":[{"href":"https:\/\/roveyayinevi.com.tr\/index.php\/wp-json\/wp\/v2\/product"}],"about":[{"href":"https:\/\/roveyayinevi.com.tr\/index.php\/wp-json\/wp\/v2\/types\/product"}],"wp:attachment":[{"href":"https:\/\/roveyayinevi.com.tr\/index.php\/wp-json\/wp\/v2\/media?parent=702752"}],"wp:term":[{"taxonomy":"product_brand","embeddable":true,"href":"https:\/\/roveyayinevi.com.tr\/index.php\/wp-json\/wp\/v2\/product_brand?post=702752"},{"taxonomy":"product_cat","embeddable":true,"href":"https:\/\/roveyayinevi.com.tr\/index.php\/wp-json\/wp\/v2\/product_cat?post=702752"},{"taxonomy":"product_tag","embeddable":true,"href":"https:\/\/roveyayinevi.com.tr\/index.php\/wp-json\/wp\/v2\/product_tag?post=702752"}],"curies":[{"name":"wp","href":"https:\/\/api.w.org\/{rel}","templated":true}]}}