{"id":702746,"date":"2025-08-27T15:18:39","date_gmt":"2025-08-27T12:18:39","guid":{"rendered":"https:\/\/roveyayinevi.com.tr\/index.php\/urun\/sinematografik-anlatim\/"},"modified":"2026-04-16T02:11:51","modified_gmt":"2026-04-15T23:11:51","slug":"sinematografik-anlatim","status":"publish","type":"product","link":"https:\/\/roveyayinevi.com.tr\/index.php\/urun\/sinematografik-anlatim\/","title":{"rendered":"Sinematografik Anlat\u0131m"},"content":{"rendered":"<p>\u0130leti\u015fim insan i\u00e7in bir gereksinimdir. Bu gereksinimi kar\u015f\u0131layan mekanizma ise duyu organlar\u0131d\u0131r. \u0130nsan alg\u0131s\u0131 duyu organlar\u0131n\u0131n tepileriyle s\u0131n\u0131rl\u0131d\u0131r. D\u0131\u015f ger\u00e7eklik; ancak duyu organlar\u0131 arac\u0131l\u0131\u011f\u0131yla varolabilmektedir. D\u0131\u015f ger\u00e7ekli\u011fi alg\u0131layan insan; kendi de bir d\u0131\u015f ger\u00e7eklik olan perdedeki g\u00f6r\u00fcnt\u00fcy\u00fc sinematografik alg\u0131ya d\u00f6n\u00fc\u015ft\u00fcr\u00fcr. Sanat ve sinema ili\u015fkilerinde, g\u00f6r\u00fcnt\u00fcn\u00fcn sanatsal bir formasyona d\u00f6n\u00fc\u015ferek, sinematografik alg\u0131y\u0131 olu\u015fturmas\u0131 izleyici k\u00fclt\u00fcr \u00fczerinde belirginle\u015fir. Sessiz d\u00f6nemde \u00f6nemli geli\u015fmeler kaydeden sinematografi, g\u00fcn\u00fcm\u00fczde de anlat\u0131m y\u00f6ntemlerini geli\u015ftirmeye devam etmektedir. Sineman\u0131n \u00fcretim s\u00fcre\u00e7lerinde ya\u015fanan karma\u015fan\u0131n ortadan kald\u0131r\u0131lmas\u0131 i\u00e7in terminoloji birli\u011finin sa\u011flanmas\u0131 \u00f6nemlidir. Olu\u015fum d\u00f6nemindeki yararc\u0131l\u0131k ekseni \u00fczerine kurulu \u00fcretim yap\u0131s\u0131n\u0131 g\u00fcn\u00fcm\u00fczde de a\u015famayan sinema; \u00e7a\u011fda\u015f s\u00f6yleminde hem bu i\u015flevini yads\u0131yor, hem de klasik anlat\u0131m y\u00f6ntemlerinin \u00fcst\u00fcnde yeni bir dil olu\u015fturma \u00e7abas\u0131n\u0131 veriyor. Kitap kapsam\u0131nda, bir yandan sinemada sim\u00fclasyona d\u00f6n\u00fc\u015fen g\u00f6r\u00fcnt\u00fcn\u00fcn ger\u00e7ekli\u011fi sorgulan\u0131rken, di\u011fer yandan daha \u00e7ok sinematografiyi olu\u015fturan nedenler, anlat\u0131 yap\u0131s\u0131 ve sinema dilinin evrimi inceleniyor. <\/p>\n","protected":false},"excerpt":{"rendered":"<p>\u0130leti\u015fim insan i\u00e7in bir gereksinimdir. Bu gereksinimi kar\u015f\u0131layan mekanizma ise duyu organlar\u0131d\u0131r. \u0130nsan alg\u0131s\u0131 duyu organlar\u0131n\u0131n tepileriyle s\u0131n\u0131rl\u0131d\u0131r. D\u0131\u015f ger\u00e7eklik; ancak duyu organlar\u0131 arac\u0131l\u0131\u011f\u0131yla varolabilmektedir. D\u0131\u015f<span class=\"excerpt-hellip\"> [\u2026]<\/span><\/p>\n","protected":false},"featured_media":0,"template":"","meta":{"_monsterinsights_skip_tracking":false,"_monsterinsights_sitenote_active":false,"_monsterinsights_sitenote_note":"","_monsterinsights_sitenote_category":0},"product_brand":[],"product_cat":[12409,12408],"product_tag":[],"class_list":{"0":"post-702746","1":"product","2":"type-product","3":"status-publish","5":"product_cat-fotograf-sinema-tiyatro","6":"product_cat-sanat","7":"pa_tur-kitap","8":"pa_yayinevi-su-yayinevi","9":"pa_yazar-selahattin-yildiz","11":"first","12":"instock","13":"sale","14":"shipping-taxable","15":"purchasable","16":"product-type-simple"},"_links":{"self":[{"href":"https:\/\/roveyayinevi.com.tr\/index.php\/wp-json\/wp\/v2\/product\/702746","targetHints":{"allow":["GET"]}}],"collection":[{"href":"https:\/\/roveyayinevi.com.tr\/index.php\/wp-json\/wp\/v2\/product"}],"about":[{"href":"https:\/\/roveyayinevi.com.tr\/index.php\/wp-json\/wp\/v2\/types\/product"}],"wp:attachment":[{"href":"https:\/\/roveyayinevi.com.tr\/index.php\/wp-json\/wp\/v2\/media?parent=702746"}],"wp:term":[{"taxonomy":"product_brand","embeddable":true,"href":"https:\/\/roveyayinevi.com.tr\/index.php\/wp-json\/wp\/v2\/product_brand?post=702746"},{"taxonomy":"product_cat","embeddable":true,"href":"https:\/\/roveyayinevi.com.tr\/index.php\/wp-json\/wp\/v2\/product_cat?post=702746"},{"taxonomy":"product_tag","embeddable":true,"href":"https:\/\/roveyayinevi.com.tr\/index.php\/wp-json\/wp\/v2\/product_tag?post=702746"}],"curies":[{"name":"wp","href":"https:\/\/api.w.org\/{rel}","templated":true}]}}