{"id":702745,"date":"2025-08-27T15:18:39","date_gmt":"2025-08-27T12:18:39","guid":{"rendered":"https:\/\/roveyayinevi.com.tr\/index.php\/urun\/hashasiler-2\/"},"modified":"2026-04-16T02:11:51","modified_gmt":"2026-04-15T23:11:51","slug":"hashasiler-2","status":"publish","type":"product","link":"https:\/\/roveyayinevi.com.tr\/index.php\/urun\/hashasiler-2\/","title":{"rendered":"Ha\u015fha\u015filer"},"content":{"rendered":"<p>Y\u0131l MS 1204. Kutsal topraklar\u0131 M\u00fcsl\u00fcmanlar\u0131n elinden geri alabilmek i\u00e7in yola \u00e7\u0131kan Ha\u00e7l\u0131 ordusu \u0130stanbul\u2019a geldi\u011finde bir niyet de\u011fi\u015fikli\u011fi ya\u015far. \u0130stanbul\u2019u i\u015fgal ederler. Bunun \u00fczerine \u0130stanbul\u2019u terk etmek zorunda kalan Do\u011fu Roma \/ Bizans y\u00f6netici ailelerinden baz\u0131lar\u0131 Trabzon ve \u0130znik ba\u015fta olmak \u00fczere \u00fclkelerinin \u00e7e\u015fitli b\u00f6lgelerinde yeni yeni devletler\/devlet\u00e7ikler kurup ba\u015flar\u0131na ge\u00e7erler. <\/p>\n","protected":false},"excerpt":{"rendered":"<p>Y\u0131l MS 1204. Kutsal topraklar\u0131 M\u00fcsl\u00fcmanlar\u0131n elinden geri alabilmek i\u00e7in yola \u00e7\u0131kan Ha\u00e7l\u0131 ordusu \u0130stanbul\u2019a geldi\u011finde bir niyet de\u011fi\u015fikli\u011fi ya\u015far. \u0130stanbul\u2019u i\u015fgal ederler. Bunun \u00fczerine \u0130stanbul\u2019u<span class=\"excerpt-hellip\"> [\u2026]<\/span><\/p>\n","protected":false},"featured_media":0,"template":"","meta":{"_monsterinsights_skip_tracking":false,"_monsterinsights_sitenote_active":false,"_monsterinsights_sitenote_note":"","_monsterinsights_sitenote_category":0},"product_brand":[],"product_cat":[12291,12745],"product_tag":[],"class_list":{"0":"post-702745","1":"product","2":"type-product","3":"status-publish","5":"product_cat-edebiyat","6":"product_cat-tarihi-roman","7":"pa_tur-kitap","8":"pa_yayinevi-bilge-kultur-sanat","9":"pa_yazar-tahir-harimi-balcioglu","11":"first","12":"instock","13":"sale","14":"shipping-taxable","15":"purchasable","16":"product-type-simple"},"_links":{"self":[{"href":"https:\/\/roveyayinevi.com.tr\/index.php\/wp-json\/wp\/v2\/product\/702745","targetHints":{"allow":["GET"]}}],"collection":[{"href":"https:\/\/roveyayinevi.com.tr\/index.php\/wp-json\/wp\/v2\/product"}],"about":[{"href":"https:\/\/roveyayinevi.com.tr\/index.php\/wp-json\/wp\/v2\/types\/product"}],"wp:attachment":[{"href":"https:\/\/roveyayinevi.com.tr\/index.php\/wp-json\/wp\/v2\/media?parent=702745"}],"wp:term":[{"taxonomy":"product_brand","embeddable":true,"href":"https:\/\/roveyayinevi.com.tr\/index.php\/wp-json\/wp\/v2\/product_brand?post=702745"},{"taxonomy":"product_cat","embeddable":true,"href":"https:\/\/roveyayinevi.com.tr\/index.php\/wp-json\/wp\/v2\/product_cat?post=702745"},{"taxonomy":"product_tag","embeddable":true,"href":"https:\/\/roveyayinevi.com.tr\/index.php\/wp-json\/wp\/v2\/product_tag?post=702745"}],"curies":[{"name":"wp","href":"https:\/\/api.w.org\/{rel}","templated":true}]}}