{"id":702743,"date":"2025-08-27T15:18:38","date_gmt":"2025-08-27T12:18:38","guid":{"rendered":"https:\/\/roveyayinevi.com.tr\/index.php\/urun\/duygular-ya-da-ruh-halleri\/"},"modified":"2025-08-31T14:23:43","modified_gmt":"2025-08-31T11:23:43","slug":"duygular-ya-da-ruh-halleri","status":"publish","type":"product","link":"https:\/\/roveyayinevi.com.tr\/index.php\/urun\/duygular-ya-da-ruh-halleri\/","title":{"rendered":"Duygular ya da Ruh Halleri"},"content":{"rendered":"<p>\u0130lk defa Latinceden T\u00fcrk\u00e7eye \u00e7evrilen Duygular ya da Ruh Halleri, Descartes\u2019\u0131n Utretch \u00dcniversitesi\u2019nden t\u0131p profes\u00f6r\u00fc Henricus Regius ve Prenses Elisabeth\u2019le mektupla\u015fmalar\u0131 s\u0131ras\u0131nda \u015fekillenmi\u015f, Prenses Elisabeth\u2019in merakl\u0131 soru ve sorgulamalar\u0131yla gitgide geni\u015fleyerek kapsaml\u0131 bir \u00e7al\u0131\u015fmaya d\u00f6n\u00fc\u015fm\u00fc\u015f ve kaleme ald\u0131\u011f\u0131 son eseri olarak d\u00fc\u015f\u00fcnce tarihinde ayr\u0131cal\u0131kl\u0131 bir yer edinmi\u015ftir. \ufffcTan\u0131t\u0131m Metni<\/p>\n","protected":false},"excerpt":{"rendered":"<p>\u0130lk defa Latinceden T\u00fcrk\u00e7eye \u00e7evrilen Duygular ya da Ruh Halleri, Descartes\u2019\u0131n Utretch \u00dcniversitesi\u2019nden t\u0131p profes\u00f6r\u00fc Henricus Regius ve Prenses Elisabeth\u2019le mektupla\u015fmalar\u0131 s\u0131ras\u0131nda \u015fekillenmi\u015f, Prenses Elisabeth\u2019in merakl\u0131<span class=\"excerpt-hellip\"> [\u2026]<\/span><\/p>\n","protected":false},"featured_media":0,"template":"","meta":{"_monsterinsights_skip_tracking":false,"_monsterinsights_sitenote_active":false,"_monsterinsights_sitenote_note":"","_monsterinsights_sitenote_category":0},"product_brand":[],"product_cat":[12388,13555],"product_tag":[],"class_list":{"0":"post-702743","1":"product","2":"type-product","3":"status-publish","5":"product_cat-felsefe","6":"product_cat-genel-felsefe","7":"pa_cilt-ciltsiz","8":"pa_tur-kitap","9":"pa_yayinevi-alfa-yayinlari","10":"pa_yazar-rene-descartes","12":"first","13":"instock","14":"sale","15":"shipping-taxable","16":"purchasable","17":"product-type-simple"},"_links":{"self":[{"href":"https:\/\/roveyayinevi.com.tr\/index.php\/wp-json\/wp\/v2\/product\/702743","targetHints":{"allow":["GET"]}}],"collection":[{"href":"https:\/\/roveyayinevi.com.tr\/index.php\/wp-json\/wp\/v2\/product"}],"about":[{"href":"https:\/\/roveyayinevi.com.tr\/index.php\/wp-json\/wp\/v2\/types\/product"}],"wp:attachment":[{"href":"https:\/\/roveyayinevi.com.tr\/index.php\/wp-json\/wp\/v2\/media?parent=702743"}],"wp:term":[{"taxonomy":"product_brand","embeddable":true,"href":"https:\/\/roveyayinevi.com.tr\/index.php\/wp-json\/wp\/v2\/product_brand?post=702743"},{"taxonomy":"product_cat","embeddable":true,"href":"https:\/\/roveyayinevi.com.tr\/index.php\/wp-json\/wp\/v2\/product_cat?post=702743"},{"taxonomy":"product_tag","embeddable":true,"href":"https:\/\/roveyayinevi.com.tr\/index.php\/wp-json\/wp\/v2\/product_tag?post=702743"}],"curies":[{"name":"wp","href":"https:\/\/api.w.org\/{rel}","templated":true}]}}