{"id":702739,"date":"2025-08-27T15:18:36","date_gmt":"2025-08-27T12:18:36","guid":{"rendered":"https:\/\/roveyayinevi.com.tr\/index.php\/urun\/sultan-vahideddin-han\/"},"modified":"2026-04-16T02:11:50","modified_gmt":"2026-04-15T23:11:50","slug":"sultan-vahideddin-han","status":"publish","type":"product","link":"https:\/\/roveyayinevi.com.tr\/index.php\/urun\/sultan-vahideddin-han\/","title":{"rendered":"Sultan Vahideddin Han"},"content":{"rendered":"<p>Y\u00fcre\u011fi yang\u0131n yeri bir mazlum &#8230; \u00dclkeyi terk etmesi s\u00f6ylendi\u011finde bile hazineye ait hi\u00e7bir \u015feye dokunmayacak kadar namus timsali&#8230; Kendisini, memleketinin siluetinden kopartan Malaya isimli gemiden minareler \u015fehri \u0130stanbul&#8217;a bakarken, Vatan\u0131 zarar g\u00f6rmesin diye bildi\u011fi t\u00fcm hakikatleri unutan ve \u00f6m\u00fcr boyunca da hat\u0131r\u0131na getirmeyen mert insan&#8230; \u00dczerine haciz konmu\u015f tabutu, vefat\u0131ndan 47 g\u00fcn sonra \u015eam&#8217;a g\u00f6t\u00fcr\u00fclen ibretlik mazlum&#8230; <\/p>\n","protected":false},"excerpt":{"rendered":"<p>Y\u00fcre\u011fi yang\u0131n yeri bir mazlum &#8230; \u00dclkeyi terk etmesi s\u00f6ylendi\u011finde bile hazineye ait hi\u00e7bir \u015feye dokunmayacak kadar namus timsali&#8230; Kendisini, memleketinin siluetinden kopartan Malaya isimli gemiden<span class=\"excerpt-hellip\"> [\u2026]<\/span><\/p>\n","protected":false},"featured_media":0,"template":"","meta":{"_monsterinsights_skip_tracking":false,"_monsterinsights_sitenote_active":false,"_monsterinsights_sitenote_note":"","_monsterinsights_sitenote_category":0},"product_brand":[],"product_cat":[13946,12304],"product_tag":[],"class_list":{"0":"post-702739","1":"product","2":"type-product","3":"status-publish","5":"product_cat-biyografi-otobiyografi","6":"product_cat-tarih","7":"pa_cilt-ciltsiz","8":"pa_tur-kitap","9":"pa_yayinevi-profil-kitap","10":"pa_yazar-ahmet-anapali","12":"first","13":"instock","14":"sale","15":"shipping-taxable","16":"purchasable","17":"product-type-simple"},"_links":{"self":[{"href":"https:\/\/roveyayinevi.com.tr\/index.php\/wp-json\/wp\/v2\/product\/702739","targetHints":{"allow":["GET"]}}],"collection":[{"href":"https:\/\/roveyayinevi.com.tr\/index.php\/wp-json\/wp\/v2\/product"}],"about":[{"href":"https:\/\/roveyayinevi.com.tr\/index.php\/wp-json\/wp\/v2\/types\/product"}],"wp:attachment":[{"href":"https:\/\/roveyayinevi.com.tr\/index.php\/wp-json\/wp\/v2\/media?parent=702739"}],"wp:term":[{"taxonomy":"product_brand","embeddable":true,"href":"https:\/\/roveyayinevi.com.tr\/index.php\/wp-json\/wp\/v2\/product_brand?post=702739"},{"taxonomy":"product_cat","embeddable":true,"href":"https:\/\/roveyayinevi.com.tr\/index.php\/wp-json\/wp\/v2\/product_cat?post=702739"},{"taxonomy":"product_tag","embeddable":true,"href":"https:\/\/roveyayinevi.com.tr\/index.php\/wp-json\/wp\/v2\/product_tag?post=702739"}],"curies":[{"name":"wp","href":"https:\/\/api.w.org\/{rel}","templated":true}]}}