{"id":702738,"date":"2025-08-27T15:18:36","date_gmt":"2025-08-27T12:18:36","guid":{"rendered":"https:\/\/roveyayinevi.com.tr\/index.php\/urun\/bir-rol-yaratmak\/"},"modified":"2026-04-16T02:11:50","modified_gmt":"2026-04-15T23:11:50","slug":"bir-rol-yaratmak","status":"publish","type":"product","link":"https:\/\/roveyayinevi.com.tr\/index.php\/urun\/bir-rol-yaratmak\/","title":{"rendered":"Bir Rol Yaratmak"},"content":{"rendered":"<p>Yeni ve Eksiksiz \u00c7evirisiyle Stanislavski \u00dc\u00e7lemesi Tamamland\u0131! Stanislavski\u2019nin oyunculuk \u00fc\u00e7lemesi \u2013Bir Akt\u00f6r Haz\u0131rlan\u0131yor, Bir Karakter Yaratmak ve Bir Rol Yaratmak\u2013 her oyuncunun k\u00fct\u00fcphanesinin ba\u015fk\u00f6\u015fesinde olmal\u0131. Stanislavski, \u00fc\u00e7lemenin son kitab\u0131 Bir Rol Yaratmak\u2019ta, tiyatroda \u00e7\u0131\u011f\u0131r a\u00e7an oyunculuk sisteminin tekniklerini uygulamaya d\u00f6k\u00fcyor ve prova s\u00fcrecini inceliyor. Jean Benedetti, Stanislavski\u2019nin orijinal \u00f6\u011fretilerini, paha bi\u00e7ilmez ek materyallerle ve Stanislavski\u2019nin kendi prova notlar\u0131yla zenginle\u015ftiriyor.  Bug\u00fcne kadar okuyucular ve \u00f6\u011frenciler eksik, yan\u0131lt\u0131c\u0131 ve okumas\u0131 g\u00fc\u00e7 versiyonlarla yetinmek zorunda kald\u0131.  Hatta baz\u0131 yanl\u0131\u015f \u00e7eviriler, sistemin yorumlanmas\u0131 ve \u00f6\u011fretilmesinde belirgin \u00e7arp\u0131kl\u0131klara yol a\u00e7t\u0131. Sonunda, Stanislavski\u2019nin \u00e7al\u0131\u015fmas\u0131 canl\u0131, b\u00fcy\u00fcleyici ve eksiksiz bir metin olarak kar\u015f\u0131n\u0131zda. \u00c7eviride, yazar\u0131n ama\u00e7lar\u0131na sad\u0131k kal\u0131nd\u0131\u011f\u0131 gibi, g\u00fcn\u00fcm\u00fcz\u00fcn oyuncular\u0131n\u0131n anlayabilece\u011fi bir dil kullan\u0131lm\u0131\u015ft\u0131r. Stanislavski \u00fc\u00e7lemesinin yeni ve eksiksiz \u00e7evirisi, 20. y\u00fczy\u0131l\u0131n en b\u00fcy\u00fck yenilik\u00e7ilerinden biri olan Stanislavski\u2019ye bir sayg\u0131 duru\u015fudur.<\/p>\n","protected":false},"excerpt":{"rendered":"<p>Yeni ve Eksiksiz \u00c7evirisiyle Stanislavski \u00dc\u00e7lemesi Tamamland\u0131! Stanislavski\u2019nin oyunculuk \u00fc\u00e7lemesi \u2013Bir Akt\u00f6r Haz\u0131rlan\u0131yor, Bir Karakter Yaratmak ve Bir Rol Yaratmak\u2013 her oyuncunun k\u00fct\u00fcphanesinin ba\u015fk\u00f6\u015fesinde olmal\u0131. Stanislavski,<span class=\"excerpt-hellip\"> [\u2026]<\/span><\/p>\n","protected":false},"featured_media":0,"template":"","meta":{"_monsterinsights_skip_tracking":false,"_monsterinsights_sitenote_active":false,"_monsterinsights_sitenote_note":"","_monsterinsights_sitenote_category":0},"product_brand":[],"product_cat":[12409,12408],"product_tag":[],"class_list":{"0":"post-702738","1":"product","2":"type-product","3":"status-publish","5":"product_cat-fotograf-sinema-tiyatro","6":"product_cat-sanat","7":"pa_cilt-ciltsiz","8":"pa_tur-kitap","9":"pa_yayinevi-alfa-yayinlari","10":"pa_yazar-konstantin-stanislavski","12":"first","13":"instock","14":"sale","15":"shipping-taxable","16":"purchasable","17":"product-type-simple"},"_links":{"self":[{"href":"https:\/\/roveyayinevi.com.tr\/index.php\/wp-json\/wp\/v2\/product\/702738","targetHints":{"allow":["GET"]}}],"collection":[{"href":"https:\/\/roveyayinevi.com.tr\/index.php\/wp-json\/wp\/v2\/product"}],"about":[{"href":"https:\/\/roveyayinevi.com.tr\/index.php\/wp-json\/wp\/v2\/types\/product"}],"wp:attachment":[{"href":"https:\/\/roveyayinevi.com.tr\/index.php\/wp-json\/wp\/v2\/media?parent=702738"}],"wp:term":[{"taxonomy":"product_brand","embeddable":true,"href":"https:\/\/roveyayinevi.com.tr\/index.php\/wp-json\/wp\/v2\/product_brand?post=702738"},{"taxonomy":"product_cat","embeddable":true,"href":"https:\/\/roveyayinevi.com.tr\/index.php\/wp-json\/wp\/v2\/product_cat?post=702738"},{"taxonomy":"product_tag","embeddable":true,"href":"https:\/\/roveyayinevi.com.tr\/index.php\/wp-json\/wp\/v2\/product_tag?post=702738"}],"curies":[{"name":"wp","href":"https:\/\/api.w.org\/{rel}","templated":true}]}}