{"id":702734,"date":"2025-08-27T15:18:34","date_gmt":"2025-08-27T12:18:34","guid":{"rendered":"https:\/\/roveyayinevi.com.tr\/index.php\/urun\/kendine-acacagin-bir-pencere\/"},"modified":"2025-10-08T11:03:08","modified_gmt":"2025-10-08T08:03:08","slug":"kendine-acacagin-bir-pencere","status":"publish","type":"product","link":"https:\/\/roveyayinevi.com.tr\/index.php\/urun\/kendine-acacagin-bir-pencere\/","title":{"rendered":"Kendine A\u00e7aca\u011f\u0131n Bir Pencere"},"content":{"rendered":"<p>A\u011fa\u00e7, a\u011fa\u00e7 olsun diye bir tohumcuk d\u00fc\u015fmeli yere.Bir tohum \u00e7atlay\u0131p a\u00e7\u0131lmadan bir a\u011fa\u00e7 olam\u0131yor.Bir \u015feyler bozulacak elbette.Bir kabuk k\u0131r\u0131lacak.Sonra birileri bir \u015feyler konu\u015facak.\u201cNe?\u201d \u201cTohum, art\u0131k o bildi\u011fimiz tohum de\u011fil, de\u011fi\u015fti\u201d diyecekler\u2026Oysa tohum, a\u011fa\u00e7 olmakla me\u015fguld\u00fcr.A\u011fa\u00e7 olmakta olan tohumlar\u0131 bir \u00e7ubukla d\u00fcrt\u00fcp,\u201cHey ne oluyor sana?\u201d dersek, o sakin sakin, olmas\u0131 gereken a\u011fac\u0131 olabilir mi?B\u0131rak tohum \u00e7atlas\u0131n, i\u00e7inden \u00e7\u0131kan \u00e7\u0131ks\u0131n, kabu\u011fu \u00e7\u00fcr\u00fcy\u00fcp topra\u011fa d\u00fc\u015fs\u00fcn\u2026Varl\u0131\u011f\u0131n i\u00e7in, bir tohum oldu\u011fun i\u00e7in, a\u011fa\u00e7 olmak istedi\u011fin i\u00e7in kimseden \u00f6z\u00fcr dileme.Kendin olmak i\u00e7in, tohum olmak i\u00e7in, a\u011fa\u00e7 olmak i\u00e7in kimseden izin isteme.Kimsenin sana \u201cAferin, iyi d\u00fc\u015f\u00fcnm\u00fc\u015fs\u00fcn\u201d demesini bekleme.Sadece ol\u2026Kimsenin seni al\u0131p daha g\u00fcneyde bir ormana veya \u015fehirde harika bir villan\u0131n bah\u00e7esine ta\u015f\u0131mas\u0131n\u0131 bekleme.Nereye aitsen oray\u0131 bul, orada b\u00fcy\u00fc.Kollar\u0131n\u0131 a\u00e7\u0131p b\u00fcy\u00fcyen yapraklar\u0131nla, kendi topra\u011f\u0131nda, ait hissetti\u011fin yerde\u2026Ve zaman ver.Do\u011fada hi\u00e7bir \u015fey acele etmiyor.Zaman\u0131n bir tohuma dokunan, k\u0131ran, \u00e7atlatan, bekleten, a\u00e7an, tazeleyen, b\u00fcy\u00fcten, bamba\u015fka bir \u015feye d\u00f6n\u00fc\u015ft\u00fcren g\u00fcc\u00fcn\u00fc ancak hayranl\u0131kla izleyebiliriz biz.Do\u011fada yeti\u015fen \u015feylerin hangisi bir gecede b\u00fcy\u00fcyor?Do\u011fan hangi bebek ertesi g\u00fcn y\u00fcr\u00fcyebiliyor? <\/p>\n","protected":false},"excerpt":{"rendered":"<p>A\u011fa\u00e7, a\u011fa\u00e7 olsun diye bir tohumcuk d\u00fc\u015fmeli yere.Bir tohum \u00e7atlay\u0131p a\u00e7\u0131lmadan bir a\u011fa\u00e7 olam\u0131yor.Bir \u015feyler bozulacak elbette.Bir kabuk k\u0131r\u0131lacak.Sonra birileri bir \u015feyler konu\u015facak.\u201cNe?\u201d \u201cTohum, art\u0131k o<span class=\"excerpt-hellip\"> [\u2026]<\/span><\/p>\n","protected":false},"featured_media":0,"template":"","meta":{"_monsterinsights_skip_tracking":false,"_monsterinsights_sitenote_active":false,"_monsterinsights_sitenote_note":"","_monsterinsights_sitenote_category":0},"product_brand":[],"product_cat":[12364,12376],"product_tag":[],"class_list":{"0":"post-702734","1":"product","2":"type-product","3":"status-publish","5":"product_cat-genel-konular","6":"product_cat-kisisel-gelisim","7":"pa_cilt-ciltsiz","8":"pa_tur-kitap","9":"pa_yayinevi-arti-farma","10":"pa_yazar-hilal-karan","12":"first","13":"instock","14":"sale","15":"shipping-taxable","16":"purchasable","17":"product-type-simple"},"_links":{"self":[{"href":"https:\/\/roveyayinevi.com.tr\/index.php\/wp-json\/wp\/v2\/product\/702734","targetHints":{"allow":["GET"]}}],"collection":[{"href":"https:\/\/roveyayinevi.com.tr\/index.php\/wp-json\/wp\/v2\/product"}],"about":[{"href":"https:\/\/roveyayinevi.com.tr\/index.php\/wp-json\/wp\/v2\/types\/product"}],"wp:attachment":[{"href":"https:\/\/roveyayinevi.com.tr\/index.php\/wp-json\/wp\/v2\/media?parent=702734"}],"wp:term":[{"taxonomy":"product_brand","embeddable":true,"href":"https:\/\/roveyayinevi.com.tr\/index.php\/wp-json\/wp\/v2\/product_brand?post=702734"},{"taxonomy":"product_cat","embeddable":true,"href":"https:\/\/roveyayinevi.com.tr\/index.php\/wp-json\/wp\/v2\/product_cat?post=702734"},{"taxonomy":"product_tag","embeddable":true,"href":"https:\/\/roveyayinevi.com.tr\/index.php\/wp-json\/wp\/v2\/product_tag?post=702734"}],"curies":[{"name":"wp","href":"https:\/\/api.w.org\/{rel}","templated":true}]}}