{"id":702731,"date":"2025-08-27T15:18:33","date_gmt":"2025-08-27T12:18:33","guid":{"rendered":"https:\/\/roveyayinevi.com.tr\/index.php\/urun\/ben-bir-agacim\/"},"modified":"2026-04-16T02:11:50","modified_gmt":"2026-04-15T23:11:50","slug":"ben-bir-agacim","status":"publish","type":"product","link":"https:\/\/roveyayinevi.com.tr\/index.php\/urun\/ben-bir-agacim\/","title":{"rendered":"Ben Bir A\u011fac\u0131m"},"content":{"rendered":"<p>Mevl\u00fct&#8217;\u00fcn Ortaokul Y\u0131llar\u0131Herkes i\u00e7in Orhan Pamuk&#8221;Bu kitapta, \u015fimdiye kadar yazd\u0131\u011f\u0131m sayfalardan en kolay anla\u015f\u0131labilir ve en g\u00fc\u00e7l\u00fc olanlar\u0131 se\u00e7meye \u00e7al\u0131\u015ft\u0131m.&#8221;\u00c7ocukluk ve okul hikayeleri ve tarihten sayfalarOrhan Pamuk, di\u011fer kitaplar\u0131ndan bu par\u00e7alar\u0131 kitaba al\u0131rken metinlere dokundu, eski yaz\u0131lar\u0131n\u0131 de\u011fi\u015ftirdi, c\u00fcmleler, paragraflar ekledi, ba\u015fl\u0131klar koydu. Pamuk&#8217;un k\u0131rk y\u0131ll\u0131k yazarl\u0131k hayat\u0131n\u0131n en g\u00fczel sayfalar\u0131ndan yap\u0131lan bu se\u00e7me hem onun yeni ve gen\u00e7 okular\u0131n\u0131n, hemde yazar\u0131n eski takip\u00e7ilerinin ilgisini \u00e7ekecek.&#8221;Kitab\u0131n kalbinde, hakk\u0131nda hayaller kurmaktan ho\u015fland\u0131\u011f\u0131m iki konu var. Tarihin esrarl\u0131 y\u00fcz\u00fc \u00e7ocukluk ve \u00f6\u011frencilik y\u0131llar\u0131n\u0131n hat\u0131ralar\u0131. Romanlar\u0131mda ve d\u00fczyaz\u0131lar\u0131mda bu iki kayna\u011fa hep geri d\u00f6nd\u00fcm. Her seferinde de iki konunun kafamda i\u00e7 i\u00e7e ge\u00e7ti\u011fini hissettim. Yani: Tarihin \u00e7ocuksu yan\u0131 ile \u00e7ocuklu\u011fun tarihsel yan\u0131.&#8221;Hi\u00e7 yay\u0131mlanmam\u0131\u015f bir hikayeBen Bir A\u011fac\u0131m&#8217;da Pamuk, Osmanl\u0131 zaman\u0131n\u0131n bir cellad\u0131n\u0131, bir padi\u015fah\u0131n k\u0131skan\u00e7l\u0131\u011f\u0131n\u0131 anlat\u0131yor, bir a\u011fac\u0131, bir resmi konu\u015fturuyor ve kendi \u00e7ocukluk, gen\u00e7lik ve okul hat\u0131ralar\u0131n\u0131 hik\u00e2ye ediyor. Pamuk&#8217;un yeni roman\u0131 Kafamda Bir Tuhafl\u0131k&#8217;\u0131n kahraman\u0131 Mevlut Karata\u015f&#8217;\u0131n ortaokul y\u0131llar\u0131n\u0131n hik\u00e2yesiyle&#8230;<\/p>\n","protected":false},"excerpt":{"rendered":"<p>Mevl\u00fct&#8217;\u00fcn Ortaokul Y\u0131llar\u0131Herkes i\u00e7in Orhan Pamuk&#8221;Bu kitapta, \u015fimdiye kadar yazd\u0131\u011f\u0131m sayfalardan en kolay anla\u015f\u0131labilir ve en g\u00fc\u00e7l\u00fc olanlar\u0131 se\u00e7meye \u00e7al\u0131\u015ft\u0131m.&#8221;\u00c7ocukluk ve okul hikayeleri ve tarihten sayfalarOrhan<span class=\"excerpt-hellip\"> [\u2026]<\/span><\/p>\n","protected":false},"featured_media":0,"template":"","meta":{"_monsterinsights_skip_tracking":false,"_monsterinsights_sitenote_active":false,"_monsterinsights_sitenote_note":"","_monsterinsights_sitenote_category":0},"product_brand":[],"product_cat":[12291,12292],"product_tag":[],"class_list":{"0":"post-702731","1":"product","2":"type-product","3":"status-publish","5":"product_cat-edebiyat","6":"product_cat-turk-edebiyati","7":"pa_cilt-ciltsiz","8":"pa_tur-kitap","9":"pa_yayinevi-yapi-kredi-yayinlari","10":"pa_yazar-orhan-pamuk","12":"first","13":"instock","14":"sale","15":"shipping-taxable","16":"purchasable","17":"product-type-simple"},"_links":{"self":[{"href":"https:\/\/roveyayinevi.com.tr\/index.php\/wp-json\/wp\/v2\/product\/702731","targetHints":{"allow":["GET"]}}],"collection":[{"href":"https:\/\/roveyayinevi.com.tr\/index.php\/wp-json\/wp\/v2\/product"}],"about":[{"href":"https:\/\/roveyayinevi.com.tr\/index.php\/wp-json\/wp\/v2\/types\/product"}],"wp:attachment":[{"href":"https:\/\/roveyayinevi.com.tr\/index.php\/wp-json\/wp\/v2\/media?parent=702731"}],"wp:term":[{"taxonomy":"product_brand","embeddable":true,"href":"https:\/\/roveyayinevi.com.tr\/index.php\/wp-json\/wp\/v2\/product_brand?post=702731"},{"taxonomy":"product_cat","embeddable":true,"href":"https:\/\/roveyayinevi.com.tr\/index.php\/wp-json\/wp\/v2\/product_cat?post=702731"},{"taxonomy":"product_tag","embeddable":true,"href":"https:\/\/roveyayinevi.com.tr\/index.php\/wp-json\/wp\/v2\/product_tag?post=702731"}],"curies":[{"name":"wp","href":"https:\/\/api.w.org\/{rel}","templated":true}]}}